

{"id":3464,"date":"2024-12-19T08:58:01","date_gmt":"2024-12-18T23:58:01","guid":{"rendered":"https:\/\/casino-worker.com\/?page_id=3464"},"modified":"2025-01-04T11:39:36","modified_gmt":"2025-01-04T02:39:36","slug":"privacy-policy","status":"publish","type":"page","link":"https:\/\/casino-worker.com\/az\/privacy-policy\/","title":{"rendered":"Privacy policy &#8211; Azarbaijan"},"content":{"rendered":"\n<h1 class=\"wp-block-heading\">M\u0259xfilik Siyas\u0259ti<\/h1>\n\n\n\n<p>Biz istifad\u0259\u00e7il\u0259rimizin m\u0259xfiliyini prioritet olaraq q\u0259bul edir v\u0259 \u015f\u0259xsi m\u0259lumatlar\u0131 <strong>AB GDPR<\/strong> (\u00dcmumi M\u0259lumatlar\u0131n Qorunmas\u0131 Qaydalar\u0131) t\u0259l\u0259bl\u0259rin\u0259 uy\u011fun olaraq idar\u0259 edirik. A\u015fa\u011f\u0131da sayt\u0131m\u0131zda m\u0259lumatlar\u0131n toplanmas\u0131, istifad\u0259si v\u0259 saxlanmas\u0131 il\u0259 ba\u011fl\u0131 t\u0259cr\u00fcb\u0259l\u0259rimiz\u0259 dair m\u0259lumat veririk.<\/p>\n\n\n\n<h3 class=\"wp-block-heading\">Haqq\u0131m\u0131zda<\/h3>\n\n\n\n<p>Sayt\u0131m\u0131z\u0131n \u00fcnvan\u0131 <strong><a href=\"http:\/\/casino-worker.com\">http:\/\/casino-worker.com<\/a><\/strong>. M\u0259xfilik siyas\u0259timizl\u0259 ba\u011fl\u0131 suallar\u0131n\u0131z varsa, z\u0259hm\u0259t olmasa \u0259laq\u0259 formu vasit\u0259sil\u0259 biziml\u0259 \u0259laq\u0259 saxlay\u0131n.<\/p>\n\n\n\n<h3 class=\"wp-block-heading\">\u015e\u0259rhl\u0259r<\/h3>\n\n\n\n<p>Ziyar\u0259t\u00e7il\u0259r \u015f\u0259rh yazark\u0259n, \u015f\u0259rh formuna daxil edilmi\u015f m\u0259lumatlar, <strong>IP \u00fcnvan\u0131<\/strong> v\u0259 <strong>brauzer m\u0259lumatlar\u0131<\/strong> toplan\u0131r. Bu m\u0259lumatlar spam a\u015fkarlanmas\u0131 v\u0259 \u015f\u0259rhl\u0259rin t\u0259sdiql\u0259nm\u0259si \u00fc\u00e7\u00fcn istifad\u0259 olunur. \u018fg\u0259r istifad\u0259\u00e7i Gravatar-dan istifad\u0259 edirs\u0259, profil \u015f\u0259kli \u015f\u0259rhl\u0259 birlikd\u0259 g\u00f6r\u00fcn\u0259 bil\u0259r.<\/p>\n\n\n\n<h3 class=\"wp-block-heading\">Cookie-l\u0259r<\/h3>\n\n\n\n<p>Sayt\u0131m\u0131z istifad\u0259\u00e7il\u0259rin rahatl\u0131\u011f\u0131n\u0131 art\u0131rmaq \u00fc\u00e7\u00fcn b\u0259zi <strong>cookie-l\u0259rd\u0259n<\/strong> istifad\u0259 edir.<\/p>\n\n\n\n<ul class=\"wp-block-list\">\n<li>Giri\u015f m\u0259lumatlar\u0131 m\u00fcv\u0259qq\u0259ti olaraq cookie-l\u0259rd\u0259 saxlan\u0131r v\u0259 brauzer ba\u011fland\u0131qda silinir.<\/li>\n<\/ul>\n\n\n\n<h3 class=\"wp-block-heading\">Dig\u0259r Saytlardan G\u00f6m\u00fclm\u00fc\u015f M\u0259zmun<\/h3>\n\n\n\n<p>Sayt\u0131m\u0131zdak\u0131 m\u0259qal\u0259l\u0259r dig\u0259r saytlardan g\u00f6m\u00fclm\u00fc\u015f m\u0259zmun (m\u0259s\u0259l\u0259n, videolar, \u015f\u0259kill\u0259r, yaz\u0131lar) ehtiva ed\u0259 bil\u0259r. G\u00f6m\u00fclm\u00fc\u015f m\u0259zmun ziyar\u0259t\u00e7inin h\u0259min sayt\u0131 birba\u015fa ziyar\u0259t etdiyi kimi davran\u0131r, y\u0259ni m\u0259lumat toplanmas\u0131, cookie istifad\u0259si v\u0259 izl\u0259m\u0259 ba\u015f ver\u0259 bil\u0259r.<\/p>\n\n\n\n<h3 class=\"wp-block-heading\">M\u0259lumatlar\u0131n Payla\u015f\u0131lmas\u0131<\/h3>\n\n\n\n<p>Ziyar\u0259t\u00e7il\u0259rin \u015f\u0259rhl\u0259ri avtomatla\u015fd\u0131r\u0131lm\u0131\u015f spam a\u015fkarlanmas\u0131 xidm\u0259ti vasit\u0259sil\u0259 yoxlan\u0131la bil\u0259r.<\/p>\n\n\n\n<h3 class=\"wp-block-heading\">GDPR-\u0259 Uy\u011fun M\u0259lumatlar\u0131n Qorunmas\u0131 Siyas\u0259ti<\/h3>\n\n\n\n<p>AB \u0259razisind\u0259 ya\u015fayan istifad\u0259\u00e7il\u0259rin \u015f\u0259xsi m\u0259lumatlar\u0131 GDPR t\u0259l\u0259bl\u0259rin\u0259 uy\u011fun \u015f\u0259kild\u0259 idar\u0259 olunur v\u0259 laz\u0131m olduqda m\u0259lumatlara bax\u0131\u015f, d\u00fcz\u0259li\u015f v\u0259 silm\u0259 sor\u011fular\u0131na cavab verilir.<\/p>\n","protected":false},"excerpt":{"rendered":"<p>M\u0259xfilik Siyas\u0259ti Biz istifad\u0259\u00e7il\u0259rimizin m\u0259xfiliyini prioritet olaraq q\u0259bul edir v\u0259 \u015f\u0259xsi m\u0259lumatlar\u0131 AB GDPR (\u00dcmumi M\u0259lumatlar\u0131n Qorunmas\u0131 Qaydalar\u0131) t\u0259l\u0259bl\u0259rin\u0259 uy\u011fun olaraq idar\u0259 edirik. A\u015fa\u011f\u0131da sayt\u0131m\u0131zda m\u0259lumatlar\u0131n toplanmas\u0131, istifad\u0259si v\u0259 saxlanmas\u0131 il\u0259 ba\u011fl\u0131 t\u0259cr\u00fcb\u0259l\u0259rimiz\u0259 dair m\u0259lumat veririk. Haqq\u0131m\u0131zda Sayt\u0131m\u0131z\u0131n \u00fcnvan\u0131 http:\/\/casino-worker.com. M\u0259xfilik siyas\u0259timizl\u0259 ba\u011fl\u0131 suallar\u0131n\u0131z varsa, z\u0259hm\u0259t olmasa \u0259laq\u0259 formu vasit\u0259sil\u0259 biziml\u0259 \u0259laq\u0259 saxlay\u0131n. \u015e\u0259rhl\u0259r Ziyar\u0259t\u00e7il\u0259r&#8230;<\/p>\n","protected":false},"author":2,"featured_media":4219,"parent":0,"menu_order":0,"comment_status":"closed","ping_status":"closed","template":"page-wide.php","meta":{"_locale":"az","_original_post":"http:\/\/casino-worker.com\/?page_id=1909","footnotes":""},"tags":[],"class_list":{"0":"post-3464","1":"page","2":"type-page","3":"status-publish","4":"has-post-thumbnail","6":"az","7":"article"},"_links":{"self":[{"href":"https:\/\/casino-worker.com\/wp-json\/wp\/v2\/pages\/3464","targetHints":{"allow":["GET"]}}],"collection":[{"href":"https:\/\/casino-worker.com\/wp-json\/wp\/v2\/pages"}],"about":[{"href":"https:\/\/casino-worker.com\/wp-json\/wp\/v2\/types\/page"}],"author":[{"embeddable":true,"href":"https:\/\/casino-worker.com\/wp-json\/wp\/v2\/users\/2"}],"replies":[{"embeddable":true,"href":"https:\/\/casino-worker.com\/wp-json\/wp\/v2\/comments?post=3464"}],"version-history":[{"count":0,"href":"https:\/\/casino-worker.com\/wp-json\/wp\/v2\/pages\/3464\/revisions"}],"wp:featuredmedia":[{"embeddable":true,"href":"https:\/\/casino-worker.com\/wp-json\/wp\/v2\/media\/4219"}],"wp:attachment":[{"href":"https:\/\/casino-worker.com\/wp-json\/wp\/v2\/media?parent=3464"}],"wp:term":[{"taxonomy":"post_tag","embeddable":true,"href":"https:\/\/casino-worker.com\/wp-json\/wp\/v2\/tags?post=3464"}],"curies":[{"name":"wp","href":"https:\/\/api.w.org\/{rel}","templated":true}]}}