

{"id":4247,"date":"2025-01-04T14:14:25","date_gmt":"2025-01-04T05:14:25","guid":{"rendered":"https:\/\/casino-worker.com\/?page_id=4247"},"modified":"2025-01-06T09:55:10","modified_gmt":"2025-01-06T00:55:10","slug":"privacy-policy-2","status":"publish","type":"page","link":"https:\/\/casino-worker.com\/cs\/privacy-policy-2\/","title":{"rendered":"Privacy Policy &#8211; \u010ce\u0161tina"},"content":{"rendered":"\n<h1 class=\"wp-block-heading\"><strong>Z\u00e1sady ochrany osobn\u00edch \u00fadaj\u016f<\/strong><\/h1>\n\n\n\n<p>Up\u0159ednost\u0148ujeme soukrom\u00ed na\u0161ich u\u017eivatel\u016f a zpracov\u00e1v\u00e1me osobn\u00ed \u00fadaje v souladu s na\u0159\u00edzen\u00edm EU GDPR (Obecn\u00e9 na\u0159\u00edzen\u00ed o ochran\u011b osobn\u00edch \u00fadaj\u016f). N\u00ed\u017ee je uveden p\u0159ehled na\u0161ich postup\u016f t\u00fdkaj\u00edc\u00edch se sb\u011bru, pou\u017e\u00edv\u00e1n\u00ed a ukl\u00e1d\u00e1n\u00ed dat na na\u0161ich webov\u00fdch str\u00e1nk\u00e1ch.<\/p>\n\n\n\n<h2 class=\"wp-block-heading\"><strong>O n\u00e1s<\/strong><\/h2>\n\n\n\n<p>Adresa na\u0161eho webu je <a href=\"http:\/\/casino-worker.com\">http:\/\/casino-worker.com<\/a>. Pokud m\u00e1te jak\u00e9koli dotazy t\u00fdkaj\u00edc\u00ed se na\u0161ich z\u00e1sad ochrany osobn\u00edch \u00fadaj\u016f, nev\u00e1hejte n\u00e1s kontaktovat prost\u0159ednictv\u00edm na\u0161eho dotazovac\u00edho formul\u00e1\u0159e.<\/p>\n\n\n\n<h2 class=\"wp-block-heading\"><strong>Koment\u00e1\u0159e<\/strong><\/h2>\n\n\n\n<p>Kdy\u017e n\u00e1v\u0161t\u011bvn\u00edci zanechaj\u00ed koment\u00e1\u0159, shroma\u017e\u010fujeme data zadan\u00e1 do formul\u00e1\u0159e koment\u00e1\u0159\u016f spolu s IP adresou a informacemi o prohl\u00ed\u017ee\u010di. Tato data se pou\u017e\u00edvaj\u00ed pro detekci spamu a schvalov\u00e1n\u00ed koment\u00e1\u0159\u016f. Pokud m\u00e1 u\u017eivatel povolen Gravatar, jeho profilov\u00fd obr\u00e1zek m\u016f\u017ee b\u00fdt zobrazen vedle jeho koment\u00e1\u0159e.<\/p>\n\n\n\n<h2 class=\"wp-block-heading\"><strong>Cookies<\/strong><\/h2>\n\n\n\n<p>Na\u0161e webov\u00e9 str\u00e1nky pou\u017e\u00edvaj\u00ed cookies pro zv\u00fd\u0161en\u00ed pohodl\u00ed u\u017eivatel\u016f.<\/p>\n\n\n\n<p>P\u0159ihla\u0161ovac\u00ed informace jsou do\u010dasn\u011b ulo\u017eeny v cookies a jsou smaz\u00e1ny po zav\u0159en\u00ed prohl\u00ed\u017ee\u010de.<\/p>\n\n\n\n<h2 class=\"wp-block-heading\"><strong>Vlo\u017een\u00fd obsah z jin\u00fdch web\u016f<\/strong><\/h2>\n\n\n\n<p>\u010cl\u00e1nky na na\u0161em webu mohou obsahovat vlo\u017een\u00fd obsah z jin\u00fdch web\u016f (nap\u0159. videa, obr\u00e1zky, p\u0159\u00edsp\u011bvky). Vlo\u017een\u00fd obsah se chov\u00e1 stejn\u011b, jako kdyby n\u00e1v\u0161t\u011bvn\u00edk byl na extern\u00edm webu, co\u017e znamen\u00e1, \u017ee m\u016f\u017ee doj\u00edt ke sb\u011bru dat, cookies a sledov\u00e1n\u00ed.<\/p>\n\n\n\n<h2 class=\"wp-block-heading\"><strong>Sd\u00edlen\u00ed dat<\/strong><\/h2>\n\n\n\n<p>Koment\u00e1\u0159e n\u00e1v\u0161t\u011bvn\u00edk\u016f mohou b\u00fdt kontrolov\u00e1ny pomoc\u00ed automatizovan\u00e9 slu\u017eby detekce spamu.<\/p>\n\n\n\n<h2 class=\"wp-block-heading\"><strong>Z\u00e1sady ochrany dat v souladu s GDPR<\/strong><\/h2>\n\n\n\n<p>Pro u\u017eivatele \u017eij\u00edc\u00ed v EU jsou osobn\u00ed \u00fadaje zpracov\u00e1v\u00e1ny v souladu s po\u017eadavky GDPR a na po\u017e\u00e1d\u00e1n\u00ed poskytneme p\u0159\u00edstup, opravu a vymaz\u00e1n\u00ed dat, pokud je to pot\u0159eba.<\/p>\n","protected":false},"excerpt":{"rendered":"<p>Z\u00e1sady ochrany osobn\u00edch \u00fadaj\u016f Up\u0159ednost\u0148ujeme soukrom\u00ed na\u0161ich u\u017eivatel\u016f a zpracov\u00e1v\u00e1me osobn\u00ed \u00fadaje v souladu s na\u0159\u00edzen\u00edm EU GDPR (Obecn\u00e9 na\u0159\u00edzen\u00ed o ochran\u011b osobn\u00edch \u00fadaj\u016f). N\u00ed\u017ee je uveden p\u0159ehled na\u0161ich postup\u016f t\u00fdkaj\u00edc\u00edch se sb\u011bru, pou\u017e\u00edv\u00e1n\u00ed a ukl\u00e1d\u00e1n\u00ed dat na na\u0161ich webov\u00fdch str\u00e1nk\u00e1ch. O n\u00e1s Adresa na\u0161eho webu je http:\/\/casino-worker.com. Pokud m\u00e1te jak\u00e9koli dotazy t\u00fdkaj\u00edc\u00ed se na\u0161ich&#8230;<\/p>\n","protected":false},"author":2,"featured_media":4219,"parent":0,"menu_order":0,"comment_status":"closed","ping_status":"closed","template":"page-wide.php","meta":{"_locale":"cs_CZ","_original_post":"http:\/\/casino-worker.com\/?page_id=1909","footnotes":""},"tags":[306],"class_list":{"0":"post-4247","1":"page","2":"type-page","3":"status-publish","4":"has-post-thumbnail","6":"tag-cs","7":"cs-CZ","8":"article"},"_links":{"self":[{"href":"https:\/\/casino-worker.com\/wp-json\/wp\/v2\/pages\/4247","targetHints":{"allow":["GET"]}}],"collection":[{"href":"https:\/\/casino-worker.com\/wp-json\/wp\/v2\/pages"}],"about":[{"href":"https:\/\/casino-worker.com\/wp-json\/wp\/v2\/types\/page"}],"author":[{"embeddable":true,"href":"https:\/\/casino-worker.com\/wp-json\/wp\/v2\/users\/2"}],"replies":[{"embeddable":true,"href":"https:\/\/casino-worker.com\/wp-json\/wp\/v2\/comments?post=4247"}],"version-history":[{"count":0,"href":"https:\/\/casino-worker.com\/wp-json\/wp\/v2\/pages\/4247\/revisions"}],"wp:featuredmedia":[{"embeddable":true,"href":"https:\/\/casino-worker.com\/wp-json\/wp\/v2\/media\/4219"}],"wp:attachment":[{"href":"https:\/\/casino-worker.com\/wp-json\/wp\/v2\/media?parent=4247"}],"wp:term":[{"taxonomy":"post_tag","embeddable":true,"href":"https:\/\/casino-worker.com\/wp-json\/wp\/v2\/tags?post=4247"}],"curies":[{"name":"wp","href":"https:\/\/api.w.org\/{rel}","templated":true}]}}