

{"id":5730,"date":"2025-01-27T07:26:13","date_gmt":"2025-01-27T06:26:13","guid":{"rendered":"https:\/\/casino-worker.com\/?page_id=5730"},"modified":"2025-01-27T07:26:14","modified_gmt":"2025-01-27T06:26:14","slug":"site-map","status":"publish","type":"page","link":"https:\/\/casino-worker.com\/cs\/site-map\/","title":{"rendered":"Sitemap"},"content":{"rendered":"<div id=\"simple-sitemap-container-6a08bcbbc9707\" class=\"simple-sitemap-container simple-sitemap-container-6a08bcbbc9707\"><div class=\"simple-sitemap-wrap aml\"><h3 class=\"term-tag\">AML<\/h3><ul class=\"simple-sitemap-post main\"><li class=\"sitemap-item\"><a href=\"https:\/\/casino-worker.com\/cs\/kyc\/\">Co je KYC (Know Your Customer)?<\/a><\/li><\/ul><\/div><div class=\"simple-sitemap-wrap baricata\"><h3 class=\"term-tag\">Baricata<\/h3><p class=\"no-posts\">Sorry, no p\u0159\u00edsp\u011bvky found.<\/p><\/div><div class=\"simple-sitemap-wrap bgaming\"><h3 class=\"term-tag\">BGAMING<\/h3><p class=\"no-posts\">Sorry, no p\u0159\u00edsp\u011bvky found.<\/p><\/div><div class=\"simple-sitemap-wrap big-time-gaming\"><h3 class=\"term-tag\">Big Time Gaming<\/h3><p class=\"no-posts\">Sorry, no p\u0159\u00edsp\u011bvky found.<\/p><\/div><div class=\"simple-sitemap-wrap casino\"><h3 class=\"term-tag\">Casino<\/h3><ul class=\"simple-sitemap-post main\"><li class=\"sitemap-item\"><a href=\"https:\/\/casino-worker.com\/cs\/vega-wallet\/\">\u3010Podrobn\u00e1 anal\u00fdza\u3011Co je to \u201eVega Wallet\u201c? Kompletn\u00ed p\u0159edstaven\u00ed funkc\u00ed a pou\u017eit\u00ed<\/a><\/li><li class=\"sitemap-item\"><a href=\"https:\/\/casino-worker.com\/cs\/casino-licence\/\">Co je licence online kasina?<\/a><\/li><li class=\"sitemap-item\"><a href=\"https:\/\/casino-worker.com\/cs\/muchbetter\/\">Co je MuchBetter? Hloubkov\u00e1 anal\u00fdza inovativn\u00ed online platebn\u00ed slu\u017eby<\/a><\/li><li class=\"sitemap-item\"><a href=\"https:\/\/casino-worker.com\/cs\/payz\/\">Co je Payz (d\u0159\u00edve ecoPayz)?<\/a><\/li><li class=\"sitemap-item\"><a href=\"https:\/\/casino-worker.com\/cs\/sticpay\/\">Co je Sticpay?: Platebn\u00ed metoda pro online kasina<\/a><\/li><li class=\"sitemap-item\"><a href=\"https:\/\/casino-worker.com\/cs\/candy-island-princess\/\">Hrajte Candy Island Princess zdarma!<\/a><\/li><li class=\"sitemap-item\"><a href=\"https:\/\/casino-worker.com\/cs\/double-rainbow\/\">Hrajte Double Rainbow zdarma!<\/a><\/li><li class=\"sitemap-item\"><a href=\"https:\/\/casino-worker.com\/cs\/wild-beach-party\/\">Hrajte Wild Beach Party Zdarma!<\/a><\/li><li class=\"sitemap-item\"><a href=\"https:\/\/casino-worker.com\/cs\/how-to-start\/\">Jak za\u010d\u00edt s online kasiny (onkaji) a jak se registrovat | Kompletn\u00ed pr\u016fvodce pro za\u010d\u00e1te\u010dn\u00edky<\/a><\/li><\/ul><\/div><div class=\"simple-sitemap-wrap casino-brand\"><h3 class=\"term-tag\">Casino Brand<\/h3><p class=\"no-posts\">Sorry, no p\u0159\u00edsp\u011bvky found.<\/p><\/div><div class=\"simple-sitemap-wrap column\"><h3 class=\"term-tag\">Column<\/h3><ul class=\"simple-sitemap-post main\"><li class=\"sitemap-item\"><a href=\"https:\/\/casino-worker.com\/cs\/casino-licence\/\">Co je licence online kasina?<\/a><\/li><li class=\"sitemap-item\"><a href=\"https:\/\/casino-worker.com\/cs\/how-to-choose-a-good-online-casino\/\">Jak vybrat dobr\u00e9 online kasino: 10 krit\u00e9ri\u00ed s d\u016frazem na d\u016fv\u011bryhodnost a pohodl\u00ed<\/a><\/li><li class=\"sitemap-item\"><a href=\"https:\/\/casino-worker.com\/cs\/fifa-2026\/\">Mistrovstv\u00ed sv\u011bta ve fotbale 2026: Nejv\u011bt\u0161\u00ed fotbalov\u00e1 ud\u00e1lost v Severn\u00ed Americe<\/a><\/li><li class=\"sitemap-item\"><a href=\"https:\/\/casino-worker.com\/cs\/casino-strategy\/\">Nejlep\u0161\u00ed strategie pro online kasina: Komplexn\u00ed pr\u016fvodce pro v\u00edt\u011bzstv\u00ed<\/a><\/li><li class=\"sitemap-item\"><a href=\"https:\/\/casino-worker.com\/cs\/about-us\/\">O na\u0161em webu \u201eCasino Worker\u201c<\/a><\/li><li class=\"sitemap-item\"><a href=\"https:\/\/casino-worker.com\/cs\/esports\/\">Vysv\u011btlen\u00ed eSports pr\u016fmyslu<\/a><\/li><\/ul><\/div><div class=\"simple-sitemap-wrap crypto\"><h3 class=\"term-tag\">Crypto<\/h3><ul class=\"simple-sitemap-post main\"><li class=\"sitemap-item\"><a href=\"https:\/\/casino-worker.com\/cs\/bitcoin\/\">Co je to Bitcoin? Komplexn\u00ed vysv\u011btlen\u00ed od z\u00e1klad\u016f a\u017e po praktick\u00e9 pou\u017eit\u00ed<\/a><\/li><li class=\"sitemap-item\"><a href=\"https:\/\/casino-worker.com\/cs\/ethereum\/\">Ethereum: Kompletn\u00ed pr\u016fvodce od z\u00e1klad\u016f po budoucnost<\/a><\/li><\/ul><\/div><div class=\"simple-sitemap-wrap free-casino-games\"><h3 class=\"term-tag\">Free Casino Games<\/h3><ul class=\"simple-sitemap-post main\"><li class=\"sitemap-item\"><a href=\"https:\/\/casino-worker.com\/cs\/candy-island-princess\/\">Hrajte Candy Island Princess zdarma!<\/a><\/li><li class=\"sitemap-item\"><a href=\"https:\/\/casino-worker.com\/cs\/double-rainbow\/\">Hrajte Double Rainbow zdarma!<\/a><\/li><li class=\"sitemap-item\"><a href=\"https:\/\/casino-worker.com\/cs\/wild-beach-party\/\">Hrajte Wild Beach Party Zdarma!<\/a><\/li><\/ul><\/div><div class=\"simple-sitemap-wrap golden-hero\"><h3 class=\"term-tag\">Golden Hero<\/h3><p class=\"no-posts\">Sorry, no p\u0159\u00edsp\u011bvky found.<\/p><\/div><div class=\"simple-sitemap-wrap hacksaw-gaming\"><h3 class=\"term-tag\">Hacksaw Gaming<\/h3><ul class=\"simple-sitemap-post main\"><li class=\"sitemap-item\"><a href=\"https:\/\/casino-worker.com\/cs\/double-rainbow\/\">Hrajte Double Rainbow zdarma!<\/a><\/li><\/ul><\/div><div class=\"simple-sitemap-wrap manna-play\"><h3 class=\"term-tag\">Manna Play<\/h3><p class=\"no-posts\">Sorry, no p\u0159\u00edsp\u011bvky found.<\/p><\/div><div class=\"simple-sitemap-wrap naga-games\"><h3 class=\"term-tag\">Naga Games<\/h3><p class=\"no-posts\">Sorry, no p\u0159\u00edsp\u011bvky found.<\/p><\/div><div class=\"simple-sitemap-wrap netent\"><h3 class=\"term-tag\">NetEnt<\/h3><p class=\"no-posts\">Sorry, no p\u0159\u00edsp\u011bvky found.<\/p><\/div><div class=\"simple-sitemap-wrap news\"><h3 class=\"term-tag\">News<\/h3><ul class=\"simple-sitemap-post main\"><li class=\"sitemap-item\"><a href=\"https:\/\/casino-worker.com\/cs\/ai-casino-dealer\/\">AI Casino Dealer: Nov\u00e1 \u00e9ra v online kasinov\u00e9m pr\u016fmyslu<\/a><\/li><li class=\"sitemap-item\"><a href=\"https:\/\/casino-worker.com\/cs\/thai-landcasino-bills\/\">Nejnov\u011bj\u0161\u00ed v\u00fdvoj kasin v Thajsku \u2013 Diskuse o \u201eomezen\u00ed pro bohat\u00e9\u201c mezi m\u00edstn\u00edmi hr\u00e1\u010di<\/a><\/li><\/ul><\/div><div class=\"simple-sitemap-wrap nolimit-city\"><h3 class=\"term-tag\">Nolimit City<\/h3><p class=\"no-posts\">Sorry, no p\u0159\u00edsp\u011bvky found.<\/p><\/div><div class=\"simple-sitemap-wrap payment\"><h3 class=\"term-tag\">Payment<\/h3><ul class=\"simple-sitemap-post main\"><li class=\"sitemap-item\"><a href=\"https:\/\/casino-worker.com\/cs\/vega-wallet\/\">\u3010Podrobn\u00e1 anal\u00fdza\u3011Co je to \u201eVega Wallet\u201c? Kompletn\u00ed p\u0159edstaven\u00ed funkc\u00ed a pou\u017eit\u00ed<\/a><\/li><li class=\"sitemap-item\"><a href=\"https:\/\/casino-worker.com\/cs\/muchbetter\/\">Co je MuchBetter? Hloubkov\u00e1 anal\u00fdza inovativn\u00ed online platebn\u00ed slu\u017eby<\/a><\/li><li class=\"sitemap-item\"><a href=\"https:\/\/casino-worker.com\/cs\/payz\/\">Co je Payz (d\u0159\u00edve ecoPayz)?<\/a><\/li><li class=\"sitemap-item\"><a href=\"https:\/\/casino-worker.com\/cs\/sticpay\/\">Co je Sticpay?: Platebn\u00ed metoda pro online kasina<\/a><\/li><\/ul><\/div><div class=\"simple-sitemap-wrap playn-go\"><h3 class=\"term-tag\">Playn Go<\/h3><ul class=\"simple-sitemap-post main\"><li class=\"sitemap-item\"><a href=\"https:\/\/casino-worker.com\/cs\/candy-island-princess\/\">Hrajte Candy Island Princess zdarma!<\/a><\/li><\/ul><\/div><div class=\"simple-sitemap-wrap playtech\"><h3 class=\"term-tag\">Playtech<\/h3><p class=\"no-posts\">Sorry, no p\u0159\u00edsp\u011bvky found.<\/p><\/div><div class=\"simple-sitemap-wrap pragmatic-play\"><h3 class=\"term-tag\">Pragmatic Play<\/h3><ul class=\"simple-sitemap-post main\"><li class=\"sitemap-item\"><a href=\"https:\/\/casino-worker.com\/cs\/wild-beach-party\/\">Hrajte Wild Beach Party Zdarma!<\/a><\/li><\/ul><\/div><div class=\"simple-sitemap-wrap push%e2%80%90gaming\"><h3 class=\"term-tag\">Push Gaming<\/h3><p class=\"no-posts\">Sorry, no p\u0159\u00edsp\u011bvky found.<\/p><\/div><div class=\"simple-sitemap-wrap red-tiger-gaming\"><h3 class=\"term-tag\">Red Tiger Gaming<\/h3><p class=\"no-posts\">Sorry, no p\u0159\u00edsp\u011bvky found.<\/p><\/div><div class=\"simple-sitemap-wrap reel-kingdom\"><h3 class=\"term-tag\">Reel Kingdom<\/h3><p class=\"no-posts\">Sorry, no p\u0159\u00edsp\u011bvky found.<\/p><\/div><div class=\"simple-sitemap-wrap relax-gaming\"><h3 class=\"term-tag\">Relax Gaming<\/h3><p class=\"no-posts\">Sorry, no p\u0159\u00edsp\u011bvky found.<\/p><\/div><div class=\"simple-sitemap-wrap simpleplay-game-provider\"><h3 class=\"term-tag\">SimplePlay<\/h3><p class=\"no-posts\">Sorry, no p\u0159\u00edsp\u011bvky found.<\/p><\/div><div class=\"simple-sitemap-wrap spinomenal\"><h3 class=\"term-tag\">Spinomenal<\/h3><p class=\"no-posts\">Sorry, no p\u0159\u00edsp\u011bvky found.<\/p><\/div><div class=\"simple-sitemap-wrap spribe\"><h3 class=\"term-tag\">Spribe<\/h3><p class=\"no-posts\">Sorry, no p\u0159\u00edsp\u011bvky found.<\/p><\/div><div class=\"simple-sitemap-wrap web3\"><h3 class=\"term-tag\">web3<\/h3><ul class=\"simple-sitemap-post main\"><li class=\"sitemap-item\"><a href=\"https:\/\/casino-worker.com\/cs\/kyc\/\">Co je KYC (Know Your Customer)?<\/a><\/li><li class=\"sitemap-item\"><a href=\"https:\/\/casino-worker.com\/cs\/bitcoin\/\">Co je to Bitcoin? Komplexn\u00ed vysv\u011btlen\u00ed od z\u00e1klad\u016f a\u017e po praktick\u00e9 pou\u017eit\u00ed<\/a><\/li><li class=\"sitemap-item\"><a href=\"https:\/\/casino-worker.com\/cs\/ethereum\/\">Ethereum: Kompletn\u00ed pr\u016fvodce od z\u00e1klad\u016f po budoucnost<\/a><\/li><li class=\"sitemap-item\"><a href=\"https:\/\/casino-worker.com\/cs\/gamefi\/\">GameFi: Detailn\u00ed anal\u00fdza nov\u00e9 \u00e9ry her a financ\u00ed d\u00edky Web3<\/a><\/li><li class=\"sitemap-item\"><a href=\"https:\/\/casino-worker.com\/cs\/web3-casino\/\">Sou\u010dasn\u00fd stav web3 a potenci\u00e1l online kasin<\/a><\/li><li class=\"sitemap-item\"><a href=\"https:\/\/casino-worker.com\/cs\/what-is-web3\/\">web3: Redefinice Budoucnosti Internetu<\/a><\/li><\/ul><\/div><div class=\"simple-sitemap-wrap web3-game\"><h3 class=\"term-tag\">web3 Game<\/h3><ul class=\"simple-sitemap-post main\"><li class=\"sitemap-item\"><a href=\"https:\/\/casino-worker.com\/cs\/gamefi\/\">GameFi: Detailn\u00ed anal\u00fdza nov\u00e9 \u00e9ry her a financ\u00ed d\u00edky Web3<\/a><\/li><\/ul><\/div><div class=\"simple-sitemap-wrap win-fast\"><h3 class=\"term-tag\">Win Fast<\/h3><p class=\"no-posts\">Sorry, no p\u0159\u00edsp\u011bvky found.<\/p><\/div><div class=\"simple-sitemap-wrap yolted\"><h3 class=\"term-tag\">Yolted<\/h3><p class=\"no-posts\">Sorry, no p\u0159\u00edsp\u011bvky found.<\/p><\/div><\/div><br style=\"clear: both\">\n\n\n<p><\/p>\n","protected":false},"excerpt":{"rendered":"","protected":false},"author":2,"featured_media":0,"parent":0,"menu_order":0,"comment_status":"closed","ping_status":"closed","template":"page-full.php","meta":{"_locale":"cs_CZ","_original_post":"https:\/\/casino-worker.com\/?page_id=5722","footnotes":""},"tags":[],"class_list":{"0":"post-5730","1":"page","2":"type-page","3":"status-publish","5":"cs-CZ","6":"article"},"_links":{"self":[{"href":"https:\/\/casino-worker.com\/wp-json\/wp\/v2\/pages\/5730","targetHints":{"allow":["GET"]}}],"collection":[{"href":"https:\/\/casino-worker.com\/wp-json\/wp\/v2\/pages"}],"about":[{"href":"https:\/\/casino-worker.com\/wp-json\/wp\/v2\/types\/page"}],"author":[{"embeddable":true,"href":"https:\/\/casino-worker.com\/wp-json\/wp\/v2\/users\/2"}],"replies":[{"embeddable":true,"href":"https:\/\/casino-worker.com\/wp-json\/wp\/v2\/comments?post=5730"}],"version-history":[{"count":0,"href":"https:\/\/casino-worker.com\/wp-json\/wp\/v2\/pages\/5730\/revisions"}],"wp:attachment":[{"href":"https:\/\/casino-worker.com\/wp-json\/wp\/v2\/media?parent=5730"}],"wp:term":[{"taxonomy":"post_tag","embeddable":true,"href":"https:\/\/casino-worker.com\/wp-json\/wp\/v2\/tags?post=5730"}],"curies":[{"name":"wp","href":"https:\/\/api.w.org\/{rel}","templated":true}]}}