

{"id":4283,"date":"2025-01-06T09:55:55","date_gmt":"2025-01-06T00:55:55","guid":{"rendered":"https:\/\/casino-worker.com\/?page_id=4283"},"modified":"2025-01-07T09:31:05","modified_gmt":"2025-01-07T00:31:05","slug":"privacy-policy-2","status":"publish","type":"page","link":"https:\/\/casino-worker.com\/da\/privacy-policy-2\/","title":{"rendered":"Privatlivspolitik"},"content":{"rendered":"\n<h1 class=\"wp-block-heading\"><strong>Privatlivspolitik<\/strong><\/h1>\n\n\n\n<p>Vi prioriterer vores brugeres privatliv og h\u00e5ndterer personlige data i overensstemmelse med EU&#8217;s GDPR (Generelle Databeskyttelsesforordning). Nedenfor er en oversigt over vores praksis vedr\u00f8rende dataindsamling, brug og opbevaring p\u00e5 vores hjemmeside.<\/p>\n\n\n\n<h2 class=\"wp-block-heading\"><strong>Om os<\/strong><\/h2>\n\n\n\n<p>Vores hjemmesideadresse er <a href=\"http:\/\/casino-worker.com\">http:\/\/casino-worker.com<\/a>. Hvis du har sp\u00f8rgsm\u00e5l om vores privatlivspraksis, er du velkommen til at kontakte os via vores kontaktformular.<\/p>\n\n\n\n<h2 class=\"wp-block-heading\"><strong>Kommentarer<\/strong><\/h2>\n\n\n\n<p>N\u00e5r bes\u00f8gende efterlader kommentarer, indsamler vi de data, der indtastes i kommentarsformularen, sammen med IP-adressen og browserinformationen. Disse data bruges til spamdetektion og godkendelse af kommentarer. Hvis brugeren har aktiveret Gravatar, kan deres profilbillede vises ved siden af deres kommentar.<\/p>\n\n\n\n<h2 class=\"wp-block-heading\"><strong>Cookies<\/strong><\/h2>\n\n\n\n<p>Vores hjemmeside bruger cookies for at forbedre brugernes bekvemmelighed.<\/p>\n\n\n\n<p>Login-information gemmes midlertidigt med cookies og slettes, n\u00e5r browseren lukkes.<\/p>\n\n\n\n<h2 class=\"wp-block-heading\"><strong>Indlejret indhold fra andre hjemmesider<\/strong><\/h2>\n\n\n\n<p>Artikler p\u00e5 vores side kan indeholde indlejret indhold fra andre hjemmesider (f.eks. videoer, billeder, indl\u00e6g). Indlejret indhold opf\u00f8rer sig p\u00e5 samme m\u00e5de, som om bes\u00f8gende var p\u00e5 den eksterne side, hvilket betyder, at dataindsamling, cookies og sporing kan forekomme.<\/p>\n\n\n\n<h2 class=\"wp-block-heading\"><strong>Datadeling<\/strong><\/h2>\n\n\n\n<p>Bes\u00f8gendes kommentarer kan blive kontrolleret gennem en automatiseret spamdetektionstjeneste.<\/p>\n\n\n\n<h2 class=\"wp-block-heading\"><strong>Databeskyttelsespolitik i overensstemmelse med GDPR<\/strong><\/h2>\n\n\n\n<p>For brugere bosat inden for EU h\u00e5ndteres personlige data i overensstemmelse med GDPR-kravene, og vi vil besvare anmodninger om dataadgang, korrektion og sletning, n\u00e5r det er n\u00f8dvendigt.<\/p>\n","protected":false},"excerpt":{"rendered":"<p>Privatlivspolitik Vi prioriterer vores brugeres privatliv og h\u00e5ndterer personlige data i overensstemmelse med EU&#8217;s GDPR (Generelle Databeskyttelsesforordning). Nedenfor er en oversigt over vores praksis vedr\u00f8rende dataindsamling, brug og opbevaring p\u00e5 vores hjemmeside. Om os Vores hjemmesideadresse er http:\/\/casino-worker.com. Hvis du har sp\u00f8rgsm\u00e5l om vores privatlivspraksis, er du velkommen til at kontakte os via vores kontaktformular&#8230;.<\/p>\n","protected":false},"author":2,"featured_media":4219,"parent":0,"menu_order":0,"comment_status":"closed","ping_status":"closed","template":"page-wide.php","meta":{"_locale":"da_DK","_original_post":"http:\/\/casino-worker.com\/?page_id=1909","footnotes":""},"tags":[309],"class_list":{"0":"post-4283","1":"page","2":"type-page","3":"status-publish","4":"has-post-thumbnail","6":"tag-dk","7":"da-DK","8":"article"},"_links":{"self":[{"href":"https:\/\/casino-worker.com\/wp-json\/wp\/v2\/pages\/4283","targetHints":{"allow":["GET"]}}],"collection":[{"href":"https:\/\/casino-worker.com\/wp-json\/wp\/v2\/pages"}],"about":[{"href":"https:\/\/casino-worker.com\/wp-json\/wp\/v2\/types\/page"}],"author":[{"embeddable":true,"href":"https:\/\/casino-worker.com\/wp-json\/wp\/v2\/users\/2"}],"replies":[{"embeddable":true,"href":"https:\/\/casino-worker.com\/wp-json\/wp\/v2\/comments?post=4283"}],"version-history":[{"count":0,"href":"https:\/\/casino-worker.com\/wp-json\/wp\/v2\/pages\/4283\/revisions"}],"wp:featuredmedia":[{"embeddable":true,"href":"https:\/\/casino-worker.com\/wp-json\/wp\/v2\/media\/4219"}],"wp:attachment":[{"href":"https:\/\/casino-worker.com\/wp-json\/wp\/v2\/media?parent=4283"}],"wp:term":[{"taxonomy":"post_tag","embeddable":true,"href":"https:\/\/casino-worker.com\/wp-json\/wp\/v2\/tags?post=4283"}],"curies":[{"name":"wp","href":"https:\/\/api.w.org\/{rel}","templated":true}]}}