

{"id":5733,"date":"2025-01-27T07:26:48","date_gmt":"2025-01-27T06:26:48","guid":{"rendered":"https:\/\/casino-worker.com\/?page_id=5733"},"modified":"2025-01-27T07:26:49","modified_gmt":"2025-01-27T06:26:49","slug":"site-map","status":"publish","type":"page","link":"https:\/\/casino-worker.com\/da\/site-map\/","title":{"rendered":"Sitemap"},"content":{"rendered":"<div id=\"simple-sitemap-container-69f63e0b3db70\" class=\"simple-sitemap-container simple-sitemap-container-69f63e0b3db70\"><div class=\"simple-sitemap-wrap aml\"><h3 class=\"term-tag\">AML<\/h3><ul class=\"simple-sitemap-post main\"><li class=\"sitemap-item\"><a href=\"https:\/\/casino-worker.com\/da\/kyc\/\">Hvad er KYC (Know Your Customer)?<\/a><\/li><\/ul><\/div><div class=\"simple-sitemap-wrap baricata\"><h3 class=\"term-tag\">Baricata<\/h3><p class=\"no-posts\">Sorry, no indl\u00e6g found.<\/p><\/div><div class=\"simple-sitemap-wrap bgaming\"><h3 class=\"term-tag\">BGAMING<\/h3><p class=\"no-posts\">Sorry, no indl\u00e6g found.<\/p><\/div><div class=\"simple-sitemap-wrap big-time-gaming\"><h3 class=\"term-tag\">Big Time Gaming<\/h3><p class=\"no-posts\">Sorry, no indl\u00e6g found.<\/p><\/div><div class=\"simple-sitemap-wrap casino\"><h3 class=\"term-tag\">Casino<\/h3><ul class=\"simple-sitemap-post main\"><li class=\"sitemap-item\"><a href=\"https:\/\/casino-worker.com\/da\/vega-wallet\/\">\u3010Detaljeret gennemgang\u3011Hvad er &#8220;Vega Wallet&#8221;? En komplet introduktion til dets funktioner og brug<\/a><\/li><li class=\"sitemap-item\"><a href=\"https:\/\/casino-worker.com\/da\/fortune-panda\/\">Fortune Panda Casino \u2013 Omfattende Anmeldelse 2025<\/a><\/li><li class=\"sitemap-item\"><a href=\"https:\/\/casino-worker.com\/da\/casino-licence\/\">Hvad er en online casinolicens?<\/a><\/li><li class=\"sitemap-item\"><a href=\"https:\/\/casino-worker.com\/da\/muchbetter\/\">Hvad er MuchBetter? En dybdeg\u00e5ende gennemgang af en innovativ online betalingsservice<\/a><\/li><li class=\"sitemap-item\"><a href=\"https:\/\/casino-worker.com\/da\/payz\/\">Hvad er Payz (tidligere kendt som ecoPayz)?<\/a><\/li><li class=\"sitemap-item\"><a href=\"https:\/\/casino-worker.com\/da\/sticpay\/\">Hvad er Sticpay?: En betalingsmetode til onlinekasinoer<\/a><\/li><li class=\"sitemap-item\"><a href=\"https:\/\/casino-worker.com\/da\/how-to-start\/\">S\u00e5dan kommer du i gang med online casino og opretter dig | Fuldst\u00e6ndig begynderguide<\/a><\/li><li class=\"sitemap-item\"><a href=\"https:\/\/casino-worker.com\/da\/hawaiian-dream\/\">Spil \u201dHawaiian Dream\u201d Gratis!<\/a><\/li><li class=\"sitemap-item\"><a href=\"https:\/\/casino-worker.com\/da\/aviator\/\">Spil Aviator Gratis!<\/a><\/li><li class=\"sitemap-item\"><a href=\"https:\/\/casino-worker.com\/da\/candy-island-princess\/\">Spil Candy Island Princess gratis!<\/a><\/li><li class=\"sitemap-item\"><a href=\"https:\/\/casino-worker.com\/da\/double-rainbow\/\">Spil Double Rainbow gratis!<\/a><\/li><li class=\"sitemap-item\"><a href=\"https:\/\/casino-worker.com\/da\/wild-beach-party\/\">Spil Wild Beach Party Gratis!<\/a><\/li><\/ul><\/div><div class=\"simple-sitemap-wrap casino-brand\"><h3 class=\"term-tag\">Casino Brand<\/h3><ul class=\"simple-sitemap-post main\"><li class=\"sitemap-item\"><a href=\"https:\/\/casino-worker.com\/da\/fortune-panda\/\">Fortune Panda Casino \u2013 Omfattende Anmeldelse 2025<\/a><\/li><\/ul><\/div><div class=\"simple-sitemap-wrap column\"><h3 class=\"term-tag\">Column<\/h3><ul class=\"simple-sitemap-post main\"><li class=\"sitemap-item\"><a href=\"https:\/\/casino-worker.com\/da\/fifa-2026\/\">2026 FIFA World Cup: Den st\u00f8rste fodboldbegivenhed i Nordamerika<\/a><\/li><li class=\"sitemap-item\"><a href=\"https:\/\/casino-worker.com\/da\/casino-strategy\/\">De Ultimative Strategier for Online Kasinoer: En Omfattende Guide til At Vinde<\/a><\/li><li class=\"sitemap-item\"><a href=\"https:\/\/casino-worker.com\/da\/esports\/\">Forklaring af eSports-industrien<\/a><\/li><li class=\"sitemap-item\"><a href=\"https:\/\/casino-worker.com\/da\/casino-licence\/\">Hvad er en online casinolicens?<\/a><\/li><li class=\"sitemap-item\"><a href=\"https:\/\/casino-worker.com\/da\/about-us\/\">Om vores hjemmeside &#8220;Casino Worker&#8221;<\/a><\/li><li class=\"sitemap-item\"><a href=\"https:\/\/casino-worker.com\/da\/how-to-choose-a-good-online-casino\/\">S\u00e5dan v\u00e6lger du et godt onlinecasino: 10 kriterier med fokus p\u00e5 trov\u00e6rdighed og komfort<\/a><\/li><\/ul><\/div><div class=\"simple-sitemap-wrap crypto\"><h3 class=\"term-tag\">Crypto<\/h3><ul class=\"simple-sitemap-post main\"><li class=\"sitemap-item\"><a href=\"https:\/\/casino-worker.com\/da\/ethereum\/\">Ethereum: En grundig gennemgang fra det grundl\u00e6ggende til fremtiden<\/a><\/li><li class=\"sitemap-item\"><a href=\"https:\/\/casino-worker.com\/da\/bitcoin\/\">Hvad er Bitcoin? En omfattende gennemgang fra grundl\u00e6ggende viden til praktisk anvendelse<\/a><\/li><\/ul><\/div><div class=\"simple-sitemap-wrap free-casino-games\"><h3 class=\"term-tag\">Free Casino Games<\/h3><ul class=\"simple-sitemap-post main\"><li class=\"sitemap-item\"><a href=\"https:\/\/casino-worker.com\/da\/hawaiian-dream\/\">Spil \u201dHawaiian Dream\u201d Gratis!<\/a><\/li><li class=\"sitemap-item\"><a href=\"https:\/\/casino-worker.com\/da\/aviator\/\">Spil Aviator Gratis!<\/a><\/li><li class=\"sitemap-item\"><a href=\"https:\/\/casino-worker.com\/da\/candy-island-princess\/\">Spil Candy Island Princess gratis!<\/a><\/li><li class=\"sitemap-item\"><a href=\"https:\/\/casino-worker.com\/da\/double-rainbow\/\">Spil Double Rainbow gratis!<\/a><\/li><li class=\"sitemap-item\"><a href=\"https:\/\/casino-worker.com\/da\/wild-beach-party\/\">Spil Wild Beach Party Gratis!<\/a><\/li><\/ul><\/div><div class=\"simple-sitemap-wrap golden-hero\"><h3 class=\"term-tag\">Golden Hero<\/h3><p class=\"no-posts\">Sorry, no indl\u00e6g found.<\/p><\/div><div class=\"simple-sitemap-wrap hacksaw-gaming\"><h3 class=\"term-tag\">Hacksaw Gaming<\/h3><ul class=\"simple-sitemap-post main\"><li class=\"sitemap-item\"><a href=\"https:\/\/casino-worker.com\/da\/double-rainbow\/\">Spil Double Rainbow gratis!<\/a><\/li><\/ul><\/div><div class=\"simple-sitemap-wrap manna-play\"><h3 class=\"term-tag\">Manna Play<\/h3><p class=\"no-posts\">Sorry, no indl\u00e6g found.<\/p><\/div><div class=\"simple-sitemap-wrap naga-games\"><h3 class=\"term-tag\">Naga Games<\/h3><p class=\"no-posts\">Sorry, no indl\u00e6g found.<\/p><\/div><div class=\"simple-sitemap-wrap netent\"><h3 class=\"term-tag\">NetEnt<\/h3><p class=\"no-posts\">Sorry, no indl\u00e6g found.<\/p><\/div><div class=\"simple-sitemap-wrap news\"><h3 class=\"term-tag\">News<\/h3><ul class=\"simple-sitemap-post main\"><li class=\"sitemap-item\"><a href=\"https:\/\/casino-worker.com\/da\/thai-landcasino-bills\/\">Seneste udvikling inden for kasinoer i Thailand \u2013 Diskussion om \u201celitens adgangsbegr\u00e6nsning\u201d for lokale spillere<\/a><\/li><\/ul><\/div><div class=\"simple-sitemap-wrap nolimit-city\"><h3 class=\"term-tag\">Nolimit City<\/h3><p class=\"no-posts\">Sorry, no indl\u00e6g found.<\/p><\/div><div class=\"simple-sitemap-wrap payment\"><h3 class=\"term-tag\">Payment<\/h3><ul class=\"simple-sitemap-post main\"><li class=\"sitemap-item\"><a href=\"https:\/\/casino-worker.com\/da\/vega-wallet\/\">\u3010Detaljeret gennemgang\u3011Hvad er &#8220;Vega Wallet&#8221;? En komplet introduktion til dets funktioner og brug<\/a><\/li><li class=\"sitemap-item\"><a href=\"https:\/\/casino-worker.com\/da\/muchbetter\/\">Hvad er MuchBetter? En dybdeg\u00e5ende gennemgang af en innovativ online betalingsservice<\/a><\/li><li class=\"sitemap-item\"><a href=\"https:\/\/casino-worker.com\/da\/payz\/\">Hvad er Payz (tidligere kendt som ecoPayz)?<\/a><\/li><li class=\"sitemap-item\"><a href=\"https:\/\/casino-worker.com\/da\/sticpay\/\">Hvad er Sticpay?: En betalingsmetode til onlinekasinoer<\/a><\/li><\/ul><\/div><div class=\"simple-sitemap-wrap playn-go\"><h3 class=\"term-tag\">Playn Go<\/h3><ul class=\"simple-sitemap-post main\"><li class=\"sitemap-item\"><a href=\"https:\/\/casino-worker.com\/da\/candy-island-princess\/\">Spil Candy Island Princess gratis!<\/a><\/li><\/ul><\/div><div class=\"simple-sitemap-wrap playtech\"><h3 class=\"term-tag\">Playtech<\/h3><p class=\"no-posts\">Sorry, no indl\u00e6g found.<\/p><\/div><div class=\"simple-sitemap-wrap pragmatic-play\"><h3 class=\"term-tag\">Pragmatic Play<\/h3><ul class=\"simple-sitemap-post main\"><li class=\"sitemap-item\"><a href=\"https:\/\/casino-worker.com\/da\/wild-beach-party\/\">Spil Wild Beach Party Gratis!<\/a><\/li><\/ul><\/div><div class=\"simple-sitemap-wrap push%e2%80%90gaming\"><h3 class=\"term-tag\">Push Gaming<\/h3><p class=\"no-posts\">Sorry, no indl\u00e6g found.<\/p><\/div><div class=\"simple-sitemap-wrap red-tiger-gaming\"><h3 class=\"term-tag\">Red Tiger Gaming<\/h3><p class=\"no-posts\">Sorry, no indl\u00e6g found.<\/p><\/div><div class=\"simple-sitemap-wrap reel-kingdom\"><h3 class=\"term-tag\">Reel Kingdom<\/h3><p class=\"no-posts\">Sorry, no indl\u00e6g found.<\/p><\/div><div class=\"simple-sitemap-wrap relax-gaming\"><h3 class=\"term-tag\">Relax Gaming<\/h3><p class=\"no-posts\">Sorry, no indl\u00e6g found.<\/p><\/div><div class=\"simple-sitemap-wrap simpleplay-game-provider\"><h3 class=\"term-tag\">SimplePlay<\/h3><p class=\"no-posts\">Sorry, no indl\u00e6g found.<\/p><\/div><div class=\"simple-sitemap-wrap spinomenal\"><h3 class=\"term-tag\">Spinomenal<\/h3><p class=\"no-posts\">Sorry, no indl\u00e6g found.<\/p><\/div><div class=\"simple-sitemap-wrap spribe\"><h3 class=\"term-tag\">Spribe<\/h3><ul class=\"simple-sitemap-post main\"><li class=\"sitemap-item\"><a href=\"https:\/\/casino-worker.com\/da\/aviator\/\">Spil Aviator Gratis!<\/a><\/li><\/ul><\/div><div class=\"simple-sitemap-wrap web3\"><h3 class=\"term-tag\">web3<\/h3><ul class=\"simple-sitemap-post main\"><li class=\"sitemap-item\"><a href=\"https:\/\/casino-worker.com\/da\/web3-onlinecasino\/\">Den nuv\u00e6rende status for web3 og potentialet i onlinekasinoer<\/a><\/li><li class=\"sitemap-item\"><a href=\"https:\/\/casino-worker.com\/da\/ethereum\/\">Ethereum: En grundig gennemgang fra det grundl\u00e6ggende til fremtiden<\/a><\/li><li class=\"sitemap-item\"><a href=\"https:\/\/casino-worker.com\/da\/gamefi\/\">GameFi: En dybdeg\u00e5ende analyse af den nye \u00e6ra for spil og finansiering med Web3<\/a><\/li><li class=\"sitemap-item\"><a href=\"https:\/\/casino-worker.com\/da\/bitcoin\/\">Hvad er Bitcoin? En omfattende gennemgang fra grundl\u00e6ggende viden til praktisk anvendelse<\/a><\/li><li class=\"sitemap-item\"><a href=\"https:\/\/casino-worker.com\/da\/kyc\/\">Hvad er KYC (Know Your Customer)?<\/a><\/li><li class=\"sitemap-item\"><a href=\"https:\/\/casino-worker.com\/da\/what-is-web3\/\">web3: Redefinering af Internetfremtiden<\/a><\/li><\/ul><\/div><div class=\"simple-sitemap-wrap web3-game\"><h3 class=\"term-tag\">web3 Game<\/h3><ul class=\"simple-sitemap-post main\"><li class=\"sitemap-item\"><a href=\"https:\/\/casino-worker.com\/da\/gamefi\/\">GameFi: En dybdeg\u00e5ende analyse af den nye \u00e6ra for spil og finansiering med Web3<\/a><\/li><\/ul><\/div><div class=\"simple-sitemap-wrap win-fast\"><h3 class=\"term-tag\">Win Fast<\/h3><ul class=\"simple-sitemap-post main\"><li class=\"sitemap-item\"><a href=\"https:\/\/casino-worker.com\/da\/hawaiian-dream\/\">Spil \u201dHawaiian Dream\u201d Gratis!<\/a><\/li><\/ul><\/div><div class=\"simple-sitemap-wrap yolted\"><h3 class=\"term-tag\">Yolted<\/h3><p class=\"no-posts\">Sorry, no indl\u00e6g found.<\/p><\/div><\/div><br style=\"clear: both\">\n\n\n<p><\/p>\n","protected":false},"excerpt":{"rendered":"","protected":false},"author":2,"featured_media":0,"parent":0,"menu_order":0,"comment_status":"closed","ping_status":"closed","template":"page-full.php","meta":{"_locale":"da_DK","_original_post":"https:\/\/casino-worker.com\/?page_id=5722","footnotes":""},"tags":[],"class_list":{"0":"post-5733","1":"page","2":"type-page","3":"status-publish","5":"da-DK","6":"article"},"_links":{"self":[{"href":"https:\/\/casino-worker.com\/wp-json\/wp\/v2\/pages\/5733","targetHints":{"allow":["GET"]}}],"collection":[{"href":"https:\/\/casino-worker.com\/wp-json\/wp\/v2\/pages"}],"about":[{"href":"https:\/\/casino-worker.com\/wp-json\/wp\/v2\/types\/page"}],"author":[{"embeddable":true,"href":"https:\/\/casino-worker.com\/wp-json\/wp\/v2\/users\/2"}],"replies":[{"embeddable":true,"href":"https:\/\/casino-worker.com\/wp-json\/wp\/v2\/comments?post=5733"}],"version-history":[{"count":0,"href":"https:\/\/casino-worker.com\/wp-json\/wp\/v2\/pages\/5733\/revisions"}],"wp:attachment":[{"href":"https:\/\/casino-worker.com\/wp-json\/wp\/v2\/media?parent=5733"}],"wp:term":[{"taxonomy":"post_tag","embeddable":true,"href":"https:\/\/casino-worker.com\/wp-json\/wp\/v2\/tags?post=5733"}],"curies":[{"name":"wp","href":"https:\/\/api.w.org\/{rel}","templated":true}]}}