

{"id":3508,"date":"2024-12-21T08:41:25","date_gmt":"2024-12-20T23:41:25","guid":{"rendered":"https:\/\/casino-worker.com\/?page_id=3508"},"modified":"2025-01-04T11:39:59","modified_gmt":"2025-01-04T02:39:59","slug":"privacy-policy-2","status":"publish","type":"page","link":"https:\/\/casino-worker.com\/de\/privacy-policy-2\/","title":{"rendered":"Privacy Policy &#8211; \u00a0Deutsch"},"content":{"rendered":"\n<h1 class=\"wp-block-heading\">Datenschutzerkl\u00e4rung<\/h1>\n\n\n\n<p>Wir legen gro\u00dfen Wert auf den Schutz der Privatsph\u00e4re unserer Nutzer und behandeln personenbezogene Daten in \u00dcbereinstimmung mit der EU-DSGVO (Datenschutz-Grundverordnung). Nachfolgend finden Sie eine \u00dcbersicht \u00fcber unsere Richtlinien zur Datenerhebung, -nutzung und -speicherung auf unserer Website.<\/p>\n\n\n\n<h3 class=\"wp-block-heading\">\u00dcber uns<\/h3>\n\n\n\n<p>Die Adresse unserer Website lautet <strong><a href=\"http:\/\/casino-worker.com\">http:\/\/casino-worker.com<\/a><\/strong>. Bei Fragen zu unseren Datenschutzrichtlinien k\u00f6nnen Sie uns gerne \u00fcber unser Kontaktformular erreichen.<\/p>\n\n\n\n<h3 class=\"wp-block-heading\">Kommentare<\/h3>\n\n\n\n<p>Wenn Besucher Kommentare hinterlassen, erfassen wir die im Kommentarfeld eingegebenen Daten sowie die <strong>IP-Adresse<\/strong> und <strong>Browser-Informationen<\/strong>. Diese Daten werden zur Spam-Erkennung und Kommentarfreigabe verwendet. Wenn der Nutzer Gravatar aktiviert hat, kann sein Profilbild zusammen mit dem Kommentar angezeigt werden.<\/p>\n\n\n\n<h3 class=\"wp-block-heading\">Cookies<\/h3>\n\n\n\n<p>Unsere Website verwendet <strong>Cookies<\/strong>, um die Benutzerfreundlichkeit zu verbessern.<\/p>\n\n\n\n<ul class=\"wp-block-list\">\n<li>Login-Daten werden tempor\u00e4r in Cookies gespeichert und beim Schlie\u00dfen des Browsers gel\u00f6scht.<\/li>\n<\/ul>\n\n\n\n<h3 class=\"wp-block-heading\">Eingebettete Inhalte von anderen Websites<\/h3>\n\n\n\n<p>Artikel auf unserer Website k\u00f6nnen eingebettete Inhalte von anderen Websites enthalten (z. B. Videos, Bilder, Beitr\u00e4ge). Eingebettete Inhalte verhalten sich genauso, als ob der Besucher die externe Website direkt besucht h\u00e4tte, was bedeutet, dass Datenerhebung, Cookies und Tracking durch die jeweilige Seite stattfinden k\u00f6nnen.<\/p>\n\n\n\n<h3 class=\"wp-block-heading\">Datenweitergabe<\/h3>\n\n\n\n<p>Besucherkommentare k\u00f6nnen durch einen automatisierten Spam-Erkennungsdienst \u00fcberpr\u00fcft werden.<\/p>\n\n\n\n<h3 class=\"wp-block-heading\">Datenschutzrichtlinie gem\u00e4\u00df DSGVO<\/h3>\n\n\n\n<p>F\u00fcr Nutzer innerhalb der EU werden personenbezogene Daten gem\u00e4\u00df DSGVO verwaltet, und wir reagieren auf Anfragen zur Einsicht, Korrektur und L\u00f6schung von Daten, wenn dies erforderlich ist.ked through an automated spam detection service.<\/p>\n\n\n\n<h3 class=\"wp-block-heading\">Data Protection Policy in Accordance with GDPR<\/h3>\n\n\n\n<p>For users residing within the EU, personal data is handled in compliance with GDPR requirements, and we will respond to requests for data access, correction, and deletion when needed.<\/p>\n\n\n\n<p><\/p>\n","protected":false},"excerpt":{"rendered":"<p>Datenschutzerkl\u00e4rung Wir legen gro\u00dfen Wert auf den Schutz der Privatsph\u00e4re unserer Nutzer und behandeln personenbezogene Daten in \u00dcbereinstimmung mit der EU-DSGVO (Datenschutz-Grundverordnung). Nachfolgend finden Sie eine \u00dcbersicht \u00fcber unsere Richtlinien zur Datenerhebung, -nutzung und -speicherung auf unserer Website. \u00dcber uns Die Adresse unserer Website lautet http:\/\/casino-worker.com. Bei Fragen zu unseren Datenschutzrichtlinien k\u00f6nnen Sie uns gerne&#8230;<\/p>\n","protected":false},"author":2,"featured_media":4219,"parent":0,"menu_order":0,"comment_status":"closed","ping_status":"closed","template":"page-wide.php","meta":{"_locale":"de_DE","_original_post":"http:\/\/casino-worker.com\/?page_id=1909","footnotes":""},"tags":[],"class_list":{"0":"post-3508","1":"page","2":"type-page","3":"status-publish","4":"has-post-thumbnail","6":"de-DE","7":"article"},"_links":{"self":[{"href":"https:\/\/casino-worker.com\/wp-json\/wp\/v2\/pages\/3508","targetHints":{"allow":["GET"]}}],"collection":[{"href":"https:\/\/casino-worker.com\/wp-json\/wp\/v2\/pages"}],"about":[{"href":"https:\/\/casino-worker.com\/wp-json\/wp\/v2\/types\/page"}],"author":[{"embeddable":true,"href":"https:\/\/casino-worker.com\/wp-json\/wp\/v2\/users\/2"}],"replies":[{"embeddable":true,"href":"https:\/\/casino-worker.com\/wp-json\/wp\/v2\/comments?post=3508"}],"version-history":[{"count":0,"href":"https:\/\/casino-worker.com\/wp-json\/wp\/v2\/pages\/3508\/revisions"}],"wp:featuredmedia":[{"embeddable":true,"href":"https:\/\/casino-worker.com\/wp-json\/wp\/v2\/media\/4219"}],"wp:attachment":[{"href":"https:\/\/casino-worker.com\/wp-json\/wp\/v2\/media?parent=3508"}],"wp:term":[{"taxonomy":"post_tag","embeddable":true,"href":"https:\/\/casino-worker.com\/wp-json\/wp\/v2\/tags?post=3508"}],"curies":[{"name":"wp","href":"https:\/\/api.w.org\/{rel}","templated":true}]}}