

{"id":5742,"date":"2025-01-27T07:28:06","date_gmt":"2025-01-27T06:28:06","guid":{"rendered":"https:\/\/casino-worker.com\/?page_id=5742"},"modified":"2025-01-27T07:28:07","modified_gmt":"2025-01-27T06:28:07","slug":"site-map","status":"publish","type":"page","link":"https:\/\/casino-worker.com\/es\/site-map\/","title":{"rendered":"Mapa del sitio"},"content":{"rendered":"<div id=\"simple-sitemap-container-69defa712f81f\" class=\"simple-sitemap-container simple-sitemap-container-69defa712f81f\"><div class=\"simple-sitemap-wrap aml\"><h3 class=\"term-tag\">AML<\/h3><ul class=\"simple-sitemap-post main\"><li class=\"sitemap-item\"><a href=\"https:\/\/casino-worker.com\/es\/kyc\/\">\u00bfQu\u00e9 es KYC (Know Your Customer)?<\/a><\/li><\/ul><\/div><div class=\"simple-sitemap-wrap baricata\"><h3 class=\"term-tag\">Baricata<\/h3><ul class=\"simple-sitemap-post main\"><li class=\"sitemap-item\"><a href=\"https:\/\/casino-worker.com\/es\/ai-casino-dealer\/\">Crupieres con IA: Una Nueva Era para los Casinos en L\u00ednea<\/a><\/li><\/ul><\/div><div class=\"simple-sitemap-wrap bgaming\"><h3 class=\"term-tag\">BGAMING<\/h3><p class=\"no-posts\">Sorry, no entradas found.<\/p><\/div><div class=\"simple-sitemap-wrap big-time-gaming\"><h3 class=\"term-tag\">Big Time Gaming<\/h3><p class=\"no-posts\">Sorry, no entradas found.<\/p><\/div><div class=\"simple-sitemap-wrap casino\"><h3 class=\"term-tag\">Casino<\/h3><ul class=\"simple-sitemap-post main\"><li class=\"sitemap-item\"><a href=\"https:\/\/casino-worker.com\/es\/summer-special\/\">\u00a1Emocionante! Especial de Verano en Tragamonedas de Verano<\/a><\/li><li class=\"sitemap-item\"><a href=\"https:\/\/casino-worker.com\/es\/bikini-babes\/\">\u00a1Juega \u00abBikini Babes\u00bb Gratis!<\/a><\/li><li class=\"sitemap-item\"><a href=\"https:\/\/casino-worker.com\/es\/bikini-queens-dating-2\/\">\u00a1Juega \u00abBikini Queens Dating\u00bb Gratis!<\/a><\/li><li class=\"sitemap-item\"><a href=\"https:\/\/casino-worker.com\/es\/bikini-queens\/\">\u00a1Juega \u00abBikini Queens\u00bb Gratis!<\/a><\/li><li class=\"sitemap-item\"><a href=\"https:\/\/casino-worker.com\/es\/candy-island-princess\/\">\u00a1Juega \u00abCandy Island Princess\u00bb Gratis!<\/a><\/li><li class=\"sitemap-item\"><a href=\"https:\/\/casino-worker.com\/es\/hawaiian-diva\/\">\u00a1Juega \u00abHawaiian Diva\u00bb Gratis!<\/a><\/li><li class=\"sitemap-item\"><a href=\"https:\/\/casino-worker.com\/es\/hawaiian-dream\/\">\u00a1Juega \u00abHawaiian Dream\u00bb Gratis!<\/a><\/li><li class=\"sitemap-item\"><a href=\"https:\/\/casino-worker.com\/es\/volley-beauties\/\">\u00a1Juega \u00abVolley Beauties\u00bb Gratis!<\/a><\/li><li class=\"sitemap-item\"><a href=\"https:\/\/casino-worker.com\/es\/wild-beach-party\/\">\u00a1Juega \u00abWild Beach Party\u00bb Gratis!<\/a><\/li><li class=\"sitemap-item\"><a href=\"https:\/\/casino-worker.com\/es\/aviator\/\">\u00a1Juega a Aviator Gratis!<\/a><\/li><li class=\"sitemap-item\"><a href=\"https:\/\/casino-worker.com\/es\/double-rainbow\/\">\u00a1Juega a Double Rainbow Gratis!<\/a><\/li><li class=\"sitemap-item\"><a href=\"https:\/\/casino-worker.com\/es\/muchbetter\/\">\u00bfQu\u00e9 es MuchBetter? An\u00e1lisis completo de un servicio de pago en l\u00ednea innovador<\/a><\/li><li class=\"sitemap-item\"><a href=\"https:\/\/casino-worker.com\/es\/payz-2\/\">\u00bfQu\u00e9 es Payz (anteriormente ecoPayz)?<\/a><\/li><li class=\"sitemap-item\"><a href=\"https:\/\/casino-worker.com\/es\/sticpay\/\">\u00bfQu\u00e9 es Sticpay? Soluci\u00f3n de Pago para Casinos en L\u00ednea<\/a><\/li><li class=\"sitemap-item\"><a href=\"https:\/\/casino-worker.com\/es\/vega-wallet\/\">\u3010An\u00e1lisis detallado\u3011\u00bfQu\u00e9 es \u00abVega Wallet\u00bb? Presentamos sus caracter\u00edsticas y usos completos<\/a><\/li><li class=\"sitemap-item\"><a href=\"https:\/\/casino-worker.com\/es\/how-to-start\/\">C\u00f3mo empezar y registrarse en un casino en l\u00ednea | Gu\u00eda completa para principiantes<\/a><\/li><li class=\"sitemap-item\"><a href=\"https:\/\/casino-worker.com\/es\/ai-casino-dealer\/\">Crupieres con IA: Una Nueva Era para los Casinos en L\u00ednea<\/a><\/li><li class=\"sitemap-item\"><a href=\"https:\/\/casino-worker.com\/es\/no-deposit\/\">Edici\u00f3n 2024 \u2013 \u00a1Atracci\u00f3n y Uso de los Bonos Sin Dep\u00f3sito!<\/a><\/li><li class=\"sitemap-item\"><a href=\"https:\/\/casino-worker.com\/es\/first-deposit\/\">Edici\u00f3n 2025 \u2013 C\u00f3mo Maximizar los Bonos de Bienvenida en Casinos Online<\/a><\/li><li class=\"sitemap-item\"><a href=\"https:\/\/casino-worker.com\/es\/crypto-casino\/\">Edici\u00f3n 2025: Criptomonedas y Activos Digitales en Casinos Online<\/a><\/li><li class=\"sitemap-item\"><a href=\"https:\/\/casino-worker.com\/es\/fortune-panda\/\">Fortune Panda Casino \u2013 Revisi\u00f3n Integral 2025<\/a><\/li><\/ul><\/div><div class=\"simple-sitemap-wrap casino-brand\"><h3 class=\"term-tag\">Casino Brand<\/h3><ul class=\"simple-sitemap-post main\"><li class=\"sitemap-item\"><a href=\"https:\/\/casino-worker.com\/es\/no-deposit\/\">Edici\u00f3n 2024 \u2013 \u00a1Atracci\u00f3n y Uso de los Bonos Sin Dep\u00f3sito!<\/a><\/li><li class=\"sitemap-item\"><a href=\"https:\/\/casino-worker.com\/es\/first-deposit\/\">Edici\u00f3n 2025 \u2013 C\u00f3mo Maximizar los Bonos de Bienvenida en Casinos Online<\/a><\/li><li class=\"sitemap-item\"><a href=\"https:\/\/casino-worker.com\/es\/crypto-casino\/\">Edici\u00f3n 2025: Criptomonedas y Activos Digitales en Casinos Online<\/a><\/li><li class=\"sitemap-item\"><a href=\"https:\/\/casino-worker.com\/es\/fortune-panda\/\">Fortune Panda Casino \u2013 Revisi\u00f3n Integral 2025<\/a><\/li><\/ul><\/div><div class=\"simple-sitemap-wrap column\"><h3 class=\"term-tag\">Column<\/h3><ul class=\"simple-sitemap-post main\"><li class=\"sitemap-item\"><a href=\"https:\/\/casino-worker.com\/es\/how-to-choose-a-good-online-casino\/\">C\u00f3mo elegir un buen casino en l\u00ednea: 10 criterios con \u00e9nfasis en la fiabilidad y la comodidad<\/a><\/li><li class=\"sitemap-item\"><a href=\"https:\/\/casino-worker.com\/es\/fifa-2026\/\">Copa Mundial de la FIFA 2026: El mayor espect\u00e1culo de f\u00fatbol en Am\u00e9rica del Norte<\/a><\/li><li class=\"sitemap-item\"><a href=\"https:\/\/casino-worker.com\/es\/online-casino-column\/\">Cosas Que Debes Saber Sobre los Casinos en L\u00ednea<\/a><\/li><li class=\"sitemap-item\"><a href=\"https:\/\/casino-worker.com\/es\/esports\/\">Explicaci\u00f3n de la Industria de eSports<\/a><\/li><li class=\"sitemap-item\"><a href=\"https:\/\/casino-worker.com\/es\/casino-strategy\/\">Las mejores estrategias para casinos en l\u00ednea: Una gu\u00eda completa para ganar<\/a><\/li><li class=\"sitemap-item\"><a href=\"https:\/\/casino-worker.com\/es\/about-us\/\">Sobre Casino Worker<\/a><\/li><\/ul><\/div><div class=\"simple-sitemap-wrap crypto\"><h3 class=\"term-tag\">Crypto<\/h3><ul class=\"simple-sitemap-post main\"><li class=\"sitemap-item\"><a href=\"https:\/\/casino-worker.com\/es\/bitcoin\/\">\u00bfQu\u00e9 es Bitcoin? Explicaci\u00f3n completa desde los fundamentos hasta el uso pr\u00e1ctico<\/a><\/li><li class=\"sitemap-item\"><a href=\"https:\/\/casino-worker.com\/es\/ethereum\/\">Ethereum: Una Gu\u00eda Completa desde los Fundamentos hasta las Perspectivas Futuras<\/a><\/li><\/ul><\/div><div class=\"simple-sitemap-wrap free-casino-games\"><h3 class=\"term-tag\">Game provider<\/h3><ul class=\"simple-sitemap-post main\"><li class=\"sitemap-item\"><a href=\"https:\/\/casino-worker.com\/es\/summer-special\/\">\u00a1Emocionante! Especial de Verano en Tragamonedas de Verano<\/a><\/li><li class=\"sitemap-item\"><a href=\"https:\/\/casino-worker.com\/es\/bikini-babes\/\">\u00a1Juega \u00abBikini Babes\u00bb Gratis!<\/a><\/li><li class=\"sitemap-item\"><a href=\"https:\/\/casino-worker.com\/es\/bikini-queens-dating-2\/\">\u00a1Juega \u00abBikini Queens Dating\u00bb Gratis!<\/a><\/li><li class=\"sitemap-item\"><a href=\"https:\/\/casino-worker.com\/es\/bikini-queens\/\">\u00a1Juega \u00abBikini Queens\u00bb Gratis!<\/a><\/li><li class=\"sitemap-item\"><a href=\"https:\/\/casino-worker.com\/es\/candy-island-princess\/\">\u00a1Juega \u00abCandy Island Princess\u00bb Gratis!<\/a><\/li><li class=\"sitemap-item\"><a href=\"https:\/\/casino-worker.com\/es\/hawaiian-diva\/\">\u00a1Juega \u00abHawaiian Diva\u00bb Gratis!<\/a><\/li><li class=\"sitemap-item\"><a href=\"https:\/\/casino-worker.com\/es\/hawaiian-dream\/\">\u00a1Juega \u00abHawaiian Dream\u00bb Gratis!<\/a><\/li><li class=\"sitemap-item\"><a href=\"https:\/\/casino-worker.com\/es\/volley-beauties\/\">\u00a1Juega \u00abVolley Beauties\u00bb Gratis!<\/a><\/li><li class=\"sitemap-item\"><a href=\"https:\/\/casino-worker.com\/es\/wild-beach-party\/\">\u00a1Juega \u00abWild Beach Party\u00bb Gratis!<\/a><\/li><li class=\"sitemap-item\"><a href=\"https:\/\/casino-worker.com\/es\/aviator\/\">\u00a1Juega a Aviator Gratis!<\/a><\/li><li class=\"sitemap-item\"><a href=\"https:\/\/casino-worker.com\/es\/double-rainbow\/\">\u00a1Juega a Double Rainbow Gratis!<\/a><\/li><li class=\"sitemap-item\"><a href=\"https:\/\/casino-worker.com\/es\/ai-casino-dealer\/\">Crupieres con IA: Una Nueva Era para los Casinos en L\u00ednea<\/a><\/li><\/ul><\/div><div class=\"simple-sitemap-wrap golden-hero\"><h3 class=\"term-tag\">Golden Hero<\/h3><p class=\"no-posts\">Sorry, no entradas found.<\/p><\/div><div class=\"simple-sitemap-wrap hacksaw-gaming\"><h3 class=\"term-tag\">Hacksaw Gaming<\/h3><ul class=\"simple-sitemap-post main\"><li class=\"sitemap-item\"><a href=\"https:\/\/casino-worker.com\/es\/double-rainbow\/\">\u00a1Juega a Double Rainbow Gratis!<\/a><\/li><\/ul><\/div><div class=\"simple-sitemap-wrap manna-play\"><h3 class=\"term-tag\">Manna Play<\/h3><ul class=\"simple-sitemap-post main\"><li class=\"sitemap-item\"><a href=\"https:\/\/casino-worker.com\/es\/bikini-queens-dating-2\/\">\u00a1Juega \u00abBikini Queens Dating\u00bb Gratis!<\/a><\/li><li class=\"sitemap-item\"><a href=\"https:\/\/casino-worker.com\/es\/bikini-queens\/\">\u00a1Juega \u00abBikini Queens\u00bb Gratis!<\/a><\/li><\/ul><\/div><div class=\"simple-sitemap-wrap naga-games\"><h3 class=\"term-tag\">Naga Games<\/h3><ul class=\"simple-sitemap-post main\"><li class=\"sitemap-item\"><a href=\"https:\/\/casino-worker.com\/es\/bikini-babes\/\">\u00a1Juega \u00abBikini Babes\u00bb Gratis!<\/a><\/li><\/ul><\/div><div class=\"simple-sitemap-wrap netent\"><h3 class=\"term-tag\">NetEnt<\/h3><p class=\"no-posts\">Sorry, no entradas found.<\/p><\/div><div class=\"simple-sitemap-wrap news\"><h3 class=\"term-tag\">News<\/h3><ul class=\"simple-sitemap-post main\"><li class=\"sitemap-item\"><a href=\"https:\/\/casino-worker.com\/es\/ai-casino-dealer\/\">Crupieres con IA: Una Nueva Era para los Casinos en L\u00ednea<\/a><\/li><li class=\"sitemap-item\"><a href=\"https:\/\/casino-worker.com\/es\/thai-landcasino-bills\/\">\u00daltimos desarrollos en los casinos de Tailandia \u2013 Debate sobre las restricciones para los jugadores locales<\/a><\/li><\/ul><\/div><div class=\"simple-sitemap-wrap nolimit-city\"><h3 class=\"term-tag\">Nolimit City<\/h3><p class=\"no-posts\">Sorry, no entradas found.<\/p><\/div><div class=\"simple-sitemap-wrap payment\"><h3 class=\"term-tag\">Payments<\/h3><ul class=\"simple-sitemap-post main\"><li class=\"sitemap-item\"><a href=\"https:\/\/casino-worker.com\/es\/muchbetter\/\">\u00bfQu\u00e9 es MuchBetter? An\u00e1lisis completo de un servicio de pago en l\u00ednea innovador<\/a><\/li><li class=\"sitemap-item\"><a href=\"https:\/\/casino-worker.com\/es\/payz-2\/\">\u00bfQu\u00e9 es Payz (anteriormente ecoPayz)?<\/a><\/li><li class=\"sitemap-item\"><a href=\"https:\/\/casino-worker.com\/es\/sticpay\/\">\u00bfQu\u00e9 es Sticpay? Soluci\u00f3n de Pago para Casinos en L\u00ednea<\/a><\/li><li class=\"sitemap-item\"><a href=\"https:\/\/casino-worker.com\/es\/vega-wallet\/\">\u3010An\u00e1lisis detallado\u3011\u00bfQu\u00e9 es \u00abVega Wallet\u00bb? Presentamos sus caracter\u00edsticas y usos completos<\/a><\/li><\/ul><\/div><div class=\"simple-sitemap-wrap playn-go\"><h3 class=\"term-tag\">Play\\\\\\\\\\\\\\\\\\\\\\\\\\\\\\&#8217;n Go<\/h3><ul class=\"simple-sitemap-post main\"><li class=\"sitemap-item\"><a href=\"https:\/\/casino-worker.com\/es\/candy-island-princess\/\">\u00a1Juega \u00abCandy Island Princess\u00bb Gratis!<\/a><\/li><\/ul><\/div><div class=\"simple-sitemap-wrap playtech\"><h3 class=\"term-tag\">Playtech<\/h3><p class=\"no-posts\">Sorry, no entradas found.<\/p><\/div><div class=\"simple-sitemap-wrap pragmatic-play\"><h3 class=\"term-tag\">Pragmatic Play<\/h3><ul class=\"simple-sitemap-post main\"><li class=\"sitemap-item\"><a href=\"https:\/\/casino-worker.com\/es\/wild-beach-party\/\">\u00a1Juega \u00abWild Beach Party\u00bb Gratis!<\/a><\/li><\/ul><\/div><div class=\"simple-sitemap-wrap push%e2%80%90gaming\"><h3 class=\"term-tag\">Push Gaming<\/h3><p class=\"no-posts\">Sorry, no entradas found.<\/p><\/div><div class=\"simple-sitemap-wrap red-tiger-gaming\"><h3 class=\"term-tag\">Red Tiger Gaming<\/h3><p class=\"no-posts\">Sorry, no entradas found.<\/p><\/div><div class=\"simple-sitemap-wrap reel-kingdom\"><h3 class=\"term-tag\">Reel Kingdom<\/h3><p class=\"no-posts\">Sorry, no entradas found.<\/p><\/div><div class=\"simple-sitemap-wrap relax-gaming\"><h3 class=\"term-tag\">Relax Gaming<\/h3><p class=\"no-posts\">Sorry, no entradas found.<\/p><\/div><div class=\"simple-sitemap-wrap simpleplay-game-provider\"><h3 class=\"term-tag\">SimplePlay<\/h3><ul class=\"simple-sitemap-post main\"><li class=\"sitemap-item\"><a href=\"https:\/\/casino-worker.com\/es\/volley-beauties\/\">\u00a1Juega \u00abVolley Beauties\u00bb Gratis!<\/a><\/li><\/ul><\/div><div class=\"simple-sitemap-wrap spinomenal\"><h3 class=\"term-tag\">Spinomenal<\/h3><p class=\"no-posts\">Sorry, no entradas found.<\/p><\/div><div class=\"simple-sitemap-wrap spribe\"><h3 class=\"term-tag\">Spribe<\/h3><ul class=\"simple-sitemap-post main\"><li class=\"sitemap-item\"><a href=\"https:\/\/casino-worker.com\/es\/aviator\/\">\u00a1Juega a Aviator Gratis!<\/a><\/li><\/ul><\/div><div class=\"simple-sitemap-wrap web3\"><h3 class=\"term-tag\">web3<\/h3><ul class=\"simple-sitemap-post main\"><li class=\"sitemap-item\"><a href=\"https:\/\/casino-worker.com\/es\/bitcoin\/\">\u00bfQu\u00e9 es Bitcoin? Explicaci\u00f3n completa desde los fundamentos hasta el uso pr\u00e1ctico<\/a><\/li><li class=\"sitemap-item\"><a href=\"https:\/\/casino-worker.com\/es\/kyc\/\">\u00bfQu\u00e9 es KYC (Know Your Customer)?<\/a><\/li><li class=\"sitemap-item\"><a href=\"https:\/\/casino-worker.com\/es\/web3-casino\/\">El estado actual de web3 y el potencial de los casinos en l\u00ednea<\/a><\/li><li class=\"sitemap-item\"><a href=\"https:\/\/casino-worker.com\/es\/ethereum\/\">Ethereum: Una Gu\u00eda Completa desde los Fundamentos hasta las Perspectivas Futuras<\/a><\/li><li class=\"sitemap-item\"><a href=\"https:\/\/casino-worker.com\/es\/gamefi\/\">GameFi: Un an\u00e1lisis integral de la nueva era del gaming y las finanzas con Web3<\/a><\/li><li class=\"sitemap-item\"><a href=\"https:\/\/casino-worker.com\/es\/what-is-web3\/\">web3: Redefiniendo el Futuro de Internet<\/a><\/li><\/ul><\/div><div class=\"simple-sitemap-wrap web3-game\"><h3 class=\"term-tag\">web3 Game<\/h3><ul class=\"simple-sitemap-post main\"><li class=\"sitemap-item\"><a href=\"https:\/\/casino-worker.com\/es\/gamefi\/\">GameFi: Un an\u00e1lisis integral de la nueva era del gaming y las finanzas con Web3<\/a><\/li><\/ul><\/div><div class=\"simple-sitemap-wrap win-fast\"><h3 class=\"term-tag\">Win Fast<\/h3><ul class=\"simple-sitemap-post main\"><li class=\"sitemap-item\"><a href=\"https:\/\/casino-worker.com\/es\/hawaiian-diva\/\">\u00a1Juega \u00abHawaiian Diva\u00bb Gratis!<\/a><\/li><li class=\"sitemap-item\"><a href=\"https:\/\/casino-worker.com\/es\/hawaiian-dream\/\">\u00a1Juega \u00abHawaiian Dream\u00bb Gratis!<\/a><\/li><\/ul><\/div><div class=\"simple-sitemap-wrap yolted\"><h3 class=\"term-tag\">Yolted<\/h3><p class=\"no-posts\">Sorry, no entradas found.<\/p><\/div><\/div><br style=\"clear: both\">\n\n\n<p><\/p>\n","protected":false},"excerpt":{"rendered":"","protected":false},"author":2,"featured_media":0,"parent":0,"menu_order":0,"comment_status":"closed","ping_status":"closed","template":"page-full.php","meta":{"_locale":"es_ES","_original_post":"https:\/\/casino-worker.com\/?page_id=5722","footnotes":""},"tags":[],"class_list":{"0":"post-5742","1":"page","2":"type-page","3":"status-publish","5":"es-ES","6":"article"},"_links":{"self":[{"href":"https:\/\/casino-worker.com\/wp-json\/wp\/v2\/pages\/5742","targetHints":{"allow":["GET"]}}],"collection":[{"href":"https:\/\/casino-worker.com\/wp-json\/wp\/v2\/pages"}],"about":[{"href":"https:\/\/casino-worker.com\/wp-json\/wp\/v2\/types\/page"}],"author":[{"embeddable":true,"href":"https:\/\/casino-worker.com\/wp-json\/wp\/v2\/users\/2"}],"replies":[{"embeddable":true,"href":"https:\/\/casino-worker.com\/wp-json\/wp\/v2\/comments?post=5742"}],"version-history":[{"count":0,"href":"https:\/\/casino-worker.com\/wp-json\/wp\/v2\/pages\/5742\/revisions"}],"wp:attachment":[{"href":"https:\/\/casino-worker.com\/wp-json\/wp\/v2\/media?parent=5742"}],"wp:term":[{"taxonomy":"post_tag","embeddable":true,"href":"https:\/\/casino-worker.com\/wp-json\/wp\/v2\/tags?post=5742"}],"curies":[{"name":"wp","href":"https:\/\/api.w.org\/{rel}","templated":true}]}}