

{"id":2556,"date":"2024-10-30T02:47:48","date_gmt":"2024-10-29T17:47:48","guid":{"rendered":"http:\/\/casino-worker.com\/?page_id=2556"},"modified":"2025-01-04T11:40:21","modified_gmt":"2025-01-04T02:40:21","slug":"privacy-policy","status":"publish","type":"page","link":"https:\/\/casino-worker.com\/fr\/privacy-policy\/","title":{"rendered":"Privacy Policy &#8211; Fran\u00e7ais"},"content":{"rendered":"\n<h1 class=\"wp-block-heading\">Politique de confidentialit\u00e9<\/h1>\n\n\n\n<p>Nous accordons une grande importance \u00e0 la confidentialit\u00e9 de nos utilisateurs et g\u00e9rons les donn\u00e9es personnelles conform\u00e9ment au <strong>RGPD de l&rsquo;UE<\/strong> (R\u00e8glement G\u00e9n\u00e9ral sur la Protection des Donn\u00e9es). Vous trouverez ci-dessous un aper\u00e7u de nos pratiques concernant la collecte, l&rsquo;utilisation et le stockage des donn\u00e9es sur notre site.<\/p>\n\n\n\n<h3 class=\"wp-block-heading\">\u00c0 Propos de Nous<\/h3>\n\n\n\n<p>L&rsquo;adresse de notre site est <strong><a href=\"http:\/\/casino-worker.com\">http:\/\/casino-worker.com<\/a><\/strong>. Pour toute question concernant notre politique de confidentialit\u00e9, veuillez nous contacter via notre formulaire de contact.<\/p>\n\n\n\n<h3 class=\"wp-block-heading\">Commentaires<\/h3>\n\n\n\n<p>Lorsque les visiteurs laissent des commentaires, nous collectons les donn\u00e9es saisies dans le formulaire de commentaire, ainsi que l\u2019<strong>adresse IP<\/strong> et les <strong>informations du navigateur<\/strong>. Ces donn\u00e9es sont utilis\u00e9es pour la d\u00e9tection des spams et l&rsquo;approbation des commentaires. Si l&rsquo;utilisateur utilise Gravatar, son image de profil peut \u00eatre affich\u00e9e avec le commentaire.<\/p>\n\n\n\n<h3 class=\"wp-block-heading\">Cookies<\/h3>\n\n\n\n<p>Notre site utilise des <strong>cookies<\/strong> pour am\u00e9liorer la commodit\u00e9 de l\u2019utilisateur.<\/p>\n\n\n\n<ul class=\"wp-block-list\">\n<li>Les informations de connexion sont temporairement enregistr\u00e9es dans des cookies et sont supprim\u00e9es lorsque le navigateur est ferm\u00e9.<\/li>\n<\/ul>\n\n\n\n<h3 class=\"wp-block-heading\">Contenu Int\u00e9gr\u00e9 d&rsquo;Autres Sites<\/h3>\n\n\n\n<p>Les articles de notre site peuvent inclure du contenu int\u00e9gr\u00e9 provenant d&rsquo;autres sites (par exemple, vid\u00e9os, images, publications). Ce contenu int\u00e9gr\u00e9 se comporte de la m\u00eame mani\u00e8re que si le visiteur visitait directement le site tiers, ce qui peut entra\u00eener une collecte de donn\u00e9es, l&rsquo;utilisation de cookies et un suivi par ces sites.<\/p>\n\n\n\n<h3 class=\"wp-block-heading\">Partage des Donn\u00e9es<\/h3>\n\n\n\n<p>Les commentaires des visiteurs peuvent \u00eatre v\u00e9rifi\u00e9s via un service de d\u00e9tection de spam automatis\u00e9.<\/p>\n\n\n\n<h3 class=\"wp-block-heading\">Politique de Protection des Donn\u00e9es Conform\u00e9ment au RGPD<\/h3>\n\n\n\n<p>Pour les utilisateurs r\u00e9sidant dans l&rsquo;UE, les donn\u00e9es personnelles sont g\u00e9r\u00e9es conform\u00e9ment aux exigences du RGPD, et nous r\u00e9pondons aux demandes d&rsquo;acc\u00e8s, de correction et de suppression des donn\u00e9es si n\u00e9cessaire.<\/p>\n\n\n\n<p><\/p>\n","protected":false},"excerpt":{"rendered":"<p>Politique de confidentialit\u00e9 Nous accordons une grande importance \u00e0 la confidentialit\u00e9 de nos utilisateurs et g\u00e9rons les donn\u00e9es personnelles conform\u00e9ment au RGPD de l&rsquo;UE (R\u00e8glement G\u00e9n\u00e9ral sur la Protection des Donn\u00e9es). Vous trouverez ci-dessous un aper\u00e7u de nos pratiques concernant la collecte, l&rsquo;utilisation et le stockage des donn\u00e9es sur notre site. \u00c0 Propos de Nous&#8230;<\/p>\n","protected":false},"author":2,"featured_media":4219,"parent":0,"menu_order":0,"comment_status":"closed","ping_status":"closed","template":"page-wide.php","meta":{"_locale":"fr_FR","_original_post":"http:\/\/casino-worker.com\/?page_id=1909","footnotes":""},"tags":[],"class_list":{"0":"post-2556","1":"page","2":"type-page","3":"status-publish","4":"has-post-thumbnail","6":"fr-FR","7":"article"},"_links":{"self":[{"href":"https:\/\/casino-worker.com\/wp-json\/wp\/v2\/pages\/2556","targetHints":{"allow":["GET"]}}],"collection":[{"href":"https:\/\/casino-worker.com\/wp-json\/wp\/v2\/pages"}],"about":[{"href":"https:\/\/casino-worker.com\/wp-json\/wp\/v2\/types\/page"}],"author":[{"embeddable":true,"href":"https:\/\/casino-worker.com\/wp-json\/wp\/v2\/users\/2"}],"replies":[{"embeddable":true,"href":"https:\/\/casino-worker.com\/wp-json\/wp\/v2\/comments?post=2556"}],"version-history":[{"count":0,"href":"https:\/\/casino-worker.com\/wp-json\/wp\/v2\/pages\/2556\/revisions"}],"wp:featuredmedia":[{"embeddable":true,"href":"https:\/\/casino-worker.com\/wp-json\/wp\/v2\/media\/4219"}],"wp:attachment":[{"href":"https:\/\/casino-worker.com\/wp-json\/wp\/v2\/media?parent=2556"}],"wp:term":[{"taxonomy":"post_tag","embeddable":true,"href":"https:\/\/casino-worker.com\/wp-json\/wp\/v2\/tags?post=2556"}],"curies":[{"name":"wp","href":"https:\/\/api.w.org\/{rel}","templated":true}]}}