

{"id":2609,"date":"2024-10-30T17:30:55","date_gmt":"2024-10-30T08:30:55","guid":{"rendered":"http:\/\/casino-worker.com\/?page_id=2609"},"modified":"2024-12-26T18:48:17","modified_gmt":"2024-12-26T09:48:17","slug":"arbitration-support","status":"publish","type":"page","link":"https:\/\/casino-worker.com\/fr\/arbitration-support\/","title":{"rendered":"Exclusif \u00e0 Casino Worker \u2013 Assistance pour les Litiges de Casinos"},"content":{"rendered":"\n<p>Si vous rencontrez des probl\u00e8mes avec un casino en ligne, <strong>Casino Worker<\/strong> est l\u00e0 pour vous aider \u00e0 r\u00e9soudre vos pr\u00e9occupations gr\u00e2ce aux services de support suivants.<\/p>\n\n\n\n<h4 class=\"wp-block-heading\"><strong>Probl\u00e8mes Courants<\/strong><\/h4>\n\n\n\n<ul class=\"wp-block-list\">\n<li>Fonds d\u00e9pos\u00e9s qui n\u2019apparaissent pas dans votre solde<\/li>\n\n\n\n<li>Retraits retard\u00e9s<\/li>\n\n\n\n<li>Bonus non cr\u00e9dit\u00e9s, etc.<\/li>\n<\/ul>\n\n\n\n<h4 class=\"wp-block-heading\">D\u00e9tails et Exp\u00e9rience de l&rsquo;Assistance<\/h4>\n\n\n\n<p>L&rsquo;administrateur de <strong>Casino Worker<\/strong>, \u201cOslo,\u201d poss\u00e8de <strong>quatre ans d&rsquo;exp\u00e9rience<\/strong> dans l&rsquo;industrie des casinos en ligne et utilise cette expertise pour aider \u00e0 la r\u00e9solution des litiges. Avec une approche centr\u00e9e sur le joueur, nous vous aidons \u00e0 engager le dialogue avec le casino pour r\u00e9soudre les probl\u00e8mes. <strong><span class=\"pre--maker span-stk-maker-yellow\">Cependant, veuillez noter que l&rsquo;arbitrage ne garantit pas la r\u00e9solution de tous les cas.<\/span><\/strong><\/p>\n\n\n\n<h4 class=\"wp-block-heading\"><strong>Processus de Support<\/strong><\/h4>\n\n\n\n<ol class=\"wp-block-list\">\n<li>Veuillez d&rsquo;abord contacter directement le support client du casino pour tenter de r\u00e9soudre le probl\u00e8me par vous-m\u00eame.<\/li>\n\n\n\n<li>Si le casino n\u2019est pas en mesure de vous aider, <strong>Casino Worker<\/strong> peut intervenir pour fournir une assistance en arbitrage.<\/li>\n\n\n\n<li>Pour demander un arbitrage, veuillez contacter le compte Casino Worker sur <strong>X (anciennement Twitter)<\/strong>. L&rsquo;inclusion des informations suivantes acc\u00e9l\u00e9rera le processus :\n<ul class=\"wp-block-list\">\n<li><strong>Adresse e-mail utilis\u00e9e pour l&rsquo;inscription au casino<\/strong><\/li>\n\n\n\n<li><strong>Nom d&rsquo;utilisateur<\/strong><\/li>\n\n\n\n<li><strong>D\u00e9tails du probl\u00e8me<\/strong> (si possible, ajoutez des captures d&rsquo;\u00e9cran ou d&rsquo;autres preuves pertinentes)<\/li>\n<\/ul>\n<\/li>\n<\/ol>\n\n\n\n<h4 class=\"wp-block-heading\"><strong>M\u00e9thode de Contact<\/strong><\/h4>\n\n\n\n<p>Veuillez envoyer un message direct \u00e0 l&rsquo;administrateur sur <strong>X (anciennement Twitter)<\/strong>.<\/p>\n\n\n\n<div class=\"wp-block-buttons is-style-big is-content-justification-center is-layout-flex wp-container-core-buttons-is-layout-c83fbfdc wp-block-buttons-is-layout-flex\">\n<div class=\"wp-block-button is-style-fill stk-shiny-button\"><a class=\"wp-block-button__link wp-element-button\" href=\"https:\/\/x.com\/Casino_Worker_\">Lien vers Casino Worker sur X (anciennement Twitter)<\/a><\/div>\n<\/div>\n\n\n\n<p>Avec les informations appropri\u00e9es, nous ferons tout notre possible pour vous fournir une r\u00e9ponse rapide.<\/p>\n\n\n\n<p><strong>Remarque <\/strong>: Ce service vise \u00e0 aider les joueurs \u00e0 chercher une solution \u00e0 leurs probl\u00e8mes, mais ne garantit pas les r\u00e9sultats finaux.<\/p>\n","protected":false},"excerpt":{"rendered":"<p>Si vous rencontrez des probl\u00e8mes avec un casino en ligne, Casino Worker est l\u00e0 pour vous aider \u00e0 r\u00e9soudre vos pr\u00e9occupations gr\u00e2ce aux services de support suivants. Probl\u00e8mes Courants D\u00e9tails et Exp\u00e9rience de l&rsquo;Assistance L&rsquo;administrateur de Casino Worker, \u201cOslo,\u201d poss\u00e8de quatre ans d&rsquo;exp\u00e9rience dans l&rsquo;industrie des casinos en ligne et utilise cette expertise pour aider&#8230;<\/p>\n","protected":false},"author":2,"featured_media":0,"parent":0,"menu_order":0,"comment_status":"closed","ping_status":"closed","template":"page-full.php","meta":{"_locale":"fr_FR","_original_post":"http:\/\/casino-worker.com\/?page_id=2387","footnotes":""},"tags":[240],"class_list":{"0":"post-2609","1":"page","2":"type-page","3":"status-publish","5":"tag-fr","6":"fr-FR","7":"article"},"_links":{"self":[{"href":"https:\/\/casino-worker.com\/wp-json\/wp\/v2\/pages\/2609","targetHints":{"allow":["GET"]}}],"collection":[{"href":"https:\/\/casino-worker.com\/wp-json\/wp\/v2\/pages"}],"about":[{"href":"https:\/\/casino-worker.com\/wp-json\/wp\/v2\/types\/page"}],"author":[{"embeddable":true,"href":"https:\/\/casino-worker.com\/wp-json\/wp\/v2\/users\/2"}],"replies":[{"embeddable":true,"href":"https:\/\/casino-worker.com\/wp-json\/wp\/v2\/comments?post=2609"}],"version-history":[{"count":0,"href":"https:\/\/casino-worker.com\/wp-json\/wp\/v2\/pages\/2609\/revisions"}],"wp:attachment":[{"href":"https:\/\/casino-worker.com\/wp-json\/wp\/v2\/media?parent=2609"}],"wp:term":[{"taxonomy":"post_tag","embeddable":true,"href":"https:\/\/casino-worker.com\/wp-json\/wp\/v2\/tags?post=2609"}],"curies":[{"name":"wp","href":"https:\/\/api.w.org\/{rel}","templated":true}]}}