

{"id":5745,"date":"2025-01-27T07:28:31","date_gmt":"2025-01-27T06:28:31","guid":{"rendered":"https:\/\/casino-worker.com\/?page_id=5745"},"modified":"2025-01-27T07:28:32","modified_gmt":"2025-01-27T06:28:32","slug":"site-map","status":"publish","type":"page","link":"https:\/\/casino-worker.com\/fr\/site-map\/","title":{"rendered":"Plan du site"},"content":{"rendered":"<div id=\"simple-sitemap-container-69f3b03f7aee2\" class=\"simple-sitemap-container simple-sitemap-container-69f3b03f7aee2\"><div class=\"simple-sitemap-wrap aml\"><h3 class=\"term-tag\">AML<\/h3><ul class=\"simple-sitemap-post main\"><li class=\"sitemap-item\"><a href=\"https:\/\/casino-worker.com\/fr\/kyc\/\">Qu\u2019est-ce que le KYC (Know Your Customer) ?<\/a><\/li><\/ul><\/div><div class=\"simple-sitemap-wrap baricata\"><h3 class=\"term-tag\">Baricata<\/h3><p class=\"no-posts\">Sorry, no articles found.<\/p><\/div><div class=\"simple-sitemap-wrap bgaming\"><h3 class=\"term-tag\">BGAMING<\/h3><p class=\"no-posts\">Sorry, no articles found.<\/p><\/div><div class=\"simple-sitemap-wrap big-time-gaming\"><h3 class=\"term-tag\">Big Time Gaming<\/h3><p class=\"no-posts\">Sorry, no articles found.<\/p><\/div><div class=\"simple-sitemap-wrap casino\"><h3 class=\"term-tag\">Casino<\/h3><ul class=\"simple-sitemap-post main\"><li class=\"sitemap-item\"><a href=\"https:\/\/casino-worker.com\/fr\/vega-wallet\/\">\u3010Analyse d\u00e9taill\u00e9e\u3011Qu&rsquo;est-ce que le \u00ab\u00a0Vega Wallet\u00a0\u00bb ? Pr\u00e9sentation compl\u00e8te de ses fonctionnalit\u00e9s !<\/a><\/li><li class=\"sitemap-item\"><a href=\"https:\/\/casino-worker.com\/fr\/how-to-start\/\">Comment Commencer \u00e0 Jouer sur un Casino en Ligne \u2013 Guide Complet pour D\u00e9butants<\/a><\/li><li class=\"sitemap-item\"><a href=\"https:\/\/casino-worker.com\/fr\/ramenbet\/\">D\u00e9couvrez le Charme de RamenBet !<\/a><\/li><li class=\"sitemap-item\"><a href=\"https:\/\/casino-worker.com\/fr\/deposit\/\">D\u00e9posons de l\u2019argent sur un casino en ligne !\uff5cGuide complet des m\u00e9thodes de d\u00e9p\u00f4t<\/a><\/li><li class=\"sitemap-item\"><a href=\"https:\/\/casino-worker.com\/fr\/no-deposit\/\">\u00c9dition 2025 \u2013 Attrait des Bonus Sans D\u00e9p\u00f4t !<\/a><\/li><li class=\"sitemap-item\"><a href=\"https:\/\/casino-worker.com\/fr\/first-deposit\/\">\u00c9dition 2025 \u2013 Optimisez vos Bonus de Bienvenue : Guide des Meilleurs Casinos<\/a><\/li><li class=\"sitemap-item\"><a href=\"https:\/\/casino-worker.com\/fr\/crypto-casino\/\">\u00c9dition 2025 : Cryptomonnaies et Actifs Num\u00e9riques dans les Casinos en Ligne<\/a><\/li><li class=\"sitemap-item\"><a href=\"https:\/\/casino-worker.com\/fr\/fortune-panda\/\">Fortune Panda Casino \u2013 Revue Compl\u00e8te 2025<\/a><\/li><li class=\"sitemap-item\"><a href=\"https:\/\/casino-worker.com\/fr\/bons\/\">Guide Complet sur le Charme de Bons Casino !<\/a><\/li><li class=\"sitemap-item\"><a href=\"https:\/\/casino-worker.com\/fr\/hawaiian-dream\/\">Jouez \u00e0 \u00ab\u00a0Hawaiian Dream\u00a0\u00bb Gratuitement !<\/a><\/li><li class=\"sitemap-item\"><a href=\"https:\/\/casino-worker.com\/fr\/king-carrot\/\">Jouez \u00e0 \u201cKing Carrot\u201d gratuitement !<\/a><\/li><li class=\"sitemap-item\"><a href=\"https:\/\/casino-worker.com\/fr\/bikini-babes\/\">Jouez \u00e0 Bikini Babes Gratuitement !<\/a><\/li><li class=\"sitemap-item\"><a href=\"https:\/\/casino-worker.com\/fr\/bikini-queens-dating\/\">Jouez \u00e0 Bikini Queens Dating Gratuitement !<\/a><\/li><li class=\"sitemap-item\"><a href=\"https:\/\/casino-worker.com\/fr\/bikini-queens\/\">Jouez \u00e0 Bikini Queens Gratuitement !<\/a><\/li><li class=\"sitemap-item\"><a href=\"https:\/\/casino-worker.com\/fr\/book-of-dead\/\">Jouez \u00e0 Book of Dead gratuitement !<\/a><\/li><li class=\"sitemap-item\"><a href=\"https:\/\/casino-worker.com\/fr\/candy-island-princess\/\">Jouez \u00e0 Candy Island Princess Gratuitement !<\/a><\/li><li class=\"sitemap-item\"><a href=\"https:\/\/casino-worker.com\/fr\/double-rainbow\/\">Jouez \u00e0 Double Rainbow Gratuitement !<\/a><\/li><li class=\"sitemap-item\"><a href=\"https:\/\/casino-worker.com\/fr\/gates-of-olympus\/\">Jouez \u00e0 Gates of Olympus gratuitement !<\/a><\/li><li class=\"sitemap-item\"><a href=\"https:\/\/casino-worker.com\/fr\/hawaiian-diva\/\">Jouez \u00e0 Hawaiian Diva Gratuitement !<\/a><\/li><li class=\"sitemap-item\"><a href=\"https:\/\/casino-worker.com\/fr\/honey-rush\/\">Jouez \u00e0 Honey Rush Gratuitement !<\/a><\/li><li class=\"sitemap-item\"><a href=\"https:\/\/casino-worker.com\/fr\/jammin-jars\/\">Jouez \u00e0 Jammin\u2019 Jars gratuitement !<\/a><\/li><li class=\"sitemap-item\"><a href=\"https:\/\/casino-worker.com\/fr\/moon-princess\/\">Jouez \u00e0 Moon Princess gratuitement !<\/a><\/li><li class=\"sitemap-item\"><a href=\"https:\/\/casino-worker.com\/fr\/reactoonz\/\">Jouez \u00e0 Reactoonz gratuitement !<\/a><\/li><li class=\"sitemap-item\"><a href=\"https:\/\/casino-worker.com\/fr\/tome-of-madness\/\">Jouez \u00e0 Tome of Madness gratuitement !<\/a><\/li><li class=\"sitemap-item\"><a href=\"https:\/\/casino-worker.com\/fr\/volley-beauties\/\">Jouez \u00e0 Volley Beauties Gratuitement !<\/a><\/li><li class=\"sitemap-item\"><a href=\"https:\/\/casino-worker.com\/fr\/wild-beach-party\/\">Jouez \u00e0 Wild Beach Party Gratuitement !<\/a><\/li><li class=\"sitemap-item\"><a href=\"https:\/\/casino-worker.com\/fr\/sweet-bonanza\/\">Jouez gratuitement \u00e0 Sweet Bonanza !<\/a><\/li><li class=\"sitemap-item\"><a href=\"https:\/\/casino-worker.com\/fr\/kryptosino\/\">Kryptosino Casino Review!<\/a><\/li><li class=\"sitemap-item\"><a href=\"https:\/\/casino-worker.com\/fr\/withdrawal\/\">M\u00e9thodes de Retrait dans les Casinos en Ligne | Obtenez Vos Gains !<\/a><\/li><li class=\"sitemap-item\"><a href=\"https:\/\/casino-worker.com\/fr\/casino-licence\/\">Qu&rsquo;est-ce qu&rsquo;une licence de casino en ligne ?<\/a><\/li><li class=\"sitemap-item\"><a href=\"https:\/\/casino-worker.com\/fr\/muchbetter\/\">Qu\u2019est-ce que MuchBetter ? Un aper\u00e7u complet d\u2019un service de paiement en ligne novateur<\/a><\/li><li class=\"sitemap-item\"><a href=\"https:\/\/casino-worker.com\/fr\/payz\/\">Qu\u2019est-ce que Payz (anciennement ecoPayz) ?<\/a><\/li><li class=\"sitemap-item\"><a href=\"https:\/\/casino-worker.com\/fr\/vave\/\">Revue Compl\u00e8te du Casino Vave<\/a><\/li><li class=\"sitemap-item\"><a href=\"https:\/\/casino-worker.com\/fr\/summer-special\/\">Sp\u00e9cial Maillots de Bain d&rsquo;\u00c9t\u00e9 sur les Machines \u00e0 Sous !<\/a><\/li><li class=\"sitemap-item\"><a href=\"https:\/\/casino-worker.com\/fr\/sticpay\/\">Sticpay : Solution de paiement pour casinos en ligne<\/a><\/li><\/ul><\/div><div class=\"simple-sitemap-wrap casino-brand\"><h3 class=\"term-tag\">Casino Brand<\/h3><ul class=\"simple-sitemap-post main\"><li class=\"sitemap-item\"><a href=\"https:\/\/casino-worker.com\/fr\/ramenbet\/\">D\u00e9couvrez le Charme de RamenBet !<\/a><\/li><li class=\"sitemap-item\"><a href=\"https:\/\/casino-worker.com\/fr\/no-deposit\/\">\u00c9dition 2025 \u2013 Attrait des Bonus Sans D\u00e9p\u00f4t !<\/a><\/li><li class=\"sitemap-item\"><a href=\"https:\/\/casino-worker.com\/fr\/first-deposit\/\">\u00c9dition 2025 \u2013 Optimisez vos Bonus de Bienvenue : Guide des Meilleurs Casinos<\/a><\/li><li class=\"sitemap-item\"><a href=\"https:\/\/casino-worker.com\/fr\/crypto-casino\/\">\u00c9dition 2025 : Cryptomonnaies et Actifs Num\u00e9riques dans les Casinos en Ligne<\/a><\/li><li class=\"sitemap-item\"><a href=\"https:\/\/casino-worker.com\/fr\/fortune-panda\/\">Fortune Panda Casino \u2013 Revue Compl\u00e8te 2025<\/a><\/li><li class=\"sitemap-item\"><a href=\"https:\/\/casino-worker.com\/fr\/bons\/\">Guide Complet sur le Charme de Bons Casino !<\/a><\/li><li class=\"sitemap-item\"><a href=\"https:\/\/casino-worker.com\/fr\/kryptosino\/\">Kryptosino Casino Review!<\/a><\/li><li class=\"sitemap-item\"><a href=\"https:\/\/casino-worker.com\/fr\/vave\/\">Revue Compl\u00e8te du Casino Vave<\/a><\/li><\/ul><\/div><div class=\"simple-sitemap-wrap column\"><h3 class=\"term-tag\">Column<\/h3><ul class=\"simple-sitemap-post main\"><li class=\"sitemap-item\"><a href=\"https:\/\/casino-worker.com\/fr\/about-us\/\">\u00c0 propos de Casino Worker<\/a><\/li><li class=\"sitemap-item\"><a href=\"https:\/\/casino-worker.com\/fr\/online-casino-column\/\">Ce qu&rsquo;il Faut Savoir sur les Casinos en Ligne<\/a><\/li><li class=\"sitemap-item\"><a href=\"https:\/\/casino-worker.com\/fr\/gamblers\/\">Combien y a-t-il d\u2019amateurs de jeux de hasard dans le monde ?<\/a><\/li><li class=\"sitemap-item\"><a href=\"https:\/\/casino-worker.com\/fr\/how-to-choose-a-good-online-casino\/\">Comment choisir un bon casino en ligne : 10 crit\u00e8res ax\u00e9s sur la fiabilit\u00e9 et le confort<\/a><\/li><li class=\"sitemap-item\"><a href=\"https:\/\/casino-worker.com\/fr\/fifa-2026\/\">Coupe du Monde de la FIFA 2026 : Le plus grand spectacle de football en Am\u00e9rique du Nord<\/a><\/li><li class=\"sitemap-item\"><a href=\"https:\/\/casino-worker.com\/fr\/esports\/\">Explication de l&rsquo;Industrie de l&rsquo;eSports<\/a><\/li><li class=\"sitemap-item\"><a href=\"https:\/\/casino-worker.com\/fr\/casino-strategy\/\">Les meilleures strat\u00e9gies pour les casinos en ligne : Un guide complet pour gagner<\/a><\/li><li class=\"sitemap-item\"><a href=\"https:\/\/casino-worker.com\/fr\/casino-licence\/\">Qu&rsquo;est-ce qu&rsquo;une licence de casino en ligne ?<\/a><\/li><li class=\"sitemap-item\"><a href=\"https:\/\/casino-worker.com\/fr\/online-casino-industry\/\">Qu\u2019est-ce que l\u2019industrie des casinos en ligne ? Plong\u00e9e approfondie dans son histoire !<\/a><\/li><li class=\"sitemap-item\"><a href=\"https:\/\/casino-worker.com\/fr\/sigma-europe-2024\/\">SiGMA 2024 : La plus grande exposition mondiale ?<\/a><\/li><li class=\"sitemap-item\"><a href=\"https:\/\/casino-worker.com\/fr\/how-to-enjoy\/\">Un guide complet pour profiter des casinos en ligne !<\/a><\/li><\/ul><\/div><div class=\"simple-sitemap-wrap crypto\"><h3 class=\"term-tag\">Crypto<\/h3><ul class=\"simple-sitemap-post main\"><li class=\"sitemap-item\"><a href=\"https:\/\/casino-worker.com\/fr\/ethereum\/\">Ethereum : Une Explication Compl\u00e8te des Fondamentaux \u00e0 la P\u00e9rennit\u00e9<\/a><\/li><li class=\"sitemap-item\"><a href=\"https:\/\/casino-worker.com\/fr\/bitcoin\/\">Qu\u2019est-ce que le Bitcoin ? Pr\u00e9sentation compl\u00e8te, des bases \u00e0 l\u2019utilisation pratique<\/a><\/li><\/ul><\/div><div class=\"simple-sitemap-wrap free-casino-games\"><h3 class=\"term-tag\">Game provider<\/h3><ul class=\"simple-sitemap-post main\"><li class=\"sitemap-item\"><a href=\"https:\/\/casino-worker.com\/fr\/hawaiian-dream\/\">Jouez \u00e0 \u00ab\u00a0Hawaiian Dream\u00a0\u00bb Gratuitement !<\/a><\/li><li class=\"sitemap-item\"><a href=\"https:\/\/casino-worker.com\/fr\/king-carrot\/\">Jouez \u00e0 \u201cKing Carrot\u201d gratuitement !<\/a><\/li><li class=\"sitemap-item\"><a href=\"https:\/\/casino-worker.com\/fr\/bikini-babes\/\">Jouez \u00e0 Bikini Babes Gratuitement !<\/a><\/li><li class=\"sitemap-item\"><a href=\"https:\/\/casino-worker.com\/fr\/bikini-queens-dating\/\">Jouez \u00e0 Bikini Queens Dating Gratuitement !<\/a><\/li><li class=\"sitemap-item\"><a href=\"https:\/\/casino-worker.com\/fr\/bikini-queens\/\">Jouez \u00e0 Bikini Queens Gratuitement !<\/a><\/li><li class=\"sitemap-item\"><a href=\"https:\/\/casino-worker.com\/fr\/book-of-dead\/\">Jouez \u00e0 Book of Dead gratuitement !<\/a><\/li><li class=\"sitemap-item\"><a href=\"https:\/\/casino-worker.com\/fr\/candy-island-princess\/\">Jouez \u00e0 Candy Island Princess Gratuitement !<\/a><\/li><li class=\"sitemap-item\"><a href=\"https:\/\/casino-worker.com\/fr\/double-rainbow\/\">Jouez \u00e0 Double Rainbow Gratuitement !<\/a><\/li><li class=\"sitemap-item\"><a href=\"https:\/\/casino-worker.com\/fr\/gates-of-olympus\/\">Jouez \u00e0 Gates of Olympus gratuitement !<\/a><\/li><li class=\"sitemap-item\"><a href=\"https:\/\/casino-worker.com\/fr\/hawaiian-diva\/\">Jouez \u00e0 Hawaiian Diva Gratuitement !<\/a><\/li><li class=\"sitemap-item\"><a href=\"https:\/\/casino-worker.com\/fr\/honey-rush\/\">Jouez \u00e0 Honey Rush Gratuitement !<\/a><\/li><li class=\"sitemap-item\"><a href=\"https:\/\/casino-worker.com\/fr\/jammin-jars\/\">Jouez \u00e0 Jammin\u2019 Jars gratuitement !<\/a><\/li><li class=\"sitemap-item\"><a href=\"https:\/\/casino-worker.com\/fr\/moon-princess\/\">Jouez \u00e0 Moon Princess gratuitement !<\/a><\/li><li class=\"sitemap-item\"><a href=\"https:\/\/casino-worker.com\/fr\/reactoonz\/\">Jouez \u00e0 Reactoonz gratuitement !<\/a><\/li><li class=\"sitemap-item\"><a href=\"https:\/\/casino-worker.com\/fr\/tome-of-madness\/\">Jouez \u00e0 Tome of Madness gratuitement !<\/a><\/li><li class=\"sitemap-item\"><a href=\"https:\/\/casino-worker.com\/fr\/volley-beauties\/\">Jouez \u00e0 Volley Beauties Gratuitement !<\/a><\/li><li class=\"sitemap-item\"><a href=\"https:\/\/casino-worker.com\/fr\/wild-beach-party\/\">Jouez \u00e0 Wild Beach Party Gratuitement !<\/a><\/li><li class=\"sitemap-item\"><a href=\"https:\/\/casino-worker.com\/fr\/sweet-bonanza\/\">Jouez gratuitement \u00e0 Sweet Bonanza !<\/a><\/li><li class=\"sitemap-item\"><a href=\"https:\/\/casino-worker.com\/fr\/summer-special\/\">Sp\u00e9cial Maillots de Bain d&rsquo;\u00c9t\u00e9 sur les Machines \u00e0 Sous !<\/a><\/li><\/ul><\/div><div class=\"simple-sitemap-wrap golden-hero\"><h3 class=\"term-tag\">Golden Hero<\/h3><p class=\"no-posts\">Sorry, no articles found.<\/p><\/div><div class=\"simple-sitemap-wrap hacksaw-gaming\"><h3 class=\"term-tag\">Hacksaw Gaming<\/h3><ul class=\"simple-sitemap-post main\"><li class=\"sitemap-item\"><a href=\"https:\/\/casino-worker.com\/fr\/king-carrot\/\">Jouez \u00e0 \u201cKing Carrot\u201d gratuitement !<\/a><\/li><li class=\"sitemap-item\"><a href=\"https:\/\/casino-worker.com\/fr\/double-rainbow\/\">Jouez \u00e0 Double Rainbow Gratuitement !<\/a><\/li><\/ul><\/div><div class=\"simple-sitemap-wrap manna-play\"><h3 class=\"term-tag\">Manna Play<\/h3><ul class=\"simple-sitemap-post main\"><li class=\"sitemap-item\"><a href=\"https:\/\/casino-worker.com\/fr\/bikini-queens-dating\/\">Jouez \u00e0 Bikini Queens Dating Gratuitement !<\/a><\/li><li class=\"sitemap-item\"><a href=\"https:\/\/casino-worker.com\/fr\/bikini-queens\/\">Jouez \u00e0 Bikini Queens Gratuitement !<\/a><\/li><\/ul><\/div><div class=\"simple-sitemap-wrap naga-games\"><h3 class=\"term-tag\">Naga Games<\/h3><ul class=\"simple-sitemap-post main\"><li class=\"sitemap-item\"><a href=\"https:\/\/casino-worker.com\/fr\/bikini-babes\/\">Jouez \u00e0 Bikini Babes Gratuitement !<\/a><\/li><\/ul><\/div><div class=\"simple-sitemap-wrap netent\"><h3 class=\"term-tag\">NetEnt<\/h3><p class=\"no-posts\">Sorry, no articles found.<\/p><\/div><div class=\"simple-sitemap-wrap news\"><h3 class=\"term-tag\">News<\/h3><ul class=\"simple-sitemap-post main\"><li class=\"sitemap-item\"><a href=\"https:\/\/casino-worker.com\/fr\/ai-casino-dealer\/\">Croupiers IA : Une Nouvelle \u00c8re pour les Casinos en Ligne<\/a><\/li><li class=\"sitemap-item\"><a href=\"https:\/\/casino-worker.com\/fr\/thai-landcasino-bills\/\">Derni\u00e8res \u00e9volutions des casinos en Tha\u00eflande \u2013 D\u00e9bat sur les restrictions bas\u00e9es sur la richesse pour les joueurs locaux<\/a><\/li><li class=\"sitemap-item\"><a href=\"https:\/\/casino-worker.com\/fr\/sega-sammy\/\">SEGA SAMMY HOLDINGS entre sur le march\u00e9 am\u00e9ricain des casinos en ligne<\/a><\/li><li class=\"sitemap-item\"><a href=\"https:\/\/casino-worker.com\/fr\/sigma-europe-2024\/\">SiGMA 2024 : La plus grande exposition mondiale ?<\/a><\/li><\/ul><\/div><div class=\"simple-sitemap-wrap nolimit-city\"><h3 class=\"term-tag\">Nolimit City<\/h3><p class=\"no-posts\">Sorry, no articles found.<\/p><\/div><div class=\"simple-sitemap-wrap payment\"><h3 class=\"term-tag\">Payments<\/h3><ul class=\"simple-sitemap-post main\"><li class=\"sitemap-item\"><a href=\"https:\/\/casino-worker.com\/fr\/vega-wallet\/\">\u3010Analyse d\u00e9taill\u00e9e\u3011Qu&rsquo;est-ce que le \u00ab\u00a0Vega Wallet\u00a0\u00bb ? Pr\u00e9sentation compl\u00e8te de ses fonctionnalit\u00e9s !<\/a><\/li><li class=\"sitemap-item\"><a href=\"https:\/\/casino-worker.com\/fr\/muchbetter\/\">Qu\u2019est-ce que MuchBetter ? Un aper\u00e7u complet d\u2019un service de paiement en ligne novateur<\/a><\/li><li class=\"sitemap-item\"><a href=\"https:\/\/casino-worker.com\/fr\/payz\/\">Qu\u2019est-ce que Payz (anciennement ecoPayz) ?<\/a><\/li><li class=\"sitemap-item\"><a href=\"https:\/\/casino-worker.com\/fr\/sticpay\/\">Sticpay : Solution de paiement pour casinos en ligne<\/a><\/li><\/ul><\/div><div class=\"simple-sitemap-wrap playn-go\"><h3 class=\"term-tag\">Playn Go\t<\/h3><ul class=\"simple-sitemap-post main\"><li class=\"sitemap-item\"><a href=\"https:\/\/casino-worker.com\/fr\/book-of-dead\/\">Jouez \u00e0 Book of Dead gratuitement !<\/a><\/li><li class=\"sitemap-item\"><a href=\"https:\/\/casino-worker.com\/fr\/candy-island-princess\/\">Jouez \u00e0 Candy Island Princess Gratuitement !<\/a><\/li><li class=\"sitemap-item\"><a href=\"https:\/\/casino-worker.com\/fr\/honey-rush\/\">Jouez \u00e0 Honey Rush Gratuitement !<\/a><\/li><li class=\"sitemap-item\"><a href=\"https:\/\/casino-worker.com\/fr\/moon-princess\/\">Jouez \u00e0 Moon Princess gratuitement !<\/a><\/li><li class=\"sitemap-item\"><a href=\"https:\/\/casino-worker.com\/fr\/reactoonz\/\">Jouez \u00e0 Reactoonz gratuitement !<\/a><\/li><li class=\"sitemap-item\"><a href=\"https:\/\/casino-worker.com\/fr\/tome-of-madness\/\">Jouez \u00e0 Tome of Madness gratuitement !<\/a><\/li><\/ul><\/div><div class=\"simple-sitemap-wrap playtech\"><h3 class=\"term-tag\">Playtech<\/h3><p class=\"no-posts\">Sorry, no articles found.<\/p><\/div><div class=\"simple-sitemap-wrap pragmatic-play\"><h3 class=\"term-tag\">Pragmatic Play<\/h3><ul class=\"simple-sitemap-post main\"><li class=\"sitemap-item\"><a href=\"https:\/\/casino-worker.com\/fr\/gates-of-olympus\/\">Jouez \u00e0 Gates of Olympus gratuitement !<\/a><\/li><li class=\"sitemap-item\"><a href=\"https:\/\/casino-worker.com\/fr\/wild-beach-party\/\">Jouez \u00e0 Wild Beach Party Gratuitement !<\/a><\/li><li class=\"sitemap-item\"><a href=\"https:\/\/casino-worker.com\/fr\/sweet-bonanza\/\">Jouez gratuitement \u00e0 Sweet Bonanza !<\/a><\/li><\/ul><\/div><div class=\"simple-sitemap-wrap push%e2%80%90gaming\"><h3 class=\"term-tag\">Push Gaming<\/h3><ul class=\"simple-sitemap-post main\"><li class=\"sitemap-item\"><a href=\"https:\/\/casino-worker.com\/fr\/jammin-jars\/\">Jouez \u00e0 Jammin\u2019 Jars gratuitement !<\/a><\/li><\/ul><\/div><div class=\"simple-sitemap-wrap red-tiger-gaming\"><h3 class=\"term-tag\">Red Tiger Gaming<\/h3><p class=\"no-posts\">Sorry, no articles found.<\/p><\/div><div class=\"simple-sitemap-wrap reel-kingdom\"><h3 class=\"term-tag\">Reel Kingdom<\/h3><p class=\"no-posts\">Sorry, no articles found.<\/p><\/div><div class=\"simple-sitemap-wrap relax-gaming\"><h3 class=\"term-tag\">Relax Gaming<\/h3><p class=\"no-posts\">Sorry, no articles found.<\/p><\/div><div class=\"simple-sitemap-wrap simpleplay-game-provider\"><h3 class=\"term-tag\">SimplePlay<\/h3><ul class=\"simple-sitemap-post main\"><li class=\"sitemap-item\"><a href=\"https:\/\/casino-worker.com\/fr\/volley-beauties\/\">Jouez \u00e0 Volley Beauties Gratuitement !<\/a><\/li><\/ul><\/div><div class=\"simple-sitemap-wrap spinomenal\"><h3 class=\"term-tag\">Spinomenal<\/h3><p class=\"no-posts\">Sorry, no articles found.<\/p><\/div><div class=\"simple-sitemap-wrap spribe\"><h3 class=\"term-tag\">Spribe<\/h3><p class=\"no-posts\">Sorry, no articles found.<\/p><\/div><div class=\"simple-sitemap-wrap web3\"><h3 class=\"term-tag\">web3<\/h3><ul class=\"simple-sitemap-post main\"><li class=\"sitemap-item\"><a href=\"https:\/\/casino-worker.com\/fr\/ethereum\/\">Ethereum : Une Explication Compl\u00e8te des Fondamentaux \u00e0 la P\u00e9rennit\u00e9<\/a><\/li><li class=\"sitemap-item\"><a href=\"https:\/\/casino-worker.com\/fr\/gamefi\/\">GameFi : Une analyse compl\u00e8te de la nouvelle \u00e8re du gaming et des finances avec Web3<\/a><\/li><li class=\"sitemap-item\"><a href=\"https:\/\/casino-worker.com\/fr\/what-is-web3\/\">Le web3 peut-il vraiment red\u00e9finir l\u2019avenir d\u2019internet ?<\/a><\/li><li class=\"sitemap-item\"><a href=\"https:\/\/casino-worker.com\/fr\/onlinecasinos-popularize-web3\/\">Les casinos en ligne : catalyseurs de l\u2019adoption de Web3 ?<\/a><\/li><li class=\"sitemap-item\"><a href=\"https:\/\/casino-worker.com\/fr\/bitcoin\/\">Qu\u2019est-ce que le Bitcoin ? Pr\u00e9sentation compl\u00e8te, des bases \u00e0 l\u2019utilisation pratique<\/a><\/li><li class=\"sitemap-item\"><a href=\"https:\/\/casino-worker.com\/fr\/kyc\/\">Qu\u2019est-ce que le KYC (Know Your Customer) ?<\/a><\/li><li class=\"sitemap-item\"><a href=\"https:\/\/casino-worker.com\/fr\/web3-onlinecasino\/\">Statut actuel du web3 et potentiel des casinos en ligne<\/a><\/li><\/ul><\/div><div class=\"simple-sitemap-wrap web3-game\"><h3 class=\"term-tag\">web3 Game<\/h3><ul class=\"simple-sitemap-post main\"><li class=\"sitemap-item\"><a href=\"https:\/\/casino-worker.com\/fr\/gamefi\/\">GameFi : Une analyse compl\u00e8te de la nouvelle \u00e8re du gaming et des finances avec Web3<\/a><\/li><\/ul><\/div><div class=\"simple-sitemap-wrap win-fast\"><h3 class=\"term-tag\">Win Fast<\/h3><ul class=\"simple-sitemap-post main\"><li class=\"sitemap-item\"><a href=\"https:\/\/casino-worker.com\/fr\/hawaiian-dream\/\">Jouez \u00e0 \u00ab\u00a0Hawaiian Dream\u00a0\u00bb Gratuitement !<\/a><\/li><li class=\"sitemap-item\"><a href=\"https:\/\/casino-worker.com\/fr\/hawaiian-diva\/\">Jouez \u00e0 Hawaiian Diva Gratuitement !<\/a><\/li><\/ul><\/div><div class=\"simple-sitemap-wrap yolted\"><h3 class=\"term-tag\">Yolted<\/h3><p class=\"no-posts\">Sorry, no articles found.<\/p><\/div><\/div><br style=\"clear: both\">\n\n\n<p><\/p>\n","protected":false},"excerpt":{"rendered":"","protected":false},"author":2,"featured_media":0,"parent":0,"menu_order":0,"comment_status":"closed","ping_status":"closed","template":"page-full.php","meta":{"_locale":"fr_FR","_original_post":"https:\/\/casino-worker.com\/?page_id=5722","footnotes":""},"tags":[],"class_list":{"0":"post-5745","1":"page","2":"type-page","3":"status-publish","5":"fr-FR","6":"article"},"_links":{"self":[{"href":"https:\/\/casino-worker.com\/wp-json\/wp\/v2\/pages\/5745","targetHints":{"allow":["GET"]}}],"collection":[{"href":"https:\/\/casino-worker.com\/wp-json\/wp\/v2\/pages"}],"about":[{"href":"https:\/\/casino-worker.com\/wp-json\/wp\/v2\/types\/page"}],"author":[{"embeddable":true,"href":"https:\/\/casino-worker.com\/wp-json\/wp\/v2\/users\/2"}],"replies":[{"embeddable":true,"href":"https:\/\/casino-worker.com\/wp-json\/wp\/v2\/comments?post=5745"}],"version-history":[{"count":0,"href":"https:\/\/casino-worker.com\/wp-json\/wp\/v2\/pages\/5745\/revisions"}],"wp:attachment":[{"href":"https:\/\/casino-worker.com\/wp-json\/wp\/v2\/media?parent=5745"}],"wp:term":[{"taxonomy":"post_tag","embeddable":true,"href":"https:\/\/casino-worker.com\/wp-json\/wp\/v2\/tags?post=5745"}],"curies":[{"name":"wp","href":"https:\/\/api.w.org\/{rel}","templated":true}]}}