

{"id":5748,"date":"2025-01-27T07:28:55","date_gmt":"2025-01-27T06:28:55","guid":{"rendered":"https:\/\/casino-worker.com\/?page_id=5748"},"modified":"2025-01-27T07:28:56","modified_gmt":"2025-01-27T06:28:56","slug":"site-map","status":"publish","type":"page","link":"https:\/\/casino-worker.com\/hu\/site-map\/","title":{"rendered":"Webhelyt\u00e9rk\u00e9p"},"content":{"rendered":"<div id=\"simple-sitemap-container-69f9a3101c6ea\" class=\"simple-sitemap-container simple-sitemap-container-69f9a3101c6ea\"><div class=\"simple-sitemap-wrap aml\"><h3 class=\"term-tag\">AML<\/h3><ul class=\"simple-sitemap-post main\"><li class=\"sitemap-item\"><a href=\"https:\/\/casino-worker.com\/hu\/kyc\/\">Mi az a KYC (Ismerd meg az \u00fcyj vev\u0151det)?<\/a><\/li><\/ul><\/div><div class=\"simple-sitemap-wrap baricata\"><h3 class=\"term-tag\">Baricata<\/h3><p class=\"no-posts\">Sorry, no bejegyz\u00e9sek found.<\/p><\/div><div class=\"simple-sitemap-wrap bgaming\"><h3 class=\"term-tag\">BGAMING<\/h3><p class=\"no-posts\">Sorry, no bejegyz\u00e9sek found.<\/p><\/div><div class=\"simple-sitemap-wrap big-time-gaming\"><h3 class=\"term-tag\">Big Time Gaming<\/h3><p class=\"no-posts\">Sorry, no bejegyz\u00e9sek found.<\/p><\/div><div class=\"simple-sitemap-wrap casino\"><h3 class=\"term-tag\">Casino<\/h3><ul class=\"simple-sitemap-post main\"><li class=\"sitemap-item\"><a href=\"https:\/\/casino-worker.com\/hu\/vega-wallet\/\">\u3010R\u00e9szletes elemz\u00e9s\u3011Mi az a \u201eVega Wallet\u201d? A funkci\u00f3k \u00e9s haszn\u00e1lat teljes bemutat\u00e1sa<\/a><\/li><li class=\"sitemap-item\"><a href=\"https:\/\/casino-worker.com\/hu\/candy-island-princess\/\">J\u00e1tssz a Candy Island Princess j\u00e1t\u00e9kkal ingyen!<\/a><\/li><li class=\"sitemap-item\"><a href=\"https:\/\/casino-worker.com\/hu\/wild-beach-party\/\">J\u00e1tssz a Wild Beach Party-val Ingyen!<\/a><\/li><li class=\"sitemap-item\"><a href=\"https:\/\/casino-worker.com\/hu\/double-rainbow\/\">J\u00e1tsszon a Double Rainbow j\u00e1t\u00e9kkal ingyen!<\/a><\/li><li class=\"sitemap-item\"><a href=\"https:\/\/casino-worker.com\/hu\/muchbetter\/\">Mi az a MuchBetter? Az innovat\u00edv online fizet\u00e9si szolg\u00e1ltat\u00e1s \u00e1tfog\u00f3 elemz\u00e9se<\/a><\/li><li class=\"sitemap-item\"><a href=\"https:\/\/casino-worker.com\/hu\/payz\/\">Mi az a Payz (kor\u00e1bban ecoPayz)?<\/a><\/li><li class=\"sitemap-item\"><a href=\"https:\/\/casino-worker.com\/hu\/sticpay\/\">Mi az a Sticpay?: Fizet\u00e9si m\u00f3dszer online kaszin\u00f3khoz<\/a><\/li><\/ul><\/div><div class=\"simple-sitemap-wrap casino-brand\"><h3 class=\"term-tag\">Casino Brand<\/h3><p class=\"no-posts\">Sorry, no bejegyz\u00e9sek found.<\/p><\/div><div class=\"simple-sitemap-wrap column\"><h3 class=\"term-tag\">Column<\/h3><ul class=\"simple-sitemap-post main\"><li class=\"sitemap-item\"><a href=\"https:\/\/casino-worker.com\/hu\/fifa-2026\/\">2026-os FIFA-vil\u00e1gbajnoks\u00e1g: \u00c9szak-Amerika legnagyobb futball\u00fcnnepe<\/a><\/li><li class=\"sitemap-item\"><a href=\"https:\/\/casino-worker.com\/hu\/about-us\/\">A &#8222;Casino Worker&#8221; weboldalunkr\u00f3l<\/a><\/li><li class=\"sitemap-item\"><a href=\"https:\/\/casino-worker.com\/hu\/esports\/\">Az eSports Ipar\u00e1g Magyar\u00e1zata<\/a><\/li><li class=\"sitemap-item\"><a href=\"https:\/\/casino-worker.com\/hu\/casino-strategy\/\">Az online kaszin\u00f3k legjobb strat\u00e9gi\u00e1i: \u00c1tfog\u00f3 \u00fatmutat\u00f3 a nyer\u00e9shez<\/a><\/li><li class=\"sitemap-item\"><a href=\"https:\/\/casino-worker.com\/hu\/how-to-choose-a-good-online-casino\/\">Hogyan v\u00e1lasszunk j\u00f3 online kaszin\u00f3t: 10 krit\u00e9rium a megb\u00edzhat\u00f3s\u00e1g \u00e9s a k\u00e9nyelem jegy\u00e9ben<\/a><\/li><\/ul><\/div><div class=\"simple-sitemap-wrap crypto\"><h3 class=\"term-tag\">Crypto<\/h3><ul class=\"simple-sitemap-post main\"><li class=\"sitemap-item\"><a href=\"https:\/\/casino-worker.com\/hu\/ethereum\/\">Ethereum: Alapokt\u00f3l a J\u00f6v\u0151beni Kil\u00e1t\u00e1sokig Kiterjedt \u00datmutat\u00f3<\/a><\/li><li class=\"sitemap-item\"><a href=\"https:\/\/casino-worker.com\/hu\/bitcoin\/\">Mi az a Bitcoin? \u00c1tfog\u00f3 ismertet\u0151 az alapokt\u00f3l a gyakorlati haszn\u00e1latig<\/a><\/li><\/ul><\/div><div class=\"simple-sitemap-wrap free-casino-games\"><h3 class=\"term-tag\">Free Casino Games<\/h3><ul class=\"simple-sitemap-post main\"><li class=\"sitemap-item\"><a href=\"https:\/\/casino-worker.com\/hu\/candy-island-princess\/\">J\u00e1tssz a Candy Island Princess j\u00e1t\u00e9kkal ingyen!<\/a><\/li><li class=\"sitemap-item\"><a href=\"https:\/\/casino-worker.com\/hu\/wild-beach-party\/\">J\u00e1tssz a Wild Beach Party-val Ingyen!<\/a><\/li><li class=\"sitemap-item\"><a href=\"https:\/\/casino-worker.com\/hu\/double-rainbow\/\">J\u00e1tsszon a Double Rainbow j\u00e1t\u00e9kkal ingyen!<\/a><\/li><\/ul><\/div><div class=\"simple-sitemap-wrap golden-hero\"><h3 class=\"term-tag\">Golden Hero<\/h3><p class=\"no-posts\">Sorry, no bejegyz\u00e9sek found.<\/p><\/div><div class=\"simple-sitemap-wrap hacksaw-gaming\"><h3 class=\"term-tag\">Hacksaw Gaming<\/h3><ul class=\"simple-sitemap-post main\"><li class=\"sitemap-item\"><a href=\"https:\/\/casino-worker.com\/hu\/double-rainbow\/\">J\u00e1tsszon a Double Rainbow j\u00e1t\u00e9kkal ingyen!<\/a><\/li><\/ul><\/div><div class=\"simple-sitemap-wrap manna-play\"><h3 class=\"term-tag\">Manna Play<\/h3><p class=\"no-posts\">Sorry, no bejegyz\u00e9sek found.<\/p><\/div><div class=\"simple-sitemap-wrap naga-games\"><h3 class=\"term-tag\">Naga Games<\/h3><p class=\"no-posts\">Sorry, no bejegyz\u00e9sek found.<\/p><\/div><div class=\"simple-sitemap-wrap netent\"><h3 class=\"term-tag\">NetEnt<\/h3><p class=\"no-posts\">Sorry, no bejegyz\u00e9sek found.<\/p><\/div><div class=\"simple-sitemap-wrap news\"><h3 class=\"term-tag\">News<\/h3><ul class=\"simple-sitemap-post main\"><li class=\"sitemap-item\"><a href=\"https:\/\/casino-worker.com\/hu\/thai-landcasino-bills\/\">Thaif\u00f6ld leg\u00fajabb kaszin\u00f3fejleszt\u00e9sei \u2013 Vita a \u201evagyonalap\u00fa korl\u00e1toz\u00e1sokr\u00f3l\u201d a helyi j\u00e1t\u00e9kosok sz\u00e1m\u00e1ra<\/a><\/li><\/ul><\/div><div class=\"simple-sitemap-wrap nolimit-city\"><h3 class=\"term-tag\">Nolimit City<\/h3><p class=\"no-posts\">Sorry, no bejegyz\u00e9sek found.<\/p><\/div><div class=\"simple-sitemap-wrap payment\"><h3 class=\"term-tag\">Payment<\/h3><ul class=\"simple-sitemap-post main\"><li class=\"sitemap-item\"><a href=\"https:\/\/casino-worker.com\/hu\/vega-wallet\/\">\u3010R\u00e9szletes elemz\u00e9s\u3011Mi az a \u201eVega Wallet\u201d? A funkci\u00f3k \u00e9s haszn\u00e1lat teljes bemutat\u00e1sa<\/a><\/li><li class=\"sitemap-item\"><a href=\"https:\/\/casino-worker.com\/hu\/muchbetter\/\">Mi az a MuchBetter? Az innovat\u00edv online fizet\u00e9si szolg\u00e1ltat\u00e1s \u00e1tfog\u00f3 elemz\u00e9se<\/a><\/li><li class=\"sitemap-item\"><a href=\"https:\/\/casino-worker.com\/hu\/payz\/\">Mi az a Payz (kor\u00e1bban ecoPayz)?<\/a><\/li><li class=\"sitemap-item\"><a href=\"https:\/\/casino-worker.com\/hu\/sticpay\/\">Mi az a Sticpay?: Fizet\u00e9si m\u00f3dszer online kaszin\u00f3khoz<\/a><\/li><\/ul><\/div><div class=\"simple-sitemap-wrap playn-go\"><h3 class=\"term-tag\">Playn Go<\/h3><ul class=\"simple-sitemap-post main\"><li class=\"sitemap-item\"><a href=\"https:\/\/casino-worker.com\/hu\/candy-island-princess\/\">J\u00e1tssz a Candy Island Princess j\u00e1t\u00e9kkal ingyen!<\/a><\/li><\/ul><\/div><div class=\"simple-sitemap-wrap playtech\"><h3 class=\"term-tag\">Playtech<\/h3><p class=\"no-posts\">Sorry, no bejegyz\u00e9sek found.<\/p><\/div><div class=\"simple-sitemap-wrap pragmatic-play\"><h3 class=\"term-tag\">Pragmatic Play<\/h3><ul class=\"simple-sitemap-post main\"><li class=\"sitemap-item\"><a href=\"https:\/\/casino-worker.com\/hu\/wild-beach-party\/\">J\u00e1tssz a Wild Beach Party-val Ingyen!<\/a><\/li><\/ul><\/div><div class=\"simple-sitemap-wrap push%e2%80%90gaming\"><h3 class=\"term-tag\">Push Gaming<\/h3><p class=\"no-posts\">Sorry, no bejegyz\u00e9sek found.<\/p><\/div><div class=\"simple-sitemap-wrap red-tiger-gaming\"><h3 class=\"term-tag\">Red Tiger Gaming<\/h3><p class=\"no-posts\">Sorry, no bejegyz\u00e9sek found.<\/p><\/div><div class=\"simple-sitemap-wrap reel-kingdom\"><h3 class=\"term-tag\">Reel Kingdom<\/h3><p class=\"no-posts\">Sorry, no bejegyz\u00e9sek found.<\/p><\/div><div class=\"simple-sitemap-wrap relax-gaming\"><h3 class=\"term-tag\">Relax Gaming<\/h3><p class=\"no-posts\">Sorry, no bejegyz\u00e9sek found.<\/p><\/div><div class=\"simple-sitemap-wrap simpleplay-game-provider\"><h3 class=\"term-tag\">SimplePlay<\/h3><p class=\"no-posts\">Sorry, no bejegyz\u00e9sek found.<\/p><\/div><div class=\"simple-sitemap-wrap spinomenal\"><h3 class=\"term-tag\">Spinomenal<\/h3><p class=\"no-posts\">Sorry, no bejegyz\u00e9sek found.<\/p><\/div><div class=\"simple-sitemap-wrap spribe\"><h3 class=\"term-tag\">Spribe<\/h3><p class=\"no-posts\">Sorry, no bejegyz\u00e9sek found.<\/p><\/div><div class=\"simple-sitemap-wrap web3\"><h3 class=\"term-tag\">web3<\/h3><ul class=\"simple-sitemap-post main\"><li class=\"sitemap-item\"><a href=\"https:\/\/casino-worker.com\/hu\/web3-casino\/\">A web3 jelenlegi helyzete \u00e9s az online kaszin\u00f3k potenci\u00e1lja<\/a><\/li><li class=\"sitemap-item\"><a href=\"https:\/\/casino-worker.com\/hu\/ethereum\/\">Ethereum: Alapokt\u00f3l a J\u00f6v\u0151beni Kil\u00e1t\u00e1sokig Kiterjedt \u00datmutat\u00f3<\/a><\/li><li class=\"sitemap-item\"><a href=\"https:\/\/casino-worker.com\/hu\/gamefi\/\">GameFi: \u00c1tfog\u00f3 elemz\u00e9s a gaming \u00e9s a p\u00e9nz\u00fcgyek \u00faj korszak\u00e1r\u00f3l a Web3 seg\u00edts\u00e9g\u00e9vel<\/a><\/li><li class=\"sitemap-item\"><a href=\"https:\/\/casino-worker.com\/hu\/bitcoin\/\">Mi az a Bitcoin? \u00c1tfog\u00f3 ismertet\u0151 az alapokt\u00f3l a gyakorlati haszn\u00e1latig<\/a><\/li><li class=\"sitemap-item\"><a href=\"https:\/\/casino-worker.com\/hu\/kyc\/\">Mi az a KYC (Ismerd meg az \u00fcyj vev\u0151det)?<\/a><\/li><li class=\"sitemap-item\"><a href=\"https:\/\/casino-worker.com\/hu\/what-is-web3\/\">web3: Az Internet J\u00f6v\u0151j\u00e9nek \u00dajradefini\u00e1l\u00e1sa<\/a><\/li><\/ul><\/div><div class=\"simple-sitemap-wrap web3-game\"><h3 class=\"term-tag\">web3 Game<\/h3><ul class=\"simple-sitemap-post main\"><li class=\"sitemap-item\"><a href=\"https:\/\/casino-worker.com\/hu\/gamefi\/\">GameFi: \u00c1tfog\u00f3 elemz\u00e9s a gaming \u00e9s a p\u00e9nz\u00fcgyek \u00faj korszak\u00e1r\u00f3l a Web3 seg\u00edts\u00e9g\u00e9vel<\/a><\/li><\/ul><\/div><div class=\"simple-sitemap-wrap win-fast\"><h3 class=\"term-tag\">Win Fast<\/h3><p class=\"no-posts\">Sorry, no bejegyz\u00e9sek found.<\/p><\/div><div class=\"simple-sitemap-wrap yolted\"><h3 class=\"term-tag\">Yolted<\/h3><p class=\"no-posts\">Sorry, no bejegyz\u00e9sek found.<\/p><\/div><\/div><br style=\"clear: both\">\n\n\n<p><\/p>\n","protected":false},"excerpt":{"rendered":"","protected":false},"author":2,"featured_media":0,"parent":0,"menu_order":0,"comment_status":"closed","ping_status":"closed","template":"page-full.php","meta":{"_locale":"hu_HU","_original_post":"https:\/\/casino-worker.com\/?page_id=5722","footnotes":""},"tags":[],"class_list":{"0":"post-5748","1":"page","2":"type-page","3":"status-publish","5":"hu-HU","6":"article"},"_links":{"self":[{"href":"https:\/\/casino-worker.com\/wp-json\/wp\/v2\/pages\/5748","targetHints":{"allow":["GET"]}}],"collection":[{"href":"https:\/\/casino-worker.com\/wp-json\/wp\/v2\/pages"}],"about":[{"href":"https:\/\/casino-worker.com\/wp-json\/wp\/v2\/types\/page"}],"author":[{"embeddable":true,"href":"https:\/\/casino-worker.com\/wp-json\/wp\/v2\/users\/2"}],"replies":[{"embeddable":true,"href":"https:\/\/casino-worker.com\/wp-json\/wp\/v2\/comments?post=5748"}],"version-history":[{"count":0,"href":"https:\/\/casino-worker.com\/wp-json\/wp\/v2\/pages\/5748\/revisions"}],"wp:attachment":[{"href":"https:\/\/casino-worker.com\/wp-json\/wp\/v2\/media?parent=5748"}],"wp:term":[{"taxonomy":"post_tag","embeddable":true,"href":"https:\/\/casino-worker.com\/wp-json\/wp\/v2\/tags?post=5748"}],"curies":[{"name":"wp","href":"https:\/\/api.w.org\/{rel}","templated":true}]}}