

{"id":4309,"date":"2025-01-06T11:13:33","date_gmt":"2025-01-06T02:13:33","guid":{"rendered":"https:\/\/casino-worker.com\/?page_id=4309"},"modified":"2025-01-06T11:15:46","modified_gmt":"2025-01-06T02:15:46","slug":"privacy-policy-2","status":"publish","type":"page","link":"https:\/\/casino-worker.com\/it\/privacy-policy-2\/","title":{"rendered":"Politica sulla Privacy"},"content":{"rendered":"\n<h1 class=\"wp-block-heading\"><strong>Politica sulla Privacy<\/strong><\/h1>\n\n\n\n<p>Diamo priorit\u00e0 alla privacy dei nostri utenti e gestiamo i dati personali in conformit\u00e0 con il GDPR dell&#8217;UE (Regolamento Generale sulla Protezione dei Dati). Di seguito \u00e8 riportata una panoramica delle nostre pratiche riguardanti la raccolta, l&#8217;uso e l&#8217;archiviazione dei dati sul nostro sito web.<\/p>\n\n\n\n<h2 class=\"wp-block-heading\"><strong>Chi Siamo<\/strong><\/h2>\n\n\n\n<p>L&#8217;indirizzo del nostro sito web \u00e8 <a href=\"http:\/\/casino-worker.com\">http:\/\/casino-worker.com<\/a>. Se avete domande sulle nostre pratiche relative alla privacy, non esitate a contattarci tramite il nostro modulo di contatto.<\/p>\n\n\n\n<h2 class=\"wp-block-heading\"><strong>Commenti<\/strong><\/h2>\n\n\n\n<p>Quando i visitatori lasciano commenti, raccogliamo i dati inseriti nel modulo dei commenti, insieme all&#8217;indirizzo IP e alle informazioni del browser. Questi dati vengono utilizzati per il rilevamento dello spam e l&#8217;approvazione dei commenti. Se l&#8217;utente ha attivato Gravatar, la sua immagine del profilo potrebbe essere visualizzata accanto al suo commento.<\/p>\n\n\n\n<h2 class=\"wp-block-heading\"><strong>Cookie<\/strong><\/h2>\n\n\n\n<p>Il nostro sito web utilizza i cookie per migliorare la comodit\u00e0 degli utenti.<\/p>\n\n\n\n<p>Le informazioni di accesso vengono salvate temporaneamente con i cookie e vengono eliminate quando il browser viene chiuso.<\/p>\n\n\n\n<h2 class=\"wp-block-heading\"><strong>Contenuti Incorporati da Altri Siti Web<\/strong><\/h2>\n\n\n\n<p>Gli articoli sul nostro sito possono includere contenuti incorporati da altri siti web (ad esempio video, immagini, post). I contenuti incorporati si comportano nello stesso modo come se il visitatore fosse sul sito esterno, il che significa che possono verificarsi raccolta di dati, cookie e tracciamento.<\/p>\n\n\n\n<h2 class=\"wp-block-heading\"><strong>Condivisione dei Dati<\/strong><\/h2>\n\n\n\n<p>I commenti dei visitatori possono essere controllati tramite un servizio automatizzato di rilevamento dello spam.<\/p>\n\n\n\n<h2 class=\"wp-block-heading\"><strong>Politica di Protezione dei Dati in Conformit\u00e0 con il GDPR<\/strong><\/h2>\n\n\n\n<p>Per gli utenti residenti nell&#8217;UE, i dati personali vengono trattati in conformit\u00e0 con i requisiti del GDPR e risponderemo alle richieste di accesso, correzione e cancellazione dei dati quando necessario.<\/p>\n","protected":false},"excerpt":{"rendered":"<p>Politica sulla Privacy Diamo priorit\u00e0 alla privacy dei nostri utenti e gestiamo i dati personali in conformit\u00e0 con il GDPR dell&#8217;UE (Regolamento Generale sulla Protezione dei Dati). Di seguito \u00e8 riportata una panoramica delle nostre pratiche riguardanti la raccolta, l&#8217;uso e l&#8217;archiviazione dei dati sul nostro sito web. Chi Siamo L&#8217;indirizzo del nostro sito web&#8230;<\/p>\n","protected":false},"author":2,"featured_media":4219,"parent":0,"menu_order":0,"comment_status":"closed","ping_status":"closed","template":"page-wide.php","meta":{"_locale":"it_IT","_original_post":"http:\/\/casino-worker.com\/?page_id=1909","footnotes":""},"tags":[311],"class_list":{"0":"post-4309","1":"page","2":"type-page","3":"status-publish","4":"has-post-thumbnail","6":"tag-it","7":"it-IT","8":"article"},"_links":{"self":[{"href":"https:\/\/casino-worker.com\/wp-json\/wp\/v2\/pages\/4309","targetHints":{"allow":["GET"]}}],"collection":[{"href":"https:\/\/casino-worker.com\/wp-json\/wp\/v2\/pages"}],"about":[{"href":"https:\/\/casino-worker.com\/wp-json\/wp\/v2\/types\/page"}],"author":[{"embeddable":true,"href":"https:\/\/casino-worker.com\/wp-json\/wp\/v2\/users\/2"}],"replies":[{"embeddable":true,"href":"https:\/\/casino-worker.com\/wp-json\/wp\/v2\/comments?post=4309"}],"version-history":[{"count":0,"href":"https:\/\/casino-worker.com\/wp-json\/wp\/v2\/pages\/4309\/revisions"}],"wp:featuredmedia":[{"embeddable":true,"href":"https:\/\/casino-worker.com\/wp-json\/wp\/v2\/media\/4219"}],"wp:attachment":[{"href":"https:\/\/casino-worker.com\/wp-json\/wp\/v2\/media?parent=4309"}],"wp:term":[{"taxonomy":"post_tag","embeddable":true,"href":"https:\/\/casino-worker.com\/wp-json\/wp\/v2\/tags?post=4309"}],"curies":[{"name":"wp","href":"https:\/\/api.w.org\/{rel}","templated":true}]}}