

{"id":4351,"date":"2025-01-07T09:32:43","date_gmt":"2025-01-07T00:32:43","guid":{"rendered":"https:\/\/casino-worker.com\/?page_id=4351"},"modified":"2025-01-07T09:36:49","modified_gmt":"2025-01-07T00:36:49","slug":"privacy-policy-2","status":"publish","type":"page","link":"https:\/\/casino-worker.com\/pl\/privacy-policy-2\/","title":{"rendered":"Polityka Prywatno\u015bci"},"content":{"rendered":"\n<h1 class=\"wp-block-heading\"><strong><strong>Polityka Prywatno\u015bci<\/strong><\/strong><\/h1>\n\n\n\n<p>Priorytetowo traktujemy prywatno\u015b\u0107 naszych u\u017cytkownik\u00f3w i przetwarzamy dane osobowe zgodnie z unijnym rozporz\u0105dzeniem GDPR (Og\u00f3lne rozporz\u0105dzenie o ochronie danych). Poni\u017cej znajduje si\u0119 przegl\u0105d naszych praktyk dotycz\u0105cych zbierania, wykorzystywania i przechowywania danych na naszej stronie internetowej.<\/p>\n\n\n\n<h2 class=\"wp-block-heading\"><strong>O nas<\/strong><\/h2>\n\n\n\n<p>Adres naszej strony internetowej to <a href=\"http:\/\/casino-worker.com\">http:\/\/casino-worker.com<\/a>. Je\u015bli masz jakiekolwiek pytania dotycz\u0105ce naszych praktyk prywatno\u015bci, prosimy o kontakt za po\u015brednictwem naszego formularza zapyta\u0144.<\/p>\n\n\n\n<h2 class=\"wp-block-heading\"><strong>Komentarze<\/strong><\/h2>\n\n\n\n<p>Kiedy odwiedzaj\u0105cy zostawiaj\u0105 komentarze, zbieramy dane wprowadzone w formularzu komentarzy, wraz z adresem IP i informacjami o przegl\u0105darce. Dane te s\u0105 wykorzystywane do wykrywania spamu i zatwierdzania komentarzy. Je\u015bli u\u017cytkownik ma w\u0142\u0105czony Gravatar, jego zdj\u0119cie profilowe mo\u017ce by\u0107 wy\u015bwietlane obok komentarza.<\/p>\n\n\n\n<h2 class=\"wp-block-heading\"><strong>Ciasteczka (Cookies)<\/strong><\/h2>\n\n\n\n<p>Nasza strona internetowa u\u017cywa ciasteczek, aby zwi\u0119kszy\u0107 wygod\u0119 u\u017cytkownik\u00f3w.<\/p>\n\n\n\n<p>Informacje o logowaniu s\u0105 tymczasowo zapisywane za pomoc\u0105 ciasteczek i s\u0105 usuwane po zamkni\u0119ciu przegl\u0105darki.<\/p>\n\n\n\n<h2 class=\"wp-block-heading\"><strong>Zawarto\u015b\u0107 Osadzona z Innych Stron Internetowych<\/strong><\/h2>\n\n\n\n<p>Artyku\u0142y na naszej stronie mog\u0105 zawiera\u0107 zawarto\u015b\u0107 osadzon\u0105 z innych stron internetowych (np. filmy, obrazy, posty). Zawarto\u015b\u0107 osadzona zachowuje si\u0119 tak samo, jakby odwiedzaj\u0105cy by\u0142 na zewn\u0119trznej stronie, co oznacza, \u017ce mo\u017ce dochodzi\u0107 do zbierania danych, u\u017cywania ciasteczek i \u015bledzenia.<\/p>\n\n\n\n<h2 class=\"wp-block-heading\"><strong>Udost\u0119pnianie Danych<\/strong><\/h2>\n\n\n\n<p>Komentarze odwiedzaj\u0105cych mog\u0105 by\u0107 sprawdzane za pomoc\u0105 zautomatyzowanej us\u0142ugi wykrywania spamu.<\/p>\n\n\n\n<h2 class=\"wp-block-heading\"><strong>Polityka Ochrony Danych Zgodnie z GDPR<\/strong><\/h2>\n\n\n\n<p>Dla u\u017cytkownik\u00f3w mieszkaj\u0105cych w UE, dane osobowe s\u0105 przetwarzane zgodnie z wymogami GDPR, a my odpowiemy na \u017c\u0105dania dotycz\u0105ce dost\u0119pu do danych, ich poprawiania i usuwania, gdy b\u0119dzie to konieczne.et er n\u00f8dvendigt.<\/p>\n","protected":false},"excerpt":{"rendered":"<p>Polityka Prywatno\u015bci Priorytetowo traktujemy prywatno\u015b\u0107 naszych u\u017cytkownik\u00f3w i przetwarzamy dane osobowe zgodnie z unijnym rozporz\u0105dzeniem GDPR (Og\u00f3lne rozporz\u0105dzenie o ochronie danych). Poni\u017cej znajduje si\u0119 przegl\u0105d naszych praktyk dotycz\u0105cych zbierania, wykorzystywania i przechowywania danych na naszej stronie internetowej. O nas Adres naszej strony internetowej to http:\/\/casino-worker.com. Je\u015bli masz jakiekolwiek pytania dotycz\u0105ce naszych praktyk prywatno\u015bci, prosimy o&#8230;<\/p>\n","protected":false},"author":2,"featured_media":4219,"parent":0,"menu_order":0,"comment_status":"closed","ping_status":"closed","template":"page-wide.php","meta":{"_locale":"pl_PL","_original_post":"http:\/\/casino-worker.com\/?page_id=1909","footnotes":""},"tags":[312],"class_list":{"0":"post-4351","1":"page","2":"type-page","3":"status-publish","4":"has-post-thumbnail","6":"tag-pl","7":"pl-PL","8":"article"},"_links":{"self":[{"href":"https:\/\/casino-worker.com\/wp-json\/wp\/v2\/pages\/4351","targetHints":{"allow":["GET"]}}],"collection":[{"href":"https:\/\/casino-worker.com\/wp-json\/wp\/v2\/pages"}],"about":[{"href":"https:\/\/casino-worker.com\/wp-json\/wp\/v2\/types\/page"}],"author":[{"embeddable":true,"href":"https:\/\/casino-worker.com\/wp-json\/wp\/v2\/users\/2"}],"replies":[{"embeddable":true,"href":"https:\/\/casino-worker.com\/wp-json\/wp\/v2\/comments?post=4351"}],"version-history":[{"count":0,"href":"https:\/\/casino-worker.com\/wp-json\/wp\/v2\/pages\/4351\/revisions"}],"wp:featuredmedia":[{"embeddable":true,"href":"https:\/\/casino-worker.com\/wp-json\/wp\/v2\/media\/4219"}],"wp:attachment":[{"href":"https:\/\/casino-worker.com\/wp-json\/wp\/v2\/media?parent=4351"}],"wp:term":[{"taxonomy":"post_tag","embeddable":true,"href":"https:\/\/casino-worker.com\/wp-json\/wp\/v2\/tags?post=4351"}],"curies":[{"name":"wp","href":"https:\/\/api.w.org\/{rel}","templated":true}]}}