

{"id":5757,"date":"2025-01-27T07:30:04","date_gmt":"2025-01-27T06:30:04","guid":{"rendered":"https:\/\/casino-worker.com\/?page_id=5757"},"modified":"2025-01-27T07:30:06","modified_gmt":"2025-01-27T06:30:06","slug":"site-map","status":"publish","type":"page","link":"https:\/\/casino-worker.com\/pl\/site-map\/","title":{"rendered":"Mapa witryny"},"content":{"rendered":"<div id=\"simple-sitemap-container-69f218a6d4b84\" class=\"simple-sitemap-container simple-sitemap-container-69f218a6d4b84\"><div class=\"simple-sitemap-wrap aml\"><h3 class=\"term-tag\">AML<\/h3><ul class=\"simple-sitemap-post main\"><li class=\"sitemap-item\"><a href=\"https:\/\/casino-worker.com\/pl\/kyc\/\">Co to jest KYC (Know Your Customer)?<\/a><\/li><\/ul><\/div><div class=\"simple-sitemap-wrap baricata\"><h3 class=\"term-tag\">Baricata<\/h3><p class=\"no-posts\">Sorry, no wpisy found.<\/p><\/div><div class=\"simple-sitemap-wrap bgaming\"><h3 class=\"term-tag\">BGAMING<\/h3><p class=\"no-posts\">Sorry, no wpisy found.<\/p><\/div><div class=\"simple-sitemap-wrap big-time-gaming\"><h3 class=\"term-tag\">Big Time Gaming<\/h3><p class=\"no-posts\">Sorry, no wpisy found.<\/p><\/div><div class=\"simple-sitemap-wrap casino\"><h3 class=\"term-tag\">Casino<\/h3><ul class=\"simple-sitemap-post main\"><li class=\"sitemap-item\"><a href=\"https:\/\/casino-worker.com\/pl\/vega-wallet\/\">\u3010Szczeg\u00f3\u0142owa analiza\u3011Czym jest &#8222;Vega Wallet&#8221;? Kompletny przewodnik po funkcjach i zastosowaniach<\/a><\/li><li class=\"sitemap-item\"><a href=\"https:\/\/casino-worker.com\/pl\/payz\/\">Co to jest Payz (wcze\u015bniej ecoPayz)?<\/a><\/li><li class=\"sitemap-item\"><a href=\"https:\/\/casino-worker.com\/pl\/muchbetter\/\">Czym jest MuchBetter? Dog\u0142\u0119bna analiza innowacyjnej us\u0142ugi p\u0142atno\u015bci online<\/a><\/li><li class=\"sitemap-item\"><a href=\"https:\/\/casino-worker.com\/pl\/sticpay\/\">Czym jest Sticpay?: Metoda p\u0142atno\u015bci dla kasyn online<\/a><\/li><li class=\"sitemap-item\"><a href=\"https:\/\/casino-worker.com\/pl\/fortune-panda\/\">Fortune Panda Casino \u2013 Kompleksowa Recenzja 2025<\/a><\/li><li class=\"sitemap-item\"><a href=\"https:\/\/casino-worker.com\/pl\/double-rainbow\/\">Graj w Double Rainbow za Darmo!<\/a><\/li><li class=\"sitemap-item\"><a href=\"https:\/\/casino-worker.com\/pl\/wild-beach-party\/\">Graj w Wild Beach Party za Darmo!<\/a><\/li><li class=\"sitemap-item\"><a href=\"https:\/\/casino-worker.com\/pl\/candy-island-princess\/\">Zagraj w Candy Island Princess za darmo!<\/a><\/li><\/ul><\/div><div class=\"simple-sitemap-wrap casino-brand\"><h3 class=\"term-tag\">Casino Brand<\/h3><ul class=\"simple-sitemap-post main\"><li class=\"sitemap-item\"><a href=\"https:\/\/casino-worker.com\/pl\/fortune-panda\/\">Fortune Panda Casino \u2013 Kompleksowa Recenzja 2025<\/a><\/li><\/ul><\/div><div class=\"simple-sitemap-wrap column\"><h3 class=\"term-tag\">Column<\/h3><ul class=\"simple-sitemap-post main\"><li class=\"sitemap-item\"><a href=\"https:\/\/casino-worker.com\/pl\/how-to-choose-a-good-online-casino\/\">Jak wybra\u0107 dobre kasyno online: 10 kryteri\u00f3w k\u0142ad\u0105cych nacisk na wiarygodno\u015b\u0107 i komfort<\/a><\/li><li class=\"sitemap-item\"><a href=\"https:\/\/casino-worker.com\/pl\/fifa-2026\/\">Mistrzostwa \u015awiata FIFA 2026: Najwi\u0119ksze widowisko pi\u0142karskie w Ameryce P\u00f3\u0142nocnej<\/a><\/li><li class=\"sitemap-item\"><a href=\"https:\/\/casino-worker.com\/pl\/casino-strategy\/\">Najlepsze strategie dla kasyn online: Kompletny przewodnik po zwyci\u0119stwie<\/a><\/li><li class=\"sitemap-item\"><a href=\"https:\/\/casino-worker.com\/pl\/about-us\/\">O naszym serwisie \u201eCasino Worker\u201d<\/a><\/li><li class=\"sitemap-item\"><a href=\"https:\/\/casino-worker.com\/pl\/esports\/\">Wyja\u015bnienie Przemys\u0142u eSports<\/a><\/li><\/ul><\/div><div class=\"simple-sitemap-wrap crypto\"><h3 class=\"term-tag\">Crypto<\/h3><ul class=\"simple-sitemap-post main\"><li class=\"sitemap-item\"><a href=\"https:\/\/casino-worker.com\/pl\/bitcoin\/\">Czym jest Bitcoin? Kompleksowe wyja\u015bnienie od podstaw a\u017c po zastosowania w praktyce<\/a><\/li><li class=\"sitemap-item\"><a href=\"https:\/\/casino-worker.com\/pl\/ethereum\/\">Ethereum: Kompleksowy przewodnik od podstaw do przysz\u0142o\u015bci<\/a><\/li><\/ul><\/div><div class=\"simple-sitemap-wrap free-casino-games\"><h3 class=\"term-tag\">Free Casino Games<\/h3><ul class=\"simple-sitemap-post main\"><li class=\"sitemap-item\"><a href=\"https:\/\/casino-worker.com\/pl\/double-rainbow\/\">Graj w Double Rainbow za Darmo!<\/a><\/li><li class=\"sitemap-item\"><a href=\"https:\/\/casino-worker.com\/pl\/wild-beach-party\/\">Graj w Wild Beach Party za Darmo!<\/a><\/li><li class=\"sitemap-item\"><a href=\"https:\/\/casino-worker.com\/pl\/candy-island-princess\/\">Zagraj w Candy Island Princess za darmo!<\/a><\/li><\/ul><\/div><div class=\"simple-sitemap-wrap golden-hero\"><h3 class=\"term-tag\">Golden Hero<\/h3><p class=\"no-posts\">Sorry, no wpisy found.<\/p><\/div><div class=\"simple-sitemap-wrap hacksaw-gaming\"><h3 class=\"term-tag\">Hacksaw Gaming<\/h3><ul class=\"simple-sitemap-post main\"><li class=\"sitemap-item\"><a href=\"https:\/\/casino-worker.com\/pl\/double-rainbow\/\">Graj w Double Rainbow za Darmo!<\/a><\/li><\/ul><\/div><div class=\"simple-sitemap-wrap manna-play\"><h3 class=\"term-tag\">Manna Play<\/h3><p class=\"no-posts\">Sorry, no wpisy found.<\/p><\/div><div class=\"simple-sitemap-wrap naga-games\"><h3 class=\"term-tag\">Naga Games<\/h3><p class=\"no-posts\">Sorry, no wpisy found.<\/p><\/div><div class=\"simple-sitemap-wrap netent\"><h3 class=\"term-tag\">NetEnt<\/h3><p class=\"no-posts\">Sorry, no wpisy found.<\/p><\/div><div class=\"simple-sitemap-wrap news\"><h3 class=\"term-tag\">News<\/h3><ul class=\"simple-sitemap-post main\"><li class=\"sitemap-item\"><a href=\"https:\/\/casino-worker.com\/pl\/thai-landcasino-bills\/\">Najnowsze zmiany w kasynach w Tajlandii \u2013 debata na temat \u201eogranicze\u0144 dla bogatych\u201d dla lokalnych graczy<\/a><\/li><\/ul><\/div><div class=\"simple-sitemap-wrap nolimit-city\"><h3 class=\"term-tag\">Nolimit City<\/h3><p class=\"no-posts\">Sorry, no wpisy found.<\/p><\/div><div class=\"simple-sitemap-wrap payment\"><h3 class=\"term-tag\">Payment<\/h3><ul class=\"simple-sitemap-post main\"><li class=\"sitemap-item\"><a href=\"https:\/\/casino-worker.com\/pl\/vega-wallet\/\">\u3010Szczeg\u00f3\u0142owa analiza\u3011Czym jest &#8222;Vega Wallet&#8221;? Kompletny przewodnik po funkcjach i zastosowaniach<\/a><\/li><li class=\"sitemap-item\"><a href=\"https:\/\/casino-worker.com\/pl\/payz\/\">Co to jest Payz (wcze\u015bniej ecoPayz)?<\/a><\/li><li class=\"sitemap-item\"><a href=\"https:\/\/casino-worker.com\/pl\/muchbetter\/\">Czym jest MuchBetter? Dog\u0142\u0119bna analiza innowacyjnej us\u0142ugi p\u0142atno\u015bci online<\/a><\/li><li class=\"sitemap-item\"><a href=\"https:\/\/casino-worker.com\/pl\/sticpay\/\">Czym jest Sticpay?: Metoda p\u0142atno\u015bci dla kasyn online<\/a><\/li><\/ul><\/div><div class=\"simple-sitemap-wrap playn-go\"><h3 class=\"term-tag\">Playn Go<\/h3><ul class=\"simple-sitemap-post main\"><li class=\"sitemap-item\"><a href=\"https:\/\/casino-worker.com\/pl\/candy-island-princess\/\">Zagraj w Candy Island Princess za darmo!<\/a><\/li><\/ul><\/div><div class=\"simple-sitemap-wrap playtech\"><h3 class=\"term-tag\">Playtech<\/h3><p class=\"no-posts\">Sorry, no wpisy found.<\/p><\/div><div class=\"simple-sitemap-wrap pragmatic-play\"><h3 class=\"term-tag\">Pragmatic Play<\/h3><ul class=\"simple-sitemap-post main\"><li class=\"sitemap-item\"><a href=\"https:\/\/casino-worker.com\/pl\/wild-beach-party\/\">Graj w Wild Beach Party za Darmo!<\/a><\/li><\/ul><\/div><div class=\"simple-sitemap-wrap push%e2%80%90gaming\"><h3 class=\"term-tag\">Push Gaming<\/h3><p class=\"no-posts\">Sorry, no wpisy found.<\/p><\/div><div class=\"simple-sitemap-wrap red-tiger-gaming\"><h3 class=\"term-tag\">Red Tiger Gaming<\/h3><p class=\"no-posts\">Sorry, no wpisy found.<\/p><\/div><div class=\"simple-sitemap-wrap reel-kingdom\"><h3 class=\"term-tag\">Reel Kingdom<\/h3><p class=\"no-posts\">Sorry, no wpisy found.<\/p><\/div><div class=\"simple-sitemap-wrap relax-gaming\"><h3 class=\"term-tag\">Relax Gaming<\/h3><p class=\"no-posts\">Sorry, no wpisy found.<\/p><\/div><div class=\"simple-sitemap-wrap simpleplay-game-provider\"><h3 class=\"term-tag\">SimplePlay<\/h3><p class=\"no-posts\">Sorry, no wpisy found.<\/p><\/div><div class=\"simple-sitemap-wrap spinomenal\"><h3 class=\"term-tag\">Spinomenal<\/h3><p class=\"no-posts\">Sorry, no wpisy found.<\/p><\/div><div class=\"simple-sitemap-wrap spribe\"><h3 class=\"term-tag\">Spribe<\/h3><p class=\"no-posts\">Sorry, no wpisy found.<\/p><\/div><div class=\"simple-sitemap-wrap web3\"><h3 class=\"term-tag\">web3<\/h3><ul class=\"simple-sitemap-post main\"><li class=\"sitemap-item\"><a href=\"https:\/\/casino-worker.com\/pl\/web3-casino\/\">Aktualny stan web3 i potencja\u0142 kasyn online<\/a><\/li><li class=\"sitemap-item\"><a href=\"https:\/\/casino-worker.com\/pl\/kyc\/\">Co to jest KYC (Know Your Customer)?<\/a><\/li><li class=\"sitemap-item\"><a href=\"https:\/\/casino-worker.com\/pl\/bitcoin\/\">Czym jest Bitcoin? Kompleksowe wyja\u015bnienie od podstaw a\u017c po zastosowania w praktyce<\/a><\/li><li class=\"sitemap-item\"><a href=\"https:\/\/casino-worker.com\/pl\/ethereum\/\">Ethereum: Kompleksowy przewodnik od podstaw do przysz\u0142o\u015bci<\/a><\/li><li class=\"sitemap-item\"><a href=\"https:\/\/casino-worker.com\/pl\/gamefi\/\">GameFi: Kompleksowy przewodnik po nowej erze gier i finans\u00f3w dzi\u0119ki Web3<\/a><\/li><li class=\"sitemap-item\"><a href=\"https:\/\/casino-worker.com\/pl\/what-is-web3\/\">web3: Redefinicja Przysz\u0142o\u015bci Internetu<\/a><\/li><\/ul><\/div><div class=\"simple-sitemap-wrap web3-game\"><h3 class=\"term-tag\">web3 Game<\/h3><ul class=\"simple-sitemap-post main\"><li class=\"sitemap-item\"><a href=\"https:\/\/casino-worker.com\/pl\/gamefi\/\">GameFi: Kompleksowy przewodnik po nowej erze gier i finans\u00f3w dzi\u0119ki Web3<\/a><\/li><\/ul><\/div><div class=\"simple-sitemap-wrap win-fast\"><h3 class=\"term-tag\">Win Fast<\/h3><p class=\"no-posts\">Sorry, no wpisy found.<\/p><\/div><div class=\"simple-sitemap-wrap yolted\"><h3 class=\"term-tag\">Yolted<\/h3><p class=\"no-posts\">Sorry, no wpisy found.<\/p><\/div><\/div><br style=\"clear: both\">\n\n\n<p><\/p>\n","protected":false},"excerpt":{"rendered":"","protected":false},"author":2,"featured_media":0,"parent":0,"menu_order":0,"comment_status":"closed","ping_status":"closed","template":"page-full.php","meta":{"_locale":"pl_PL","_original_post":"https:\/\/casino-worker.com\/?page_id=5722","footnotes":""},"tags":[],"class_list":{"0":"post-5757","1":"page","2":"type-page","3":"status-publish","5":"pl-PL","6":"article"},"_links":{"self":[{"href":"https:\/\/casino-worker.com\/wp-json\/wp\/v2\/pages\/5757","targetHints":{"allow":["GET"]}}],"collection":[{"href":"https:\/\/casino-worker.com\/wp-json\/wp\/v2\/pages"}],"about":[{"href":"https:\/\/casino-worker.com\/wp-json\/wp\/v2\/types\/page"}],"author":[{"embeddable":true,"href":"https:\/\/casino-worker.com\/wp-json\/wp\/v2\/users\/2"}],"replies":[{"embeddable":true,"href":"https:\/\/casino-worker.com\/wp-json\/wp\/v2\/comments?post=5757"}],"version-history":[{"count":0,"href":"https:\/\/casino-worker.com\/wp-json\/wp\/v2\/pages\/5757\/revisions"}],"wp:attachment":[{"href":"https:\/\/casino-worker.com\/wp-json\/wp\/v2\/media?parent=5757"}],"wp:term":[{"taxonomy":"post_tag","embeddable":true,"href":"https:\/\/casino-worker.com\/wp-json\/wp\/v2\/tags?post=5757"}],"curies":[{"name":"wp","href":"https:\/\/api.w.org\/{rel}","templated":true}]}}