

{"id":3623,"date":"2024-12-23T12:34:34","date_gmt":"2024-12-23T03:34:34","guid":{"rendered":"https:\/\/casino-worker.com\/?page_id=3623"},"modified":"2025-01-07T09:31:49","modified_gmt":"2025-01-07T00:31:49","slug":"privacy-policy","status":"publish","type":"page","link":"https:\/\/casino-worker.com\/pt\/privacy-policy\/","title":{"rendered":"Pol\u00edtica de Privacidade"},"content":{"rendered":"\n<h1 class=\"wp-block-heading\">Pol\u00edtica de Privacidade<\/h1>\n\n\n\n<p>Valorizamos a privacidade dos nossos usu\u00e1rios e gerenciamos dados pessoais em conformidade com o <strong>RGPD da UE<\/strong> (Regulamento Geral sobre a Prote\u00e7\u00e3o de Dados). Abaixo est\u00e1 um resumo das nossas pr\u00e1ticas de coleta, uso e armazenamento de dados em nosso site.<\/p>\n\n\n\n<h3 class=\"wp-block-heading\">Sobre N\u00f3s<\/h3>\n\n\n\n<p>O endere\u00e7o do nosso site \u00e9 <strong><a href=\"http:\/\/casino-worker.com\">http:\/\/casino-worker.com<\/a><\/strong>. Em caso de d\u00favidas sobre a nossa pol\u00edtica de privacidade, entre em contato conosco por meio do nosso formul\u00e1rio de contato.<\/p>\n\n\n\n<h3 class=\"wp-block-heading\">Coment\u00e1rios<\/h3>\n\n\n\n<p>Quando visitantes deixam coment\u00e1rios, coletamos os dados inseridos no formul\u00e1rio de coment\u00e1rios, bem como o <strong>endere\u00e7o IP<\/strong> e as <strong>informa\u00e7\u00f5es do navegador<\/strong>. Esses dados s\u00e3o usados para a detec\u00e7\u00e3o de spam e a aprova\u00e7\u00e3o de coment\u00e1rios. Caso o usu\u00e1rio utilize Gravatar, sua foto de perfil pode aparecer ao lado do coment\u00e1rio.<\/p>\n\n\n\n<h3 class=\"wp-block-heading\">Cookies<\/h3>\n\n\n\n<p>Nosso site utiliza <strong>cookies<\/strong> para melhorar a conveni\u00eancia do usu\u00e1rio.<\/p>\n\n\n\n<ul class=\"wp-block-list\">\n<li>As informa\u00e7\u00f5es de login s\u00e3o temporariamente armazenadas em cookies e s\u00e3o exclu\u00eddas ao fechar o navegador.<\/li>\n<\/ul>\n\n\n\n<h3 class=\"wp-block-heading\">Conte\u00fado Incorporado de Outros Sites<\/h3>\n\n\n\n<p>Os artigos no nosso site podem incluir conte\u00fado incorporado de outros sites (por exemplo, v\u00eddeos, imagens, publica\u00e7\u00f5es). Esse conte\u00fado incorporado se comporta da mesma forma que se o visitante estivesse no site externo, podendo ocorrer coleta de dados, uso de cookies e rastreamento.<\/p>\n\n\n\n<h3 class=\"wp-block-heading\">Compartilhamento de Dados<\/h3>\n\n\n\n<p>Os coment\u00e1rios dos visitantes podem ser verificados por meio de um servi\u00e7o autom\u00e1tico de detec\u00e7\u00e3o de spam.<\/p>\n\n\n\n<h3 class=\"wp-block-heading\">Pol\u00edtica de Prote\u00e7\u00e3o de Dados em Conformidade com o RGPD<\/h3>\n\n\n\n<p>Para usu\u00e1rios residentes na UE, os dados pessoais s\u00e3o gerenciados em conformidade com os requisitos do RGPD, e respondemos a solicita\u00e7\u00f5es de acesso, corre\u00e7\u00e3o e exclus\u00e3o de dados, quando necess\u00e1rio.<\/p>\n","protected":false},"excerpt":{"rendered":"<p>Pol\u00edtica de Privacidade Valorizamos a privacidade dos nossos usu\u00e1rios e gerenciamos dados pessoais em conformidade com o RGPD da UE (Regulamento Geral sobre a Prote\u00e7\u00e3o de Dados). Abaixo est\u00e1 um resumo das nossas pr\u00e1ticas de coleta, uso e armazenamento de dados em nosso site. Sobre N\u00f3s O endere\u00e7o do nosso site \u00e9 http:\/\/casino-worker.com. Em caso&#8230;<\/p>\n","protected":false},"author":2,"featured_media":4219,"parent":0,"menu_order":0,"comment_status":"closed","ping_status":"closed","template":"page-wide.php","meta":{"_locale":"pt_BR","_original_post":"http:\/\/casino-worker.com\/?page_id=1909","footnotes":""},"tags":[],"class_list":{"0":"post-3623","1":"page","2":"type-page","3":"status-publish","4":"has-post-thumbnail","6":"pt-BR","7":"article"},"_links":{"self":[{"href":"https:\/\/casino-worker.com\/wp-json\/wp\/v2\/pages\/3623","targetHints":{"allow":["GET"]}}],"collection":[{"href":"https:\/\/casino-worker.com\/wp-json\/wp\/v2\/pages"}],"about":[{"href":"https:\/\/casino-worker.com\/wp-json\/wp\/v2\/types\/page"}],"author":[{"embeddable":true,"href":"https:\/\/casino-worker.com\/wp-json\/wp\/v2\/users\/2"}],"replies":[{"embeddable":true,"href":"https:\/\/casino-worker.com\/wp-json\/wp\/v2\/comments?post=3623"}],"version-history":[{"count":0,"href":"https:\/\/casino-worker.com\/wp-json\/wp\/v2\/pages\/3623\/revisions"}],"wp:featuredmedia":[{"embeddable":true,"href":"https:\/\/casino-worker.com\/wp-json\/wp\/v2\/media\/4219"}],"wp:attachment":[{"href":"https:\/\/casino-worker.com\/wp-json\/wp\/v2\/media?parent=3623"}],"wp:term":[{"taxonomy":"post_tag","embeddable":true,"href":"https:\/\/casino-worker.com\/wp-json\/wp\/v2\/tags?post=3623"}],"curies":[{"name":"wp","href":"https:\/\/api.w.org\/{rel}","templated":true}]}}