

{"id":5760,"date":"2025-01-27T07:30:25","date_gmt":"2025-01-27T06:30:25","guid":{"rendered":"https:\/\/casino-worker.com\/?page_id=5760"},"modified":"2025-01-27T07:30:27","modified_gmt":"2025-01-27T06:30:27","slug":"site-map","status":"publish","type":"page","link":"https:\/\/casino-worker.com\/pt\/site-map\/","title":{"rendered":"Mapa do site"},"content":{"rendered":"<div id=\"simple-sitemap-container-69e4a5e0922b7\" class=\"simple-sitemap-container simple-sitemap-container-69e4a5e0922b7\"><div class=\"simple-sitemap-wrap aml\"><h3 class=\"term-tag\">AML<\/h3><ul class=\"simple-sitemap-post main\"><li class=\"sitemap-item\"><a href=\"https:\/\/casino-worker.com\/pt\/kyc\/\">O que \u00e9 KYC (Know Your Customer)?<\/a><\/li><\/ul><\/div><div class=\"simple-sitemap-wrap baricata\"><h3 class=\"term-tag\">Baricata<\/h3><p class=\"no-posts\">Sorry, no posts found.<\/p><\/div><div class=\"simple-sitemap-wrap bgaming\"><h3 class=\"term-tag\">BGAMING<\/h3><p class=\"no-posts\">Sorry, no posts found.<\/p><\/div><div class=\"simple-sitemap-wrap big-time-gaming\"><h3 class=\"term-tag\">Big Time Gaming<\/h3><p class=\"no-posts\">Sorry, no posts found.<\/p><\/div><div class=\"simple-sitemap-wrap casino\"><h3 class=\"term-tag\">Casino<\/h3><ul class=\"simple-sitemap-post main\"><li class=\"sitemap-item\"><a href=\"https:\/\/casino-worker.com\/pt\/vega-wallet\/\">\u3010An\u00e1lise detalhada\u3011O que \u00e9 o &#8220;Vega Wallet&#8221;? Um guia completo sobre suas funcionalidades e uso<\/a><\/li><li class=\"sitemap-item\"><a href=\"https:\/\/casino-worker.com\/pt\/bubinga\/\">Descubra os Atributos da Bubinga Binary!<\/a><\/li><li class=\"sitemap-item\"><a href=\"https:\/\/casino-worker.com\/pt\/fortune-panda\/\">Fortune Panda Casino \u2013 Revis\u00e3o Abrangente 2025<\/a><\/li><li class=\"sitemap-item\"><a href=\"https:\/\/casino-worker.com\/pt\/aviator\/\">Jogue Aviator de Gra\u00e7a!<\/a><\/li><li class=\"sitemap-item\"><a href=\"https:\/\/casino-worker.com\/pt\/candy-island-princess\/\">Jogue Candy Island Princess de Gra\u00e7a!<\/a><\/li><li class=\"sitemap-item\"><a href=\"https:\/\/casino-worker.com\/pt\/double-rainbow\/\">Jogue Double Rainbow Gratuitamente!<\/a><\/li><li class=\"sitemap-item\"><a href=\"https:\/\/casino-worker.com\/pt\/hawaiian-dream\/\">Jogue Hawaiian Dream gratuitamente!<\/a><\/li><li class=\"sitemap-item\"><a href=\"https:\/\/casino-worker.com\/pt\/wild-beach-party\/\">Jogue Wild Beach Party Gratuitamente!<\/a><\/li><li class=\"sitemap-item\"><a href=\"https:\/\/casino-worker.com\/pt\/muchbetter\/\">O que \u00e9 MuchBetter? Uma an\u00e1lise detalhada de um servi\u00e7o de pagamento online inovador<\/a><\/li><li class=\"sitemap-item\"><a href=\"https:\/\/casino-worker.com\/pt\/payz\/\">O que \u00e9 Payz (anteriormente ecoPayz)?<\/a><\/li><li class=\"sitemap-item\"><a href=\"https:\/\/casino-worker.com\/pt\/sticpay\/\">O que \u00e9 Sticpay?: M\u00e9todo de pagamento para cassinos online<\/a><\/li><\/ul><\/div><div class=\"simple-sitemap-wrap casino-brand\"><h3 class=\"term-tag\">Casino Brand<\/h3><ul class=\"simple-sitemap-post main\"><li class=\"sitemap-item\"><a href=\"https:\/\/casino-worker.com\/pt\/fortune-panda\/\">Fortune Panda Casino \u2013 Revis\u00e3o Abrangente 2025<\/a><\/li><\/ul><\/div><div class=\"simple-sitemap-wrap column\"><h3 class=\"term-tag\">Column<\/h3><ul class=\"simple-sitemap-post main\"><li class=\"sitemap-item\"><a href=\"https:\/\/casino-worker.com\/pt\/about-us\/\">A &#8220;Casino Worker&#8221; weboldalunkr\u00f3l<\/a><\/li><li class=\"sitemap-item\"><a href=\"https:\/\/casino-worker.com\/pt\/casino-strategy\/\">As Melhores Estrat\u00e9gias para Cassinos Online: Um Guia Completo para Ganhar<\/a><\/li><li class=\"sitemap-item\"><a href=\"https:\/\/casino-worker.com\/pt\/how-to-choose-a-good-online-casino\/\">Como escolher um bom cassino online: 10 crit\u00e9rios com foco em confiabilidade e conforto<\/a><\/li><li class=\"sitemap-item\"><a href=\"https:\/\/casino-worker.com\/pt\/fifa-2026\/\">Copa do Mundo FIFA 2026: O maior espet\u00e1culo de futebol na Am\u00e9rica do Norte<\/a><\/li><li class=\"sitemap-item\"><a href=\"https:\/\/casino-worker.com\/pt\/esports\/\">Explicando a Ind\u00fastria de eSports<\/a><\/li><\/ul><\/div><div class=\"simple-sitemap-wrap crypto\"><h3 class=\"term-tag\">Crypto<\/h3><ul class=\"simple-sitemap-post main\"><li class=\"sitemap-item\"><a href=\"https:\/\/casino-worker.com\/pt\/ethereum\/\">Ethereum: Um Guia Completo dos Fundamentos \u00e0s Perspectivas Futuras<\/a><\/li><li class=\"sitemap-item\"><a href=\"https:\/\/casino-worker.com\/pt\/bitcoin\/\">O que \u00e9 Bitcoin? Explica\u00e7\u00e3o completa, dos fundamentos ao uso pr\u00e1tico<\/a><\/li><\/ul><\/div><div class=\"simple-sitemap-wrap free-casino-games\"><h3 class=\"term-tag\">Game provider<\/h3><ul class=\"simple-sitemap-post main\"><li class=\"sitemap-item\"><a href=\"https:\/\/casino-worker.com\/pt\/aviator\/\">Jogue Aviator de Gra\u00e7a!<\/a><\/li><li class=\"sitemap-item\"><a href=\"https:\/\/casino-worker.com\/pt\/candy-island-princess\/\">Jogue Candy Island Princess de Gra\u00e7a!<\/a><\/li><li class=\"sitemap-item\"><a href=\"https:\/\/casino-worker.com\/pt\/double-rainbow\/\">Jogue Double Rainbow Gratuitamente!<\/a><\/li><li class=\"sitemap-item\"><a href=\"https:\/\/casino-worker.com\/pt\/hawaiian-dream\/\">Jogue Hawaiian Dream gratuitamente!<\/a><\/li><li class=\"sitemap-item\"><a href=\"https:\/\/casino-worker.com\/pt\/wild-beach-party\/\">Jogue Wild Beach Party Gratuitamente!<\/a><\/li><\/ul><\/div><div class=\"simple-sitemap-wrap golden-hero\"><h3 class=\"term-tag\">Golden Hero<\/h3><p class=\"no-posts\">Sorry, no posts found.<\/p><\/div><div class=\"simple-sitemap-wrap hacksaw-gaming\"><h3 class=\"term-tag\">Hacksaw Gaming<\/h3><ul class=\"simple-sitemap-post main\"><li class=\"sitemap-item\"><a href=\"https:\/\/casino-worker.com\/pt\/double-rainbow\/\">Jogue Double Rainbow Gratuitamente!<\/a><\/li><\/ul><\/div><div class=\"simple-sitemap-wrap manna-play\"><h3 class=\"term-tag\">Manna Play<\/h3><p class=\"no-posts\">Sorry, no posts found.<\/p><\/div><div class=\"simple-sitemap-wrap naga-games\"><h3 class=\"term-tag\">Naga Games<\/h3><p class=\"no-posts\">Sorry, no posts found.<\/p><\/div><div class=\"simple-sitemap-wrap netent\"><h3 class=\"term-tag\">NetEnt<\/h3><p class=\"no-posts\">Sorry, no posts found.<\/p><\/div><div class=\"simple-sitemap-wrap news\"><h3 class=\"term-tag\">News<\/h3><ul class=\"simple-sitemap-post main\"><li class=\"sitemap-item\"><a href=\"https:\/\/casino-worker.com\/pt\/thai-landcasino-bills\/\">\u00daltimos desenvolvimentos nos cassinos da Tail\u00e2ndia \u2013 Debate sobre restri\u00e7\u00f5es para jogadores locais com base na riqueza<\/a><\/li><\/ul><\/div><div class=\"simple-sitemap-wrap nolimit-city\"><h3 class=\"term-tag\">Nolimit City<\/h3><p class=\"no-posts\">Sorry, no posts found.<\/p><\/div><div class=\"simple-sitemap-wrap payment\"><h3 class=\"term-tag\">Payments<\/h3><ul class=\"simple-sitemap-post main\"><li class=\"sitemap-item\"><a href=\"https:\/\/casino-worker.com\/pt\/vega-wallet\/\">\u3010An\u00e1lise detalhada\u3011O que \u00e9 o &#8220;Vega Wallet&#8221;? Um guia completo sobre suas funcionalidades e uso<\/a><\/li><li class=\"sitemap-item\"><a href=\"https:\/\/casino-worker.com\/pt\/muchbetter\/\">O que \u00e9 MuchBetter? Uma an\u00e1lise detalhada de um servi\u00e7o de pagamento online inovador<\/a><\/li><li class=\"sitemap-item\"><a href=\"https:\/\/casino-worker.com\/pt\/payz\/\">O que \u00e9 Payz (anteriormente ecoPayz)?<\/a><\/li><li class=\"sitemap-item\"><a href=\"https:\/\/casino-worker.com\/pt\/sticpay\/\">O que \u00e9 Sticpay?: M\u00e9todo de pagamento para cassinos online<\/a><\/li><\/ul><\/div><div class=\"simple-sitemap-wrap playn-go\"><h3 class=\"term-tag\">Play\\\\\\&#8217;n Go<\/h3><ul class=\"simple-sitemap-post main\"><li class=\"sitemap-item\"><a href=\"https:\/\/casino-worker.com\/pt\/candy-island-princess\/\">Jogue Candy Island Princess de Gra\u00e7a!<\/a><\/li><\/ul><\/div><div class=\"simple-sitemap-wrap playtech\"><h3 class=\"term-tag\">Playtech<\/h3><p class=\"no-posts\">Sorry, no posts found.<\/p><\/div><div class=\"simple-sitemap-wrap pragmatic-play\"><h3 class=\"term-tag\">Pragmatic Play<\/h3><ul class=\"simple-sitemap-post main\"><li class=\"sitemap-item\"><a href=\"https:\/\/casino-worker.com\/pt\/wild-beach-party\/\">Jogue Wild Beach Party Gratuitamente!<\/a><\/li><\/ul><\/div><div class=\"simple-sitemap-wrap push%e2%80%90gaming\"><h3 class=\"term-tag\">Push Gaming<\/h3><p class=\"no-posts\">Sorry, no posts found.<\/p><\/div><div class=\"simple-sitemap-wrap red-tiger-gaming\"><h3 class=\"term-tag\">Red Tiger Gaming<\/h3><p class=\"no-posts\">Sorry, no posts found.<\/p><\/div><div class=\"simple-sitemap-wrap reel-kingdom\"><h3 class=\"term-tag\">Reel Kingdom<\/h3><p class=\"no-posts\">Sorry, no posts found.<\/p><\/div><div class=\"simple-sitemap-wrap relax-gaming\"><h3 class=\"term-tag\">Relax Gaming<\/h3><p class=\"no-posts\">Sorry, no posts found.<\/p><\/div><div class=\"simple-sitemap-wrap simpleplay-game-provider\"><h3 class=\"term-tag\">SimplePlay<\/h3><p class=\"no-posts\">Sorry, no posts found.<\/p><\/div><div class=\"simple-sitemap-wrap spinomenal\"><h3 class=\"term-tag\">Spinomenal<\/h3><p class=\"no-posts\">Sorry, no posts found.<\/p><\/div><div class=\"simple-sitemap-wrap spribe\"><h3 class=\"term-tag\">Spribe<\/h3><ul class=\"simple-sitemap-post main\"><li class=\"sitemap-item\"><a href=\"https:\/\/casino-worker.com\/pt\/aviator\/\">Jogue Aviator de Gra\u00e7a!<\/a><\/li><\/ul><\/div><div class=\"simple-sitemap-wrap web3\"><h3 class=\"term-tag\">web3<\/h3><ul class=\"simple-sitemap-post main\"><li class=\"sitemap-item\"><a href=\"https:\/\/casino-worker.com\/pt\/ethereum\/\">Ethereum: Um Guia Completo dos Fundamentos \u00e0s Perspectivas Futuras<\/a><\/li><li class=\"sitemap-item\"><a href=\"https:\/\/casino-worker.com\/pt\/gamefi\/\">GameFi: Guia completo da nova era dos jogos e finan\u00e7as com Web3<\/a><\/li><li class=\"sitemap-item\"><a href=\"https:\/\/casino-worker.com\/pt\/web3-casino\/\">O estado atual do web3 e o potencial dos cassinos online<\/a><\/li><li class=\"sitemap-item\"><a href=\"https:\/\/casino-worker.com\/pt\/bitcoin\/\">O que \u00e9 Bitcoin? Explica\u00e7\u00e3o completa, dos fundamentos ao uso pr\u00e1tico<\/a><\/li><li class=\"sitemap-item\"><a href=\"https:\/\/casino-worker.com\/pt\/kyc\/\">O que \u00e9 KYC (Know Your Customer)?<\/a><\/li><li class=\"sitemap-item\"><a href=\"https:\/\/casino-worker.com\/pt\/what-is-web3\/\">web3: Redefinindo o Futuro da Internet<\/a><\/li><\/ul><\/div><div class=\"simple-sitemap-wrap web3-game\"><h3 class=\"term-tag\">web3 Game<\/h3><ul class=\"simple-sitemap-post main\"><li class=\"sitemap-item\"><a href=\"https:\/\/casino-worker.com\/pt\/gamefi\/\">GameFi: Guia completo da nova era dos jogos e finan\u00e7as com Web3<\/a><\/li><\/ul><\/div><div class=\"simple-sitemap-wrap win-fast\"><h3 class=\"term-tag\">Win Fast<\/h3><ul class=\"simple-sitemap-post main\"><li class=\"sitemap-item\"><a href=\"https:\/\/casino-worker.com\/pt\/hawaiian-dream\/\">Jogue Hawaiian Dream gratuitamente!<\/a><\/li><\/ul><\/div><div class=\"simple-sitemap-wrap yolted\"><h3 class=\"term-tag\">Yolted<\/h3><p class=\"no-posts\">Sorry, no posts found.<\/p><\/div><\/div><br style=\"clear: both\">\n\n\n<p><\/p>\n","protected":false},"excerpt":{"rendered":"","protected":false},"author":2,"featured_media":0,"parent":0,"menu_order":0,"comment_status":"closed","ping_status":"closed","template":"page-full.php","meta":{"_locale":"pt_BR","_original_post":"https:\/\/casino-worker.com\/?page_id=5722","footnotes":""},"tags":[],"class_list":{"0":"post-5760","1":"page","2":"type-page","3":"status-publish","5":"pt-BR","6":"article"},"_links":{"self":[{"href":"https:\/\/casino-worker.com\/wp-json\/wp\/v2\/pages\/5760","targetHints":{"allow":["GET"]}}],"collection":[{"href":"https:\/\/casino-worker.com\/wp-json\/wp\/v2\/pages"}],"about":[{"href":"https:\/\/casino-worker.com\/wp-json\/wp\/v2\/types\/page"}],"author":[{"embeddable":true,"href":"https:\/\/casino-worker.com\/wp-json\/wp\/v2\/users\/2"}],"replies":[{"embeddable":true,"href":"https:\/\/casino-worker.com\/wp-json\/wp\/v2\/comments?post=5760"}],"version-history":[{"count":0,"href":"https:\/\/casino-worker.com\/wp-json\/wp\/v2\/pages\/5760\/revisions"}],"wp:attachment":[{"href":"https:\/\/casino-worker.com\/wp-json\/wp\/v2\/media?parent=5760"}],"wp:term":[{"taxonomy":"post_tag","embeddable":true,"href":"https:\/\/casino-worker.com\/wp-json\/wp\/v2\/tags?post=5760"}],"curies":[{"name":"wp","href":"https:\/\/api.w.org\/{rel}","templated":true}]}}