

{"id":4411,"date":"2025-01-09T13:14:45","date_gmt":"2025-01-09T04:14:45","guid":{"rendered":"https:\/\/casino-worker.com\/?page_id=4411"},"modified":"2025-01-09T13:14:46","modified_gmt":"2025-01-09T04:14:46","slug":"privacy-policy","status":"publish","type":"page","link":"https:\/\/casino-worker.com\/ro\/privacy-policy\/","title":{"rendered":"Politica de Confiden\u021bialitate"},"content":{"rendered":"\n<h1 class=\"wp-block-heading\"><strong><strong><strong><strong>Politica de Confiden\u021bialitate<\/strong><\/strong><\/strong><\/strong><\/h1>\n\n\n\n<p>Noi prioritiz\u0103m confiden\u021bialitatea utilizatorilor no\u0219tri \u0219i gestion\u0103m datele personale \u00een conformitate cu GDPR al UE (Regulamentul General privind Protec\u021bia Datelor). Mai jos este prezentat un rezumat al practicilor noastre privind colectarea, utilizarea \u0219i stocarea datelor pe site-ul nostru.<\/p>\n\n\n\n<h2 class=\"wp-block-heading\"><strong>Despre Noi<\/strong><\/h2>\n\n\n\n<p>Adresa site-ului nostru este <a href=\"http:\/\/casino-worker.com\">http:\/\/casino-worker.com<\/a>. Dac\u0103 ave\u021bi \u00eentreb\u0103ri despre practicile noastre de confiden\u021bialitate, nu ezita\u021bi s\u0103 ne contacta\u021bi prin intermediul formularului nostru de contact.<\/p>\n\n\n\n<h2 class=\"wp-block-heading\"><strong>Comentarii<\/strong><\/h2>\n\n\n\n<p>C\u00e2nd vizitatorii las\u0103 comentarii, colect\u0103m datele introduse \u00een formularul de comentarii, \u00eempreun\u0103 cu adresa IP \u0219i informa\u021biile despre browser. Aceste date sunt folosite pentru detectarea spamului \u0219i aprobarea comentariilor. Dac\u0103 utilizatorul are Gravatar activat, imaginea profilului s\u0103u poate fi afi\u0219at\u0103 al\u0103turi de comentariu.<\/p>\n\n\n\n<h2 class=\"wp-block-heading\"><strong>Cookie-uri<\/strong><\/h2>\n\n\n\n<p>Site-ul nostru folose\u0219te cookie-uri pentru a spori confortul utilizatorilor.<\/p>\n\n\n\n<p>Informa\u021biile de autentificare sunt salvate temporar cu ajutorul cookie-urilor \u0219i sunt \u0219terse atunci c\u00e2nd browserul este \u00eenchis.<\/p>\n\n\n\n<h2 class=\"wp-block-heading\"><strong>Con\u021binut \u00cencorporat din Alte Site-uri Web<\/strong><\/h2>\n\n\n\n<p>Articolele de pe site-ul nostru pot include con\u021binut \u00eencorporat din alte site-uri web (de exemplu, videoclipuri, imagini, post\u0103ri). Con\u021binutul \u00eencorporat se comport\u0103 \u00een acela\u0219i mod ca \u0219i cum vizitatorul ar fi pe site-ul extern, ceea ce \u00eenseamn\u0103 c\u0103 pot avea loc colectarea de date, utilizarea cookie-urilor \u0219i urm\u0103rirea.<\/p>\n\n\n\n<h2 class=\"wp-block-heading\"><strong>Partajarea Datelor<\/strong><\/h2>\n\n\n\n<p>Comentariile vizitatorilor pot fi verificate printr-un serviciu automatizat de detectare a spamului.<\/p>\n\n\n\n<h2 class=\"wp-block-heading\"><strong>Politica de Protec\u021bie a Datelor \u00een Conformitate cu GDPR<\/strong><\/h2>\n\n\n\n<p>Pentru utilizatorii care locuiesc \u00een UE, datele personale sunt gestionate \u00een conformitate cu cerin\u021bele GDPR \u0219i vom r\u0103spunde la cererile de acces la date, corectare \u0219i \u0219tergere atunci c\u00e2nd este necesar.<\/p>\n","protected":false},"excerpt":{"rendered":"<p>Politica de Confiden\u021bialitate Noi prioritiz\u0103m confiden\u021bialitatea utilizatorilor no\u0219tri \u0219i gestion\u0103m datele personale \u00een conformitate cu GDPR al UE (Regulamentul General privind Protec\u021bia Datelor). Mai jos este prezentat un rezumat al practicilor noastre privind colectarea, utilizarea \u0219i stocarea datelor pe site-ul nostru. Despre Noi Adresa site-ului nostru este http:\/\/casino-worker.com. Dac\u0103 ave\u021bi \u00eentreb\u0103ri despre practicile noastre de&#8230;<\/p>\n","protected":false},"author":2,"featured_media":4219,"parent":0,"menu_order":0,"comment_status":"closed","ping_status":"closed","template":"page-wide.php","meta":{"_locale":"ro_RO","_original_post":"http:\/\/casino-worker.com\/?page_id=1909","footnotes":""},"tags":[314],"class_list":{"0":"post-4411","1":"page","2":"type-page","3":"status-publish","4":"has-post-thumbnail","6":"tag-ro","7":"ro-RO","8":"article"},"_links":{"self":[{"href":"https:\/\/casino-worker.com\/wp-json\/wp\/v2\/pages\/4411","targetHints":{"allow":["GET"]}}],"collection":[{"href":"https:\/\/casino-worker.com\/wp-json\/wp\/v2\/pages"}],"about":[{"href":"https:\/\/casino-worker.com\/wp-json\/wp\/v2\/types\/page"}],"author":[{"embeddable":true,"href":"https:\/\/casino-worker.com\/wp-json\/wp\/v2\/users\/2"}],"replies":[{"embeddable":true,"href":"https:\/\/casino-worker.com\/wp-json\/wp\/v2\/comments?post=4411"}],"version-history":[{"count":0,"href":"https:\/\/casino-worker.com\/wp-json\/wp\/v2\/pages\/4411\/revisions"}],"wp:featuredmedia":[{"embeddable":true,"href":"https:\/\/casino-worker.com\/wp-json\/wp\/v2\/media\/4219"}],"wp:attachment":[{"href":"https:\/\/casino-worker.com\/wp-json\/wp\/v2\/media?parent=4411"}],"wp:term":[{"taxonomy":"post_tag","embeddable":true,"href":"https:\/\/casino-worker.com\/wp-json\/wp\/v2\/tags?post=4411"}],"curies":[{"name":"wp","href":"https:\/\/api.w.org\/{rel}","templated":true}]}}