

{"id":5763,"date":"2025-01-27T07:30:57","date_gmt":"2025-01-27T06:30:57","guid":{"rendered":"https:\/\/casino-worker.com\/?page_id=5763"},"modified":"2025-01-27T07:30:58","modified_gmt":"2025-01-27T06:30:58","slug":"site-map","status":"publish","type":"page","link":"https:\/\/casino-worker.com\/ro\/site-map\/","title":{"rendered":"Harta site-ului"},"content":{"rendered":"<div id=\"simple-sitemap-container-69fbc67c2dfe5\" class=\"simple-sitemap-container simple-sitemap-container-69fbc67c2dfe5\"><div class=\"simple-sitemap-wrap aml\"><h3 class=\"term-tag\">AML<\/h3><ul class=\"simple-sitemap-post main\"><li class=\"sitemap-item\"><a href=\"https:\/\/casino-worker.com\/ro\/kyc\/\">Ce este KYC (Know Your Customer)?<\/a><\/li><\/ul><\/div><div class=\"simple-sitemap-wrap baricata\"><h3 class=\"term-tag\">Baricata<\/h3><p class=\"no-posts\">Sorry, no articole found.<\/p><\/div><div class=\"simple-sitemap-wrap bgaming\"><h3 class=\"term-tag\">BGAMING<\/h3><p class=\"no-posts\">Sorry, no articole found.<\/p><\/div><div class=\"simple-sitemap-wrap big-time-gaming\"><h3 class=\"term-tag\">Big Time Gaming<\/h3><p class=\"no-posts\">Sorry, no articole found.<\/p><\/div><div class=\"simple-sitemap-wrap casino\"><h3 class=\"term-tag\">Casino<\/h3><ul class=\"simple-sitemap-post main\"><li class=\"sitemap-item\"><a href=\"https:\/\/casino-worker.com\/ro\/vega-wallet\/\">\u3010Analiz\u0103 detaliat\u0103\u3011Ce este \u201eVega Wallet\u201d? Un ghid complet despre func\u021bionalit\u0103\u021bi \u0219i utilizare<\/a><\/li><li class=\"sitemap-item\"><a href=\"https:\/\/casino-worker.com\/ro\/muchbetter\/\">Ce este MuchBetter? Analiza detaliat\u0103 a unui serviciu de plat\u0103 online inovator<\/a><\/li><li class=\"sitemap-item\"><a href=\"https:\/\/casino-worker.com\/ro\/payz\/\">Ce este Payz (cunoscut anterior ca ecoPayz)?<\/a><\/li><li class=\"sitemap-item\"><a href=\"https:\/\/casino-worker.com\/ro\/sticpay\/\">Ce este Sticpay?: Metod\u0103 de plat\u0103 pentru cazinouri online<\/a><\/li><li class=\"sitemap-item\"><a href=\"https:\/\/casino-worker.com\/ro\/candy-island-princess\/\">Joac\u0103 Candy Island Princess Gratuit!<\/a><\/li><li class=\"sitemap-item\"><a href=\"https:\/\/casino-worker.com\/ro\/wild-beach-party\/\">Joac\u0103 Wild Beach Party Gratuit!<\/a><\/li><li class=\"sitemap-item\"><a href=\"https:\/\/casino-worker.com\/ro\/double-rainbow\/\">Jogue Double Rainbow Gratuitamente!<\/a><\/li><\/ul><\/div><div class=\"simple-sitemap-wrap casino-brand\"><h3 class=\"term-tag\">Casino Brand<\/h3><p class=\"no-posts\">Sorry, no articole found.<\/p><\/div><div class=\"simple-sitemap-wrap column\"><h3 class=\"term-tag\">Column<\/h3><ul class=\"simple-sitemap-post main\"><li class=\"sitemap-item\"><a href=\"https:\/\/casino-worker.com\/ro\/casino-strategy\/\">Cele mai bune strategii pentru cazinourile online: Un ghid complet pentru c\u00e2\u0219tig<\/a><\/li><li class=\"sitemap-item\"><a href=\"https:\/\/casino-worker.com\/ro\/how-to-choose-a-good-online-casino\/\">Cum s\u0103 alegi un cazinou online bun: 10 criterii care pun accent pe fiabilitate \u0219i confort<\/a><\/li><li class=\"sitemap-item\"><a href=\"https:\/\/casino-worker.com\/ro\/fifa-2026\/\">Cupa Mondial\u0103 FIFA 2026: Cel mai mare spectacol de fotbal din America de Nord<\/a><\/li><li class=\"sitemap-item\"><a href=\"https:\/\/casino-worker.com\/ro\/about-us\/\">Despre site-ul nostru \u201eCasino Worker\u201d<\/a><\/li><li class=\"sitemap-item\"><a href=\"https:\/\/casino-worker.com\/ro\/esports\/\">Explicarea industriei eSports<\/a><\/li><\/ul><\/div><div class=\"simple-sitemap-wrap crypto\"><h3 class=\"term-tag\">Crypto<\/h3><ul class=\"simple-sitemap-post main\"><li class=\"sitemap-item\"><a href=\"https:\/\/casino-worker.com\/ro\/bitcoin\/\">Ce este Bitcoin? Ghid complet de la baz\u0103 p\u00e2n\u0103 la utilizarea practic\u0103<\/a><\/li><li class=\"sitemap-item\"><a href=\"https:\/\/casino-worker.com\/ro\/ethereum\/\">Ethereum: Un Ghid Complet de la Fundamente la Perspectivele Viitoare<\/a><\/li><\/ul><\/div><div class=\"simple-sitemap-wrap free-casino-games\"><h3 class=\"term-tag\">Free Casino Games<\/h3><ul class=\"simple-sitemap-post main\"><li class=\"sitemap-item\"><a href=\"https:\/\/casino-worker.com\/ro\/candy-island-princess\/\">Joac\u0103 Candy Island Princess Gratuit!<\/a><\/li><li class=\"sitemap-item\"><a href=\"https:\/\/casino-worker.com\/ro\/wild-beach-party\/\">Joac\u0103 Wild Beach Party Gratuit!<\/a><\/li><li class=\"sitemap-item\"><a href=\"https:\/\/casino-worker.com\/ro\/double-rainbow\/\">Jogue Double Rainbow Gratuitamente!<\/a><\/li><\/ul><\/div><div class=\"simple-sitemap-wrap golden-hero\"><h3 class=\"term-tag\">Golden Hero<\/h3><p class=\"no-posts\">Sorry, no articole found.<\/p><\/div><div class=\"simple-sitemap-wrap hacksaw-gaming\"><h3 class=\"term-tag\">Hacksaw Gaming<\/h3><ul class=\"simple-sitemap-post main\"><li class=\"sitemap-item\"><a href=\"https:\/\/casino-worker.com\/ro\/double-rainbow\/\">Jogue Double Rainbow Gratuitamente!<\/a><\/li><\/ul><\/div><div class=\"simple-sitemap-wrap manna-play\"><h3 class=\"term-tag\">Manna Play<\/h3><p class=\"no-posts\">Sorry, no articole found.<\/p><\/div><div class=\"simple-sitemap-wrap naga-games\"><h3 class=\"term-tag\">Naga Games<\/h3><p class=\"no-posts\">Sorry, no articole found.<\/p><\/div><div class=\"simple-sitemap-wrap netent\"><h3 class=\"term-tag\">NetEnt<\/h3><p class=\"no-posts\">Sorry, no articole found.<\/p><\/div><div class=\"simple-sitemap-wrap news\"><h3 class=\"term-tag\">News<\/h3><ul class=\"simple-sitemap-post main\"><li class=\"sitemap-item\"><a href=\"https:\/\/casino-worker.com\/ro\/thai-landcasino-bills\/\">Ultimele evolu\u021bii \u00een industria cazinourilor din Thailanda \u2013 Dezbatere asupra \u201erestric\u021biilor pentru clasa bogat\u0103\u201d privind juc\u0103torii locali<\/a><\/li><\/ul><\/div><div class=\"simple-sitemap-wrap nolimit-city\"><h3 class=\"term-tag\">Nolimit City<\/h3><p class=\"no-posts\">Sorry, no articole found.<\/p><\/div><div class=\"simple-sitemap-wrap payment\"><h3 class=\"term-tag\">Payment<\/h3><ul class=\"simple-sitemap-post main\"><li class=\"sitemap-item\"><a href=\"https:\/\/casino-worker.com\/ro\/vega-wallet\/\">\u3010Analiz\u0103 detaliat\u0103\u3011Ce este \u201eVega Wallet\u201d? Un ghid complet despre func\u021bionalit\u0103\u021bi \u0219i utilizare<\/a><\/li><li class=\"sitemap-item\"><a href=\"https:\/\/casino-worker.com\/ro\/muchbetter\/\">Ce este MuchBetter? Analiza detaliat\u0103 a unui serviciu de plat\u0103 online inovator<\/a><\/li><li class=\"sitemap-item\"><a href=\"https:\/\/casino-worker.com\/ro\/payz\/\">Ce este Payz (cunoscut anterior ca ecoPayz)?<\/a><\/li><li class=\"sitemap-item\"><a href=\"https:\/\/casino-worker.com\/ro\/sticpay\/\">Ce este Sticpay?: Metod\u0103 de plat\u0103 pentru cazinouri online<\/a><\/li><\/ul><\/div><div class=\"simple-sitemap-wrap playn-go\"><h3 class=\"term-tag\">Playn Go<\/h3><ul class=\"simple-sitemap-post main\"><li class=\"sitemap-item\"><a href=\"https:\/\/casino-worker.com\/ro\/candy-island-princess\/\">Joac\u0103 Candy Island Princess Gratuit!<\/a><\/li><\/ul><\/div><div class=\"simple-sitemap-wrap playtech\"><h3 class=\"term-tag\">Playtech<\/h3><p class=\"no-posts\">Sorry, no articole found.<\/p><\/div><div class=\"simple-sitemap-wrap pragmatic-play\"><h3 class=\"term-tag\">Pragmatic Play<\/h3><ul class=\"simple-sitemap-post main\"><li class=\"sitemap-item\"><a href=\"https:\/\/casino-worker.com\/ro\/wild-beach-party\/\">Joac\u0103 Wild Beach Party Gratuit!<\/a><\/li><\/ul><\/div><div class=\"simple-sitemap-wrap push%e2%80%90gaming\"><h3 class=\"term-tag\">Push Gaming<\/h3><p class=\"no-posts\">Sorry, no articole found.<\/p><\/div><div class=\"simple-sitemap-wrap red-tiger-gaming\"><h3 class=\"term-tag\">Red Tiger Gaming<\/h3><p class=\"no-posts\">Sorry, no articole found.<\/p><\/div><div class=\"simple-sitemap-wrap reel-kingdom\"><h3 class=\"term-tag\">Reel Kingdom<\/h3><p class=\"no-posts\">Sorry, no articole found.<\/p><\/div><div class=\"simple-sitemap-wrap relax-gaming\"><h3 class=\"term-tag\">Relax Gaming<\/h3><p class=\"no-posts\">Sorry, no articole found.<\/p><\/div><div class=\"simple-sitemap-wrap simpleplay-game-provider\"><h3 class=\"term-tag\">SimplePlay<\/h3><p class=\"no-posts\">Sorry, no articole found.<\/p><\/div><div class=\"simple-sitemap-wrap spinomenal\"><h3 class=\"term-tag\">Spinomenal<\/h3><p class=\"no-posts\">Sorry, no articole found.<\/p><\/div><div class=\"simple-sitemap-wrap spribe\"><h3 class=\"term-tag\">Spribe<\/h3><p class=\"no-posts\">Sorry, no articole found.<\/p><\/div><div class=\"simple-sitemap-wrap web3\"><h3 class=\"term-tag\">web3<\/h3><ul class=\"simple-sitemap-post main\"><li class=\"sitemap-item\"><a href=\"https:\/\/casino-worker.com\/ro\/bitcoin\/\">Ce este Bitcoin? Ghid complet de la baz\u0103 p\u00e2n\u0103 la utilizarea practic\u0103<\/a><\/li><li class=\"sitemap-item\"><a href=\"https:\/\/casino-worker.com\/ro\/kyc\/\">Ce este KYC (Know Your Customer)?<\/a><\/li><li class=\"sitemap-item\"><a href=\"https:\/\/casino-worker.com\/ro\/ethereum\/\">Ethereum: Un Ghid Complet de la Fundamente la Perspectivele Viitoare<\/a><\/li><li class=\"sitemap-item\"><a href=\"https:\/\/casino-worker.com\/ro\/gamefi\/\">GameFi: Ghid complet pentru noua er\u0103 a jocurilor \u0219i finan\u021belor cu Web3<\/a><\/li><li class=\"sitemap-item\"><a href=\"https:\/\/casino-worker.com\/ro\/web3-casino\/\">Starea actual\u0103 a web3 \u0219i poten\u021bialul cazinourilor online<\/a><\/li><li class=\"sitemap-item\"><a href=\"https:\/\/casino-worker.com\/ro\/what-is-web3\/\">web3: Redefinirea Viitorului Internetului<\/a><\/li><\/ul><\/div><div class=\"simple-sitemap-wrap web3-game\"><h3 class=\"term-tag\">web3 Game<\/h3><ul class=\"simple-sitemap-post main\"><li class=\"sitemap-item\"><a href=\"https:\/\/casino-worker.com\/ro\/gamefi\/\">GameFi: Ghid complet pentru noua er\u0103 a jocurilor \u0219i finan\u021belor cu Web3<\/a><\/li><\/ul><\/div><div class=\"simple-sitemap-wrap win-fast\"><h3 class=\"term-tag\">Win Fast<\/h3><p class=\"no-posts\">Sorry, no articole found.<\/p><\/div><div class=\"simple-sitemap-wrap yolted\"><h3 class=\"term-tag\">Yolted<\/h3><p class=\"no-posts\">Sorry, no articole found.<\/p><\/div><\/div><br style=\"clear: both\">\n\n\n<p><\/p>\n","protected":false},"excerpt":{"rendered":"","protected":false},"author":2,"featured_media":0,"parent":0,"menu_order":0,"comment_status":"closed","ping_status":"closed","template":"page-full.php","meta":{"_locale":"ro_RO","_original_post":"https:\/\/casino-worker.com\/?page_id=5722","footnotes":""},"tags":[],"class_list":{"0":"post-5763","1":"page","2":"type-page","3":"status-publish","5":"ro-RO","6":"article"},"_links":{"self":[{"href":"https:\/\/casino-worker.com\/wp-json\/wp\/v2\/pages\/5763","targetHints":{"allow":["GET"]}}],"collection":[{"href":"https:\/\/casino-worker.com\/wp-json\/wp\/v2\/pages"}],"about":[{"href":"https:\/\/casino-worker.com\/wp-json\/wp\/v2\/types\/page"}],"author":[{"embeddable":true,"href":"https:\/\/casino-worker.com\/wp-json\/wp\/v2\/users\/2"}],"replies":[{"embeddable":true,"href":"https:\/\/casino-worker.com\/wp-json\/wp\/v2\/comments?post=5763"}],"version-history":[{"count":0,"href":"https:\/\/casino-worker.com\/wp-json\/wp\/v2\/pages\/5763\/revisions"}],"wp:attachment":[{"href":"https:\/\/casino-worker.com\/wp-json\/wp\/v2\/media?parent=5763"}],"wp:term":[{"taxonomy":"post_tag","embeddable":true,"href":"https:\/\/casino-worker.com\/wp-json\/wp\/v2\/tags?post=5763"}],"curies":[{"name":"wp","href":"https:\/\/api.w.org\/{rel}","templated":true}]}}