

{"id":4420,"date":"2025-01-09T13:53:14","date_gmt":"2025-01-09T04:53:14","guid":{"rendered":"https:\/\/casino-worker.com\/?page_id=4420"},"modified":"2025-01-09T13:53:57","modified_gmt":"2025-01-09T04:53:57","slug":"privacy-policy","status":"publish","type":"page","link":"https:\/\/casino-worker.com\/sv\/privacy-policy\/","title":{"rendered":"Integritetspolicy"},"content":{"rendered":"\n<h1 class=\"wp-block-heading\"><strong><strong><strong><strong>Integritetspolicy<\/strong><\/strong><\/strong><\/strong><\/h1>\n\n\n\n<p>Vi prioriterar v\u00e5ra anv\u00e4ndares integritet och hanterar personuppgifter i enlighet med EU:s GDPR (Allm\u00e4nna dataskyddsf\u00f6rordningen). Nedan f\u00f6ljer en \u00f6versikt \u00f6ver v\u00e5ra rutiner kring datainsamling, anv\u00e4ndning och lagring p\u00e5 v\u00e5r webbplats.<\/p>\n\n\n\n<h2 class=\"wp-block-heading\"><strong>Om oss<\/strong><\/h2>\n\n\n\n<p>V\u00e5r webbplatsadress \u00e4r <a href=\"http:\/\/casino-worker.com\">http:\/\/casino-worker.com<\/a>. Om du har n\u00e5gra fr\u00e5gor om v\u00e5ra integritetspolicys, v\u00e4nligen kontakta oss via v\u00e5rt kontaktformul\u00e4r.<\/p>\n\n\n\n<h2 class=\"wp-block-heading\"><strong>Kommentarer<\/strong><\/h2>\n\n\n\n<p>N\u00e4r bes\u00f6kare l\u00e4mnar kommentarer samlar vi in de uppgifter som anges i kommentarsformul\u00e4ret, tillsammans med IP-adressen och webbl\u00e4sarinformationen. Denna data anv\u00e4nds f\u00f6r spamdetektering och godk\u00e4nnande av kommentarer. Om anv\u00e4ndaren har Gravatar aktiverat kan deras profilbild visas bredvid deras kommentar.<\/p>\n\n\n\n<h2 class=\"wp-block-heading\"><strong>Cookies<\/strong><\/h2>\n\n\n\n<p>V\u00e5r webbplats anv\u00e4nder cookies f\u00f6r att f\u00f6rb\u00e4ttra anv\u00e4ndarv\u00e4nligheten.<\/p>\n\n\n\n<p>Inloggningsinformation sparas tillf\u00e4lligt med cookies och raderas n\u00e4r webbl\u00e4saren st\u00e4ngs.<\/p>\n\n\n\n<h2 class=\"wp-block-heading\"><strong>Inb\u00e4ddat inneh\u00e5ll fr\u00e5n andra webbplatser<\/strong><\/h2>\n\n\n\n<p>Artiklar p\u00e5 v\u00e5r sida kan inneh\u00e5lla inb\u00e4ddat inneh\u00e5ll fr\u00e5n andra webbplatser (t.ex. videor, bilder, inl\u00e4gg). Inb\u00e4ddat inneh\u00e5ll beter sig p\u00e5 samma s\u00e4tt som om bes\u00f6karen befann sig p\u00e5 den externa webbplatsen, vilket inneb\u00e4r att datainsamling, cookies och sp\u00e5rning kan f\u00f6rekomma.<\/p>\n\n\n\n<h2 class=\"wp-block-heading\"><strong>Datadelning<\/strong><\/h2>\n\n\n\n<p>Bes\u00f6karens kommentarer kan kontrolleras genom en automatiserad spamdetekteringstj\u00e4nst.<\/p>\n\n\n\n<h2 class=\"wp-block-heading\"><strong>Dataskyddspolicy i enlighet med GDPR<\/strong><\/h2>\n\n\n\n<p>F\u00f6r anv\u00e4ndare bosatta inom EU hanteras personuppgifter i enlighet med GDPR-kraven, och vi kommer att svara p\u00e5 f\u00f6rfr\u00e5gningar om data\u00e5tkomst, korrigering och radering n\u00e4r det beh\u00f6vs.<\/p>\n","protected":false},"excerpt":{"rendered":"<p>Integritetspolicy Vi prioriterar v\u00e5ra anv\u00e4ndares integritet och hanterar personuppgifter i enlighet med EU:s GDPR (Allm\u00e4nna dataskyddsf\u00f6rordningen). Nedan f\u00f6ljer en \u00f6versikt \u00f6ver v\u00e5ra rutiner kring datainsamling, anv\u00e4ndning och lagring p\u00e5 v\u00e5r webbplats. Om oss V\u00e5r webbplatsadress \u00e4r http:\/\/casino-worker.com. Om du har n\u00e5gra fr\u00e5gor om v\u00e5ra integritetspolicys, v\u00e4nligen kontakta oss via v\u00e5rt kontaktformul\u00e4r. Kommentarer N\u00e4r bes\u00f6kare l\u00e4mnar&#8230;<\/p>\n","protected":false},"author":2,"featured_media":4219,"parent":0,"menu_order":0,"comment_status":"closed","ping_status":"closed","template":"page-wide.php","meta":{"_locale":"sv_SE","_original_post":"http:\/\/casino-worker.com\/?page_id=1909","footnotes":""},"tags":[315],"class_list":{"0":"post-4420","1":"page","2":"type-page","3":"status-publish","4":"has-post-thumbnail","6":"tag-se","7":"sv-SE","8":"article"},"_links":{"self":[{"href":"https:\/\/casino-worker.com\/wp-json\/wp\/v2\/pages\/4420","targetHints":{"allow":["GET"]}}],"collection":[{"href":"https:\/\/casino-worker.com\/wp-json\/wp\/v2\/pages"}],"about":[{"href":"https:\/\/casino-worker.com\/wp-json\/wp\/v2\/types\/page"}],"author":[{"embeddable":true,"href":"https:\/\/casino-worker.com\/wp-json\/wp\/v2\/users\/2"}],"replies":[{"embeddable":true,"href":"https:\/\/casino-worker.com\/wp-json\/wp\/v2\/comments?post=4420"}],"version-history":[{"count":0,"href":"https:\/\/casino-worker.com\/wp-json\/wp\/v2\/pages\/4420\/revisions"}],"wp:featuredmedia":[{"embeddable":true,"href":"https:\/\/casino-worker.com\/wp-json\/wp\/v2\/media\/4219"}],"wp:attachment":[{"href":"https:\/\/casino-worker.com\/wp-json\/wp\/v2\/media?parent=4420"}],"wp:term":[{"taxonomy":"post_tag","embeddable":true,"href":"https:\/\/casino-worker.com\/wp-json\/wp\/v2\/tags?post=4420"}],"curies":[{"name":"wp","href":"https:\/\/api.w.org\/{rel}","templated":true}]}}