

{"id":5766,"date":"2025-01-27T07:31:21","date_gmt":"2025-01-27T06:31:21","guid":{"rendered":"https:\/\/casino-worker.com\/?page_id=5766"},"modified":"2025-01-27T07:31:22","modified_gmt":"2025-01-27T06:31:22","slug":"site-map","status":"publish","type":"page","link":"https:\/\/casino-worker.com\/sv\/site-map\/","title":{"rendered":"Webbplatskarta"},"content":{"rendered":"<div id=\"simple-sitemap-container-69f89adb0feb3\" class=\"simple-sitemap-container simple-sitemap-container-69f89adb0feb3\"><div class=\"simple-sitemap-wrap aml\"><h3 class=\"term-tag\">AML<\/h3><ul class=\"simple-sitemap-post main\"><li class=\"sitemap-item\"><a href=\"https:\/\/casino-worker.com\/sv\/kyc\/\">Vad \u00e4r KYC (Know Your Customer)?<\/a><\/li><\/ul><\/div><div class=\"simple-sitemap-wrap baricata\"><h3 class=\"term-tag\">Baricata<\/h3><p class=\"no-posts\">Sorry, no inl\u00e4gg found.<\/p><\/div><div class=\"simple-sitemap-wrap bgaming\"><h3 class=\"term-tag\">BGAMING<\/h3><p class=\"no-posts\">Sorry, no inl\u00e4gg found.<\/p><\/div><div class=\"simple-sitemap-wrap big-time-gaming\"><h3 class=\"term-tag\">Big Time Gaming<\/h3><p class=\"no-posts\">Sorry, no inl\u00e4gg found.<\/p><\/div><div class=\"simple-sitemap-wrap casino\"><h3 class=\"term-tag\">Casino<\/h3><ul class=\"simple-sitemap-post main\"><li class=\"sitemap-item\"><a href=\"https:\/\/casino-worker.com\/sv\/vega-wallet\/\">\u3010Detaljerad analys\u3011Vad \u00e4r &#8221;Vega Wallet&#8221;? En komplett guide till dess funktioner och anv\u00e4ndning<\/a><\/li><li class=\"sitemap-item\"><a href=\"https:\/\/casino-worker.com\/sv\/candy-island-princess\/\">Spela Candy Island Princess Gratis!<\/a><\/li><li class=\"sitemap-item\"><a href=\"https:\/\/casino-worker.com\/sv\/double-rainbow\/\">Spela Double Rainbow Gratis!<\/a><\/li><li class=\"sitemap-item\"><a href=\"https:\/\/casino-worker.com\/sv\/wild-beach-party\/\">Spela Wild Beach Party Gratis!<\/a><\/li><li class=\"sitemap-item\"><a href=\"https:\/\/casino-worker.com\/sv\/muchbetter\/\">Vad \u00e4r MuchBetter? En detaljerad analys av en innovativ online-betaltj\u00e4nst<\/a><\/li><li class=\"sitemap-item\"><a href=\"https:\/\/casino-worker.com\/sv\/payz\/\">Vad \u00e4r Payz (tidigare k\u00e4nt som ecoPayz)?<\/a><\/li><li class=\"sitemap-item\"><a href=\"https:\/\/casino-worker.com\/sv\/sticpay\/\">Vad \u00e4r Sticpay?: En betalningsmetod f\u00f6r onlinekasinon<\/a><\/li><\/ul><\/div><div class=\"simple-sitemap-wrap casino-brand\"><h3 class=\"term-tag\">Casino Brand<\/h3><p class=\"no-posts\">Sorry, no inl\u00e4gg found.<\/p><\/div><div class=\"simple-sitemap-wrap column\"><h3 class=\"term-tag\">Column<\/h3><ul class=\"simple-sitemap-post main\"><li class=\"sitemap-item\"><a href=\"https:\/\/casino-worker.com\/sv\/casino-strategy\/\">De b\u00e4sta strategierna f\u00f6r onlinekasinon: En komplett guide f\u00f6r att vinna<\/a><\/li><li class=\"sitemap-item\"><a href=\"https:\/\/casino-worker.com\/sv\/fifa-2026\/\">FIFA Fotbolls-VM 2026: Den st\u00f6rsta fotbollsfesten i Nordamerika<\/a><\/li><li class=\"sitemap-item\"><a href=\"https:\/\/casino-worker.com\/sv\/esports\/\">F\u00f6rklaring av eSports-industrin<\/a><\/li><li class=\"sitemap-item\"><a href=\"https:\/\/casino-worker.com\/sv\/how-to-choose-a-good-online-casino\/\">Hur man v\u00e4ljer ett bra n\u00e4tcasino: 10 kriterier med fokus p\u00e5 p\u00e5litlighet och komfort<\/a><\/li><li class=\"sitemap-item\"><a href=\"https:\/\/casino-worker.com\/sv\/about-us\/\">Om v\u00e5r webbplats &#8221;Casino Worker&#8221;<\/a><\/li><\/ul><\/div><div class=\"simple-sitemap-wrap crypto\"><h3 class=\"term-tag\">Crypto<\/h3><ul class=\"simple-sitemap-post main\"><li class=\"sitemap-item\"><a href=\"https:\/\/casino-worker.com\/sv\/ethereum\/\">Ethereum: En Omfattande Guide fr\u00e5n Grunder till Framtidsperspektiv<\/a><\/li><li class=\"sitemap-item\"><a href=\"https:\/\/casino-worker.com\/sv\/bitcoin\/\">Vad \u00e4r Bitcoin? En helt\u00e4ckande f\u00f6rklaring, fr\u00e5n grunderna till praktisk anv\u00e4ndning<\/a><\/li><\/ul><\/div><div class=\"simple-sitemap-wrap free-casino-games\"><h3 class=\"term-tag\">Free Casino Games<\/h3><ul class=\"simple-sitemap-post main\"><li class=\"sitemap-item\"><a href=\"https:\/\/casino-worker.com\/sv\/candy-island-princess\/\">Spela Candy Island Princess Gratis!<\/a><\/li><li class=\"sitemap-item\"><a href=\"https:\/\/casino-worker.com\/sv\/double-rainbow\/\">Spela Double Rainbow Gratis!<\/a><\/li><li class=\"sitemap-item\"><a href=\"https:\/\/casino-worker.com\/sv\/wild-beach-party\/\">Spela Wild Beach Party Gratis!<\/a><\/li><\/ul><\/div><div class=\"simple-sitemap-wrap golden-hero\"><h3 class=\"term-tag\">Golden Hero<\/h3><p class=\"no-posts\">Sorry, no inl\u00e4gg found.<\/p><\/div><div class=\"simple-sitemap-wrap hacksaw-gaming\"><h3 class=\"term-tag\">Hacksaw Gaming<\/h3><ul class=\"simple-sitemap-post main\"><li class=\"sitemap-item\"><a href=\"https:\/\/casino-worker.com\/sv\/double-rainbow\/\">Spela Double Rainbow Gratis!<\/a><\/li><\/ul><\/div><div class=\"simple-sitemap-wrap manna-play\"><h3 class=\"term-tag\">Manna Play<\/h3><p class=\"no-posts\">Sorry, no inl\u00e4gg found.<\/p><\/div><div class=\"simple-sitemap-wrap naga-games\"><h3 class=\"term-tag\">Naga Games<\/h3><p class=\"no-posts\">Sorry, no inl\u00e4gg found.<\/p><\/div><div class=\"simple-sitemap-wrap netent\"><h3 class=\"term-tag\">NetEnt<\/h3><p class=\"no-posts\">Sorry, no inl\u00e4gg found.<\/p><\/div><div class=\"simple-sitemap-wrap news\"><h3 class=\"term-tag\">News<\/h3><ul class=\"simple-sitemap-post main\"><li class=\"sitemap-item\"><a href=\"https:\/\/casino-worker.com\/sv\/thai-landcasino-bills\/\">Senaste utvecklingen inom kasinon i Thailand \u2013 Debatt om \u201drikemansrestriktioner\u201d f\u00f6r lokala spelare<\/a><\/li><\/ul><\/div><div class=\"simple-sitemap-wrap nolimit-city\"><h3 class=\"term-tag\">Nolimit City<\/h3><p class=\"no-posts\">Sorry, no inl\u00e4gg found.<\/p><\/div><div class=\"simple-sitemap-wrap payment\"><h3 class=\"term-tag\">Payment<\/h3><ul class=\"simple-sitemap-post main\"><li class=\"sitemap-item\"><a href=\"https:\/\/casino-worker.com\/sv\/vega-wallet\/\">\u3010Detaljerad analys\u3011Vad \u00e4r &#8221;Vega Wallet&#8221;? En komplett guide till dess funktioner och anv\u00e4ndning<\/a><\/li><li class=\"sitemap-item\"><a href=\"https:\/\/casino-worker.com\/sv\/muchbetter\/\">Vad \u00e4r MuchBetter? En detaljerad analys av en innovativ online-betaltj\u00e4nst<\/a><\/li><li class=\"sitemap-item\"><a href=\"https:\/\/casino-worker.com\/sv\/payz\/\">Vad \u00e4r Payz (tidigare k\u00e4nt som ecoPayz)?<\/a><\/li><li class=\"sitemap-item\"><a href=\"https:\/\/casino-worker.com\/sv\/sticpay\/\">Vad \u00e4r Sticpay?: En betalningsmetod f\u00f6r onlinekasinon<\/a><\/li><\/ul><\/div><div class=\"simple-sitemap-wrap playn-go\"><h3 class=\"term-tag\">Playn Go<\/h3><ul class=\"simple-sitemap-post main\"><li class=\"sitemap-item\"><a href=\"https:\/\/casino-worker.com\/sv\/candy-island-princess\/\">Spela Candy Island Princess Gratis!<\/a><\/li><\/ul><\/div><div class=\"simple-sitemap-wrap playtech\"><h3 class=\"term-tag\">Playtech<\/h3><p class=\"no-posts\">Sorry, no inl\u00e4gg found.<\/p><\/div><div class=\"simple-sitemap-wrap pragmatic-play\"><h3 class=\"term-tag\">Pragmatic Play<\/h3><ul class=\"simple-sitemap-post main\"><li class=\"sitemap-item\"><a href=\"https:\/\/casino-worker.com\/sv\/wild-beach-party\/\">Spela Wild Beach Party Gratis!<\/a><\/li><\/ul><\/div><div class=\"simple-sitemap-wrap push%e2%80%90gaming\"><h3 class=\"term-tag\">Push Gaming<\/h3><p class=\"no-posts\">Sorry, no inl\u00e4gg found.<\/p><\/div><div class=\"simple-sitemap-wrap red-tiger-gaming\"><h3 class=\"term-tag\">Red Tiger Gaming<\/h3><p class=\"no-posts\">Sorry, no inl\u00e4gg found.<\/p><\/div><div class=\"simple-sitemap-wrap reel-kingdom\"><h3 class=\"term-tag\">Reel Kingdom<\/h3><p class=\"no-posts\">Sorry, no inl\u00e4gg found.<\/p><\/div><div class=\"simple-sitemap-wrap relax-gaming\"><h3 class=\"term-tag\">Relax Gaming<\/h3><p class=\"no-posts\">Sorry, no inl\u00e4gg found.<\/p><\/div><div class=\"simple-sitemap-wrap simpleplay-game-provider\"><h3 class=\"term-tag\">SimplePlay<\/h3><p class=\"no-posts\">Sorry, no inl\u00e4gg found.<\/p><\/div><div class=\"simple-sitemap-wrap spinomenal\"><h3 class=\"term-tag\">Spinomenal<\/h3><p class=\"no-posts\">Sorry, no inl\u00e4gg found.<\/p><\/div><div class=\"simple-sitemap-wrap spribe\"><h3 class=\"term-tag\">Spribe<\/h3><p class=\"no-posts\">Sorry, no inl\u00e4gg found.<\/p><\/div><div class=\"simple-sitemap-wrap web3\"><h3 class=\"term-tag\">web3<\/h3><ul class=\"simple-sitemap-post main\"><li class=\"sitemap-item\"><a href=\"https:\/\/casino-worker.com\/sv\/web3-casino\/\">Den aktuella statusen f\u00f6r web3 och potentialen f\u00f6r onlinekasinon<\/a><\/li><li class=\"sitemap-item\"><a href=\"https:\/\/casino-worker.com\/sv\/ethereum\/\">Ethereum: En Omfattande Guide fr\u00e5n Grunder till Framtidsperspektiv<\/a><\/li><li class=\"sitemap-item\"><a href=\"https:\/\/casino-worker.com\/sv\/gamefi\/\">GameFi: En komplett guide till den nya eran av spel och finans med Web3<\/a><\/li><li class=\"sitemap-item\"><a href=\"https:\/\/casino-worker.com\/sv\/bitcoin\/\">Vad \u00e4r Bitcoin? En helt\u00e4ckande f\u00f6rklaring, fr\u00e5n grunderna till praktisk anv\u00e4ndning<\/a><\/li><li class=\"sitemap-item\"><a href=\"https:\/\/casino-worker.com\/sv\/kyc\/\">Vad \u00e4r KYC (Know Your Customer)?<\/a><\/li><li class=\"sitemap-item\"><a href=\"https:\/\/casino-worker.com\/sv\/what-is-web3\/\">web3: Omdefiniera Internetets Framtid<\/a><\/li><\/ul><\/div><div class=\"simple-sitemap-wrap web3-game\"><h3 class=\"term-tag\">web3 Game<\/h3><ul class=\"simple-sitemap-post main\"><li class=\"sitemap-item\"><a href=\"https:\/\/casino-worker.com\/sv\/gamefi\/\">GameFi: En komplett guide till den nya eran av spel och finans med Web3<\/a><\/li><\/ul><\/div><div class=\"simple-sitemap-wrap win-fast\"><h3 class=\"term-tag\">Win Fast<\/h3><p class=\"no-posts\">Sorry, no inl\u00e4gg found.<\/p><\/div><div class=\"simple-sitemap-wrap yolted\"><h3 class=\"term-tag\">Yolted<\/h3><p class=\"no-posts\">Sorry, no inl\u00e4gg found.<\/p><\/div><\/div><br style=\"clear: both\">\n\n\n<p><\/p>\n","protected":false},"excerpt":{"rendered":"","protected":false},"author":2,"featured_media":0,"parent":0,"menu_order":0,"comment_status":"closed","ping_status":"closed","template":"page-full.php","meta":{"_locale":"sv_SE","_original_post":"https:\/\/casino-worker.com\/?page_id=5722","footnotes":""},"tags":[],"class_list":{"0":"post-5766","1":"page","2":"type-page","3":"status-publish","5":"sv-SE","6":"article"},"_links":{"self":[{"href":"https:\/\/casino-worker.com\/wp-json\/wp\/v2\/pages\/5766","targetHints":{"allow":["GET"]}}],"collection":[{"href":"https:\/\/casino-worker.com\/wp-json\/wp\/v2\/pages"}],"about":[{"href":"https:\/\/casino-worker.com\/wp-json\/wp\/v2\/types\/page"}],"author":[{"embeddable":true,"href":"https:\/\/casino-worker.com\/wp-json\/wp\/v2\/users\/2"}],"replies":[{"embeddable":true,"href":"https:\/\/casino-worker.com\/wp-json\/wp\/v2\/comments?post=5766"}],"version-history":[{"count":0,"href":"https:\/\/casino-worker.com\/wp-json\/wp\/v2\/pages\/5766\/revisions"}],"wp:attachment":[{"href":"https:\/\/casino-worker.com\/wp-json\/wp\/v2\/media?parent=5766"}],"wp:term":[{"taxonomy":"post_tag","embeddable":true,"href":"https:\/\/casino-worker.com\/wp-json\/wp\/v2\/tags?post=5766"}],"curies":[{"name":"wp","href":"https:\/\/api.w.org\/{rel}","templated":true}]}}