

{"id":3738,"date":"2024-12-23T15:12:03","date_gmt":"2024-12-23T06:12:03","guid":{"rendered":"https:\/\/casino-worker.com\/?page_id=3738"},"modified":"2025-01-04T11:42:23","modified_gmt":"2025-01-04T02:42:23","slug":"privacy-policy","status":"publish","type":"page","link":"https:\/\/casino-worker.com\/tr\/privacy-policy\/","title":{"rendered":"Privacy Policy &#8211; T\u00fcrk\u00e7e"},"content":{"rendered":"\n<h1 class=\"wp-block-heading\">Gizlilik politikas\u0131<\/h1>\n\n\n\n<p>Kullan\u0131c\u0131lar\u0131m\u0131z\u0131n gizlili\u011fini \u00f6nemsiyoruz ve ki\u015fisel verileri <strong>AB GDPR<\/strong> (Genel Veri Koruma Y\u00f6netmeli\u011fi) ile uyumlu bir \u015fekilde y\u00f6netiyoruz. A\u015fa\u011f\u0131da, sitemizde veri toplama, kullanma ve saklama uygulamalar\u0131m\u0131z hakk\u0131nda bilgi verilmektedir.<\/p>\n\n\n\n<h3 class=\"wp-block-heading\">Hakk\u0131m\u0131zda<\/h3>\n\n\n\n<p>Sitemizin adresi <strong><a href=\"http:\/\/casino-worker.com\">http:\/\/casino-worker.com<\/a><\/strong>. Gizlilik politikam\u0131zla ilgili sorular\u0131n\u0131z varsa, l\u00fctfen ileti\u015fim formu arac\u0131l\u0131\u011f\u0131yla bizimle ileti\u015fime ge\u00e7in.<\/p>\n\n\n\n<h3 class=\"wp-block-heading\">Yorumlar<\/h3>\n\n\n\n<p>Ziyaret\u00e7iler yorum b\u0131rakt\u0131\u011f\u0131nda, yorum formuna girilen verilerle birlikte <strong>IP adresi<\/strong> ve <strong>taray\u0131c\u0131 bilgilerini<\/strong> topluyoruz. Bu veriler, spam alg\u0131lama ve yorum onay s\u00fcreci i\u00e7in kullan\u0131lmaktad\u0131r. Kullan\u0131c\u0131 Gravatar kullan\u0131yorsa, profil resmi yorumla birlikte g\u00f6r\u00fcnt\u00fclenebilir.<\/p>\n\n\n\n<h3 class=\"wp-block-heading\">\u00c7erezler<\/h3>\n\n\n\n<p>Sitemiz, kullan\u0131c\u0131 deneyimini art\u0131rmak amac\u0131yla <strong>\u00e7erezler<\/strong> kullanmaktad\u0131r.<\/p>\n\n\n\n<ul class=\"wp-block-list\">\n<li>Giri\u015f bilgileri \u00e7erezlerde ge\u00e7ici olarak saklan\u0131r ve taray\u0131c\u0131 kapat\u0131ld\u0131\u011f\u0131nda silinir.<\/li>\n<\/ul>\n\n\n\n<h3 class=\"wp-block-heading\">Di\u011fer Sitelerden G\u00f6m\u00fcl\u00fc \u0130\u00e7erik<\/h3>\n\n\n\n<p>Sitemizdeki baz\u0131 makaleler, di\u011fer sitelerden g\u00f6m\u00fcl\u00fc i\u00e7erik (\u00f6rne\u011fin, videolar, resimler, g\u00f6nderiler) i\u00e7erebilir. G\u00f6m\u00fcl\u00fc i\u00e7erik, ziyaret\u00e7i do\u011frudan d\u0131\u015f siteye girmi\u015f gibi \u00e7al\u0131\u015f\u0131r, bu nedenle veri toplama, \u00e7erez kullan\u0131m\u0131 ve izleme ger\u00e7ekle\u015febilir.<\/p>\n\n\n\n<h3 class=\"wp-block-heading\">Veri Payla\u015f\u0131m\u0131<\/h3>\n\n\n\n<p>Ziyaret\u00e7i yorumlar\u0131, otomatik bir spam alg\u0131lama servisi taraf\u0131ndan kontrol edilebilir.<\/p>\n\n\n\n<h3 class=\"wp-block-heading\">GDPR&#8217;ye Uygun Veri Koruma Politikas\u0131<\/h3>\n\n\n\n<p>AB i\u00e7inde ikamet eden kullan\u0131c\u0131lar i\u00e7in ki\u015fisel veriler GDPR gerekliliklerine uygun olarak y\u00f6netilmektedir ve gerekti\u011finde veri eri\u015fimi, d\u00fczeltme ve silme taleplerine yan\u0131t verilmektedir.<\/p>\n","protected":false},"excerpt":{"rendered":"<p>Gizlilik politikas\u0131 Kullan\u0131c\u0131lar\u0131m\u0131z\u0131n gizlili\u011fini \u00f6nemsiyoruz ve ki\u015fisel verileri AB GDPR (Genel Veri Koruma Y\u00f6netmeli\u011fi) ile uyumlu bir \u015fekilde y\u00f6netiyoruz. A\u015fa\u011f\u0131da, sitemizde veri toplama, kullanma ve saklama uygulamalar\u0131m\u0131z hakk\u0131nda bilgi verilmektedir. Hakk\u0131m\u0131zda Sitemizin adresi http:\/\/casino-worker.com. Gizlilik politikam\u0131zla ilgili sorular\u0131n\u0131z varsa, l\u00fctfen ileti\u015fim formu arac\u0131l\u0131\u011f\u0131yla bizimle ileti\u015fime ge\u00e7in. Yorumlar Ziyaret\u00e7iler yorum b\u0131rakt\u0131\u011f\u0131nda, yorum formuna girilen verilerle birlikte&#8230;<\/p>\n","protected":false},"author":2,"featured_media":4219,"parent":0,"menu_order":0,"comment_status":"closed","ping_status":"closed","template":"page-wide.php","meta":{"_locale":"tr_TR","_original_post":"http:\/\/casino-worker.com\/?page_id=1909","footnotes":""},"tags":[295],"class_list":{"0":"post-3738","1":"page","2":"type-page","3":"status-publish","4":"has-post-thumbnail","6":"tag-tr","7":"tr-TR","8":"article"},"_links":{"self":[{"href":"https:\/\/casino-worker.com\/wp-json\/wp\/v2\/pages\/3738","targetHints":{"allow":["GET"]}}],"collection":[{"href":"https:\/\/casino-worker.com\/wp-json\/wp\/v2\/pages"}],"about":[{"href":"https:\/\/casino-worker.com\/wp-json\/wp\/v2\/types\/page"}],"author":[{"embeddable":true,"href":"https:\/\/casino-worker.com\/wp-json\/wp\/v2\/users\/2"}],"replies":[{"embeddable":true,"href":"https:\/\/casino-worker.com\/wp-json\/wp\/v2\/comments?post=3738"}],"version-history":[{"count":0,"href":"https:\/\/casino-worker.com\/wp-json\/wp\/v2\/pages\/3738\/revisions"}],"wp:featuredmedia":[{"embeddable":true,"href":"https:\/\/casino-worker.com\/wp-json\/wp\/v2\/media\/4219"}],"wp:attachment":[{"href":"https:\/\/casino-worker.com\/wp-json\/wp\/v2\/media?parent=3738"}],"wp:term":[{"taxonomy":"post_tag","embeddable":true,"href":"https:\/\/casino-worker.com\/wp-json\/wp\/v2\/tags?post=3738"}],"curies":[{"name":"wp","href":"https:\/\/api.w.org\/{rel}","templated":true}]}}