

{"id":3743,"date":"2024-12-23T15:15:32","date_gmt":"2024-12-23T06:15:32","guid":{"rendered":"https:\/\/casino-worker.com\/?page_id=3743"},"modified":"2025-01-04T11:43:45","modified_gmt":"2025-01-04T02:43:45","slug":"arbitration-support","status":"publish","type":"page","link":"https:\/\/casino-worker.com\/tr\/arbitration-support\/","title":{"rendered":"Casino Worker\u2019a \u00d6zel \u2013 Casino Sorunlar\u0131 \u0130\u00e7in Destek"},"content":{"rendered":"\n<p>Bir \u00e7evrimi\u00e7i casinoda oyun oynarken herhangi bir sorunla kar\u015f\u0131la\u015f\u0131rsan\u0131z, Casino Worker olarak a\u015fa\u011f\u0131daki destek hizmetleri arac\u0131l\u0131\u011f\u0131yla sorunlar\u0131n\u0131z\u0131 \u00e7\u00f6zmenize yard\u0131mc\u0131 olmaya haz\u0131r\u0131z.<\/p>\n\n\n\n<h4 class=\"wp-block-heading\"><strong>Yayg\u0131n Sorunlar<\/strong><\/h4>\n\n\n\n<ul class=\"wp-block-list\">\n<li>Yat\u0131r\u0131lan paran\u0131n bakiyenize yans\u0131mamas\u0131<\/li>\n\n\n\n<li>Para \u00e7ekme i\u015flemlerinde gecikmeler<\/li>\n\n\n\n<li>Bonuslar\u0131n hesaba ge\u00e7memesi, vb.<\/li>\n<\/ul>\n\n\n\n<h4 class=\"wp-block-heading\">Destek S\u00fcreci<\/h4>\n\n\n\n<p>Casino Worker\u2019\u0131n y\u00f6neticisi \u201cOslo,\u201d \u00e7evrimi\u00e7i casino sekt\u00f6r\u00fcnde d\u00f6rt y\u0131ll\u0131k bir deneyime sahiptir. Bu deneyim sayesinde uyu\u015fmazl\u0131klar\u0131n \u00e7\u00f6z\u00fcm\u00fcne yard\u0131mc\u0131 olmaktad\u0131r. Oyuncu odakl\u0131 bir yakla\u015f\u0131mla, casinolarla etkile\u015fime ge\u00e7erek sorunlar\u0131n \u00e7\u00f6z\u00fclmesi i\u00e7in destek sa\u011fl\u0131yoruz. <strong><span class=\"pre--maker span-stk-maker-yellow\">Ancak, tahkim deste\u011finin t\u00fcm durumlarda kesin bir \u00e7\u00f6z\u00fcm garantisi sunmad\u0131\u011f\u0131n\u0131 l\u00fctfen unutmay\u0131n.<\/span><\/strong><\/p>\n\n\n\n<h4 class=\"wp-block-heading\">Support Process<\/h4>\n\n\n\n<ol class=\"wp-block-list\">\n<li>\u00d6ncelikle kendi ba\u015f\u0131n\u0131za bir \u00e7\u00f6z\u00fcm bulmak i\u00e7in casinonun m\u00fc\u015fteri destek servisiyle ileti\u015fime ge\u00e7in.<\/li>\n\n\n\n<li>Casino yard\u0131mc\u0131 olam\u0131yorsa, Casino Worker olarak tahkim deste\u011fi sa\u011flamak \u00fczere devreye girebiliriz.<\/li>\n\n\n\n<li>Tahkim talebinde bulunmak i\u00e7in Casino Worker\u2019\u0131n X (eski ad\u0131yla Twitter) hesab\u0131na ula\u015f\u0131n. A\u015fa\u011f\u0131daki bilgileri eklemeniz s\u00fcreci h\u0131zland\u0131racakt\u0131r:\n<ul class=\"wp-block-list\">\n<li><strong>Casino kayd\u0131n\u0131zda kulland\u0131\u011f\u0131n\u0131z e-posta adresi<\/strong><\/li>\n\n\n\n<li><strong>Kullan\u0131c\u0131 ad\u0131n\u0131z<\/strong><\/li>\n\n\n\n<li><strong>Sorunun ayr\u0131nt\u0131lar\u0131 <\/strong>(m\u00fcmk\u00fcnse ekran g\u00f6r\u00fcnt\u00fcleri veya di\u011fer ilgili kan\u0131tlarla birlikte)<\/li>\n<\/ul>\n<\/li>\n<\/ol>\n\n\n\n<h4 class=\"wp-block-heading\">\u0130leti\u015fim Y\u00f6ntemi<\/h4>\n\n\n\n<p>Y\u00f6neticiye X (eski ad\u0131yla Twitter) \u00fczerinden do\u011frudan mesaj g\u00f6nderin.<\/p>\n\n\n\n<div class=\"wp-block-buttons is-style-big is-content-justification-center is-layout-flex wp-container-core-buttons-is-layout-c83fbfdc wp-block-buttons-is-layout-flex\">\n<div class=\"wp-block-button is-style-fill stk-shiny-button\"><a class=\"wp-block-button__link wp-element-button\" href=\"https:\/\/x.com\/Casino_Worker_\">Casino Worker\u2019\u0131n X (eski ad\u0131yla Twitter) Ba\u011flant\u0131s\u0131<\/a><\/div>\n<\/div>\n\n\n\n<p>Uygun bilgilerle birlikte, h\u0131zl\u0131 bir yan\u0131t sa\u011flamak i\u00e7in elimizden gelen deste\u011fi sunaca\u011f\u0131z.<\/p>\n\n\n\n<p><strong>Not<\/strong>: Bu hizmet, oyuncular\u0131n sorunlar\u0131na \u00e7\u00f6z\u00fcm bulmalar\u0131na yard\u0131mc\u0131 olmay\u0131 ama\u00e7lar ancak nihai sonu\u00e7lar\u0131 garanti etmez.<\/p>\n","protected":false},"excerpt":{"rendered":"<p>Bir \u00e7evrimi\u00e7i casinoda oyun oynarken herhangi bir sorunla kar\u015f\u0131la\u015f\u0131rsan\u0131z, Casino Worker olarak a\u015fa\u011f\u0131daki destek hizmetleri arac\u0131l\u0131\u011f\u0131yla sorunlar\u0131n\u0131z\u0131 \u00e7\u00f6zmenize yard\u0131mc\u0131 olmaya haz\u0131r\u0131z. Yayg\u0131n Sorunlar Destek S\u00fcreci Casino Worker\u2019\u0131n y\u00f6neticisi \u201cOslo,\u201d \u00e7evrimi\u00e7i casino sekt\u00f6r\u00fcnde d\u00f6rt y\u0131ll\u0131k bir deneyime sahiptir. Bu deneyim sayesinde uyu\u015fmazl\u0131klar\u0131n \u00e7\u00f6z\u00fcm\u00fcne yard\u0131mc\u0131 olmaktad\u0131r. Oyuncu odakl\u0131 bir yakla\u015f\u0131mla, casinolarla etkile\u015fime ge\u00e7erek sorunlar\u0131n \u00e7\u00f6z\u00fclmesi i\u00e7in destek&#8230;<\/p>\n","protected":false},"author":2,"featured_media":0,"parent":0,"menu_order":0,"comment_status":"closed","ping_status":"closed","template":"page-full.php","meta":{"_locale":"tr_TR","_original_post":"http:\/\/casino-worker.com\/?page_id=2387","footnotes":""},"tags":[],"class_list":{"0":"post-3743","1":"page","2":"type-page","3":"status-publish","5":"tr-TR","6":"article"},"_links":{"self":[{"href":"https:\/\/casino-worker.com\/wp-json\/wp\/v2\/pages\/3743","targetHints":{"allow":["GET"]}}],"collection":[{"href":"https:\/\/casino-worker.com\/wp-json\/wp\/v2\/pages"}],"about":[{"href":"https:\/\/casino-worker.com\/wp-json\/wp\/v2\/types\/page"}],"author":[{"embeddable":true,"href":"https:\/\/casino-worker.com\/wp-json\/wp\/v2\/users\/2"}],"replies":[{"embeddable":true,"href":"https:\/\/casino-worker.com\/wp-json\/wp\/v2\/comments?post=3743"}],"version-history":[{"count":0,"href":"https:\/\/casino-worker.com\/wp-json\/wp\/v2\/pages\/3743\/revisions"}],"wp:attachment":[{"href":"https:\/\/casino-worker.com\/wp-json\/wp\/v2\/media?parent=3743"}],"wp:term":[{"taxonomy":"post_tag","embeddable":true,"href":"https:\/\/casino-worker.com\/wp-json\/wp\/v2\/tags?post=3743"}],"curies":[{"name":"wp","href":"https:\/\/api.w.org\/{rel}","templated":true}]}}