

{"id":5772,"date":"2025-01-27T07:32:11","date_gmt":"2025-01-27T06:32:11","guid":{"rendered":"https:\/\/casino-worker.com\/?page_id=5772"},"modified":"2025-01-27T07:32:12","modified_gmt":"2025-01-27T06:32:12","slug":"site-map","status":"publish","type":"page","link":"https:\/\/casino-worker.com\/tr\/site-map\/","title":{"rendered":"Site Haritas\u0131"},"content":{"rendered":"<div id=\"simple-sitemap-container-69f3e62625c49\" class=\"simple-sitemap-container simple-sitemap-container-69f3e62625c49\"><div class=\"simple-sitemap-wrap aml\"><h3 class=\"term-tag\">AML<\/h3><ul class=\"simple-sitemap-post main\"><li class=\"sitemap-item\"><a href=\"https:\/\/casino-worker.com\/tr\/kyc\/\">KYC (Know Your Customer) Nedir?<\/a><\/li><\/ul><\/div><div class=\"simple-sitemap-wrap baricata\"><h3 class=\"term-tag\">Baricata<\/h3><p class=\"no-posts\">Sorry, no yaz\u0131lar found.<\/p><\/div><div class=\"simple-sitemap-wrap bgaming\"><h3 class=\"term-tag\">BGAMING<\/h3><p class=\"no-posts\">Sorry, no yaz\u0131lar found.<\/p><\/div><div class=\"simple-sitemap-wrap big-time-gaming\"><h3 class=\"term-tag\">Big Time Gaming<\/h3><p class=\"no-posts\">Sorry, no yaz\u0131lar found.<\/p><\/div><div class=\"simple-sitemap-wrap casino\"><h3 class=\"term-tag\">Casino<\/h3><ul class=\"simple-sitemap-post main\"><li class=\"sitemap-item\"><a href=\"https:\/\/casino-worker.com\/tr\/king-carrot\/\">\u201cKing Carrot\u201du \u00dccretsiz Oynay\u0131n!<\/a><\/li><li class=\"sitemap-item\"><a href=\"https:\/\/casino-worker.com\/tr\/vega-wallet\/\">\u3010Detayl\u0131 \u0130nceleme\u3011\u201cVega Wallet\u201d Nedir? \u00d6zelliklerini Detayl\u0131ca Tan\u0131t\u0131yoruz!<\/a><\/li><li class=\"sitemap-item\"><a href=\"https:\/\/casino-worker.com\/tr\/vave\/\">2025 Son S\u00fcr\u00fcm | Vave Casino Kapsaml\u0131 \u0130ncelemesi<\/a><\/li><li class=\"sitemap-item\"><a href=\"https:\/\/casino-worker.com\/tr\/aviator\/\">Aviator&#8217;\u0131 \u00dccretsiz Oynay\u0131n!<\/a><\/li><li class=\"sitemap-item\"><a href=\"https:\/\/casino-worker.com\/tr\/bons\/\">Bons Casino\u2019nun Cazibesine Kapsaml\u0131 Rehber!<\/a><\/li><li class=\"sitemap-item\"><a href=\"https:\/\/casino-worker.com\/tr\/book-of-dead\/\">Book of Dead\u2019i \u00dccretsiz Oyna!<\/a><\/li><li class=\"sitemap-item\"><a href=\"https:\/\/casino-worker.com\/tr\/candy-island-princess\/\">Candy Island Princess Oyununu \u00dccretsiz Oyna!<\/a><\/li><li class=\"sitemap-item\"><a href=\"https:\/\/casino-worker.com\/tr\/double-rainbow\/\">Double Rainbow&#8217;i \u00dccretsiz Oyna!<\/a><\/li><li class=\"sitemap-item\"><a href=\"https:\/\/casino-worker.com\/tr\/fortune-panda\/\">Fortune Panda Casino \u2013 Kapsaml\u0131 2025 \u0130ncelemesi<\/a><\/li><li class=\"sitemap-item\"><a href=\"https:\/\/casino-worker.com\/tr\/gates-of-olympus\/\">Gates of Olympus \u00dccretsiz Oyna!<\/a><\/li><li class=\"sitemap-item\"><a href=\"https:\/\/casino-worker.com\/tr\/hawaiian-dream\/\">Hawaiian Dream&#8217;\u0131 \u00dccretsiz Oynay\u0131n!<\/a><\/li><li class=\"sitemap-item\"><a href=\"https:\/\/casino-worker.com\/tr\/honey-rush\/\">Honey Rush\u2019u \u00dccretsiz Oynay\u0131n!<\/a><\/li><li class=\"sitemap-item\"><a href=\"https:\/\/casino-worker.com\/tr\/jammin-jars\/\">Jammin\u2019 Jars\u2019\u0131 \u00fccretsiz oynay\u0131n!<\/a><\/li><li class=\"sitemap-item\"><a href=\"https:\/\/casino-worker.com\/tr\/moon-princess\/\">Moon Princess Oyununu \u00dccretsiz Oynay\u0131n!<\/a><\/li><li class=\"sitemap-item\"><a href=\"https:\/\/casino-worker.com\/tr\/muchbetter\/\">MuchBetter Nedir? Yenilik\u00e7i \u00c7evrimi\u00e7i \u00d6deme Hizmetinin T\u00fcm Y\u00f6nlerine Geni\u015f Bir Bak\u0131\u015f<\/a><\/li><li class=\"sitemap-item\"><a href=\"https:\/\/casino-worker.com\/tr\/deposit\/\">Online Casino\u2019ya Para Yat\u0131r\u0131n! | Para Yat\u0131rma Y\u00f6ntemleri Detayl\u0131 Rehberi<\/a><\/li><li class=\"sitemap-item\"><a href=\"https:\/\/casino-worker.com\/tr\/withdrawal\/\">Online Casinolar\u0131ndan Para \u00c7ekme Y\u00f6ntemleri | Kazanc\u0131n\u0131z\u0131 G\u00fcvenle Al\u0131n!<\/a><\/li><li class=\"sitemap-item\"><a href=\"https:\/\/casino-worker.com\/tr\/how-to-start\/\">Online Casinoya Nas\u0131l Ba\u015flan\u0131r? \u2013 Yeni Ba\u015flayanlar \u0130\u00e7in Kapsaml\u0131 Rehber<\/a><\/li><li class=\"sitemap-item\"><a href=\"https:\/\/casino-worker.com\/tr\/payz\/\">Payz Nedir? (Eski ad\u0131yla ecoPayz)<\/a><\/li><li class=\"sitemap-item\"><a href=\"https:\/\/casino-worker.com\/tr\/reactoonz\/\">Reactoonz\u2019u \u00dccretsiz Oyna!<\/a><\/li><li class=\"sitemap-item\"><a href=\"https:\/\/casino-worker.com\/tr\/sticpay\/\">Sticpay Nedir?: Online Casinolar i\u00e7in \u00d6deme \u00c7\u00f6z\u00fcm\u00fc<\/a><\/li><li class=\"sitemap-item\"><a href=\"https:\/\/casino-worker.com\/tr\/sweet-bonanza\/\">Sweet Bonanza\u2019y\u0131 \u00dccretsiz Oyna!<\/a><\/li><li class=\"sitemap-item\"><a href=\"https:\/\/casino-worker.com\/tr\/tome-of-madness\/\">Tome of Madness\u2019i \u00dccretsiz Oyna!<\/a><\/li><li class=\"sitemap-item\"><a href=\"https:\/\/casino-worker.com\/tr\/wild-beach-party\/\">Wild Beach Party&#8217;i \u00dccretsiz Oyna!<\/a><\/li><\/ul><\/div><div class=\"simple-sitemap-wrap casino-brand\"><h3 class=\"term-tag\">Casino Brand<\/h3><ul class=\"simple-sitemap-post main\"><li class=\"sitemap-item\"><a href=\"https:\/\/casino-worker.com\/tr\/vave\/\">2025 Son S\u00fcr\u00fcm | Vave Casino Kapsaml\u0131 \u0130ncelemesi<\/a><\/li><li class=\"sitemap-item\"><a href=\"https:\/\/casino-worker.com\/tr\/bons\/\">Bons Casino\u2019nun Cazibesine Kapsaml\u0131 Rehber!<\/a><\/li><li class=\"sitemap-item\"><a href=\"https:\/\/casino-worker.com\/tr\/fortune-panda\/\">Fortune Panda Casino \u2013 Kapsaml\u0131 2025 \u0130ncelemesi<\/a><\/li><\/ul><\/div><div class=\"simple-sitemap-wrap column\"><h3 class=\"term-tag\">Column<\/h3><ul class=\"simple-sitemap-post main\"><li class=\"sitemap-item\"><a href=\"https:\/\/casino-worker.com\/tr\/about-us\/\">\u201cCasino Worker\u201d Sitesi Hakk\u0131nda<\/a><\/li><li class=\"sitemap-item\"><a href=\"https:\/\/casino-worker.com\/tr\/fifa-2026\/\">2026 FIFA D\u00fcnya Kupas\u0131: Kuzey Amerika&#8217;da D\u00fczenlenen En B\u00fcy\u00fck Futbol \u015e\u00f6leni<\/a><\/li><li class=\"sitemap-item\"><a href=\"https:\/\/casino-worker.com\/tr\/how-to-enjoy\/\">\u00c7evrimi\u00e7i Kumarhaneleri Keyifle Deneyimlemenin Kapsaml\u0131 Rehberi!<\/a><\/li><li class=\"sitemap-item\"><a href=\"https:\/\/casino-worker.com\/tr\/gamblers\/\">D\u00fcnyada Ka\u00e7 Kumar Tutkunu Var?<\/a><\/li><li class=\"sitemap-item\"><a href=\"https:\/\/casino-worker.com\/tr\/esports\/\">e-Spor End\u00fcstrisini A\u00e7\u0131klama<\/a><\/li><li class=\"sitemap-item\"><a href=\"https:\/\/casino-worker.com\/tr\/casino-strategy\/\">En \u0130yi Online Casino Stratejileri: Kazanmak \u0130\u00e7in Kapsaml\u0131 Rehber<\/a><\/li><li class=\"sitemap-item\"><a href=\"https:\/\/casino-worker.com\/tr\/how-to-choose-a-good-online-casino\/\">\u0130yi bir \u00e7evrimi\u00e7i casino nas\u0131l se\u00e7ilir: G\u00fcvenilirlik ve rahatl\u0131\u011fa odaklanan 10 kriter<\/a><\/li><li class=\"sitemap-item\"><a href=\"https:\/\/casino-worker.com\/tr\/online-casino-industry\/\">Online Casino End\u00fcstrisi Nedir? Ge\u00e7mi\u015ften G\u00fcn\u00fcm\u00fcze Kapsaml\u0131 Bir Analiz<\/a><\/li><li class=\"sitemap-item\"><a href=\"https:\/\/casino-worker.com\/tr\/online-casino-column\/\">Online Casinolar Hakk\u0131nda Bilmeniz Gerekenler<\/a><\/li><\/ul><\/div><div class=\"simple-sitemap-wrap crypto\"><h3 class=\"term-tag\">Crypto<\/h3><ul class=\"simple-sitemap-post main\"><li class=\"sitemap-item\"><a href=\"https:\/\/casino-worker.com\/tr\/bitcoin\/\">Bitcoin Nedir? Temelden Uygulamaya Kadar Kapsaml\u0131 Bir Rehber<\/a><\/li><li class=\"sitemap-item\"><a href=\"https:\/\/casino-worker.com\/tr\/ethereum\/\">Ethereum: Temellerden Gelecek Perspektiflerine Kapsaml\u0131 Bir Rehber<\/a><\/li><\/ul><\/div><div class=\"simple-sitemap-wrap free-casino-games\"><h3 class=\"term-tag\">Game provider<\/h3><ul class=\"simple-sitemap-post main\"><li class=\"sitemap-item\"><a href=\"https:\/\/casino-worker.com\/tr\/king-carrot\/\">\u201cKing Carrot\u201du \u00dccretsiz Oynay\u0131n!<\/a><\/li><li class=\"sitemap-item\"><a href=\"https:\/\/casino-worker.com\/tr\/aviator\/\">Aviator&#8217;\u0131 \u00dccretsiz Oynay\u0131n!<\/a><\/li><li class=\"sitemap-item\"><a href=\"https:\/\/casino-worker.com\/tr\/book-of-dead\/\">Book of Dead\u2019i \u00dccretsiz Oyna!<\/a><\/li><li class=\"sitemap-item\"><a href=\"https:\/\/casino-worker.com\/tr\/candy-island-princess\/\">Candy Island Princess Oyununu \u00dccretsiz Oyna!<\/a><\/li><li class=\"sitemap-item\"><a href=\"https:\/\/casino-worker.com\/tr\/double-rainbow\/\">Double Rainbow&#8217;i \u00dccretsiz Oyna!<\/a><\/li><li class=\"sitemap-item\"><a href=\"https:\/\/casino-worker.com\/tr\/gates-of-olympus\/\">Gates of Olympus \u00dccretsiz Oyna!<\/a><\/li><li class=\"sitemap-item\"><a href=\"https:\/\/casino-worker.com\/tr\/hawaiian-dream\/\">Hawaiian Dream&#8217;\u0131 \u00dccretsiz Oynay\u0131n!<\/a><\/li><li class=\"sitemap-item\"><a href=\"https:\/\/casino-worker.com\/tr\/honey-rush\/\">Honey Rush\u2019u \u00dccretsiz Oynay\u0131n!<\/a><\/li><li class=\"sitemap-item\"><a href=\"https:\/\/casino-worker.com\/tr\/jammin-jars\/\">Jammin\u2019 Jars\u2019\u0131 \u00fccretsiz oynay\u0131n!<\/a><\/li><li class=\"sitemap-item\"><a href=\"https:\/\/casino-worker.com\/tr\/moon-princess\/\">Moon Princess Oyununu \u00dccretsiz Oynay\u0131n!<\/a><\/li><li class=\"sitemap-item\"><a href=\"https:\/\/casino-worker.com\/tr\/reactoonz\/\">Reactoonz\u2019u \u00dccretsiz Oyna!<\/a><\/li><li class=\"sitemap-item\"><a href=\"https:\/\/casino-worker.com\/tr\/sweet-bonanza\/\">Sweet Bonanza\u2019y\u0131 \u00dccretsiz Oyna!<\/a><\/li><li class=\"sitemap-item\"><a href=\"https:\/\/casino-worker.com\/tr\/tome-of-madness\/\">Tome of Madness\u2019i \u00dccretsiz Oyna!<\/a><\/li><li class=\"sitemap-item\"><a href=\"https:\/\/casino-worker.com\/tr\/wild-beach-party\/\">Wild Beach Party&#8217;i \u00dccretsiz Oyna!<\/a><\/li><\/ul><\/div><div class=\"simple-sitemap-wrap golden-hero\"><h3 class=\"term-tag\">Golden Hero<\/h3><p class=\"no-posts\">Sorry, no yaz\u0131lar found.<\/p><\/div><div class=\"simple-sitemap-wrap hacksaw-gaming\"><h3 class=\"term-tag\">Hacksaw Gaming<\/h3><ul class=\"simple-sitemap-post main\"><li class=\"sitemap-item\"><a href=\"https:\/\/casino-worker.com\/tr\/king-carrot\/\">\u201cKing Carrot\u201du \u00dccretsiz Oynay\u0131n!<\/a><\/li><li class=\"sitemap-item\"><a href=\"https:\/\/casino-worker.com\/tr\/double-rainbow\/\">Double Rainbow&#8217;i \u00dccretsiz Oyna!<\/a><\/li><\/ul><\/div><div class=\"simple-sitemap-wrap manna-play\"><h3 class=\"term-tag\">Manna Play<\/h3><p class=\"no-posts\">Sorry, no yaz\u0131lar found.<\/p><\/div><div class=\"simple-sitemap-wrap naga-games\"><h3 class=\"term-tag\">Naga Games<\/h3><p class=\"no-posts\">Sorry, no yaz\u0131lar found.<\/p><\/div><div class=\"simple-sitemap-wrap netent\"><h3 class=\"term-tag\">NetEnt<\/h3><p class=\"no-posts\">Sorry, no yaz\u0131lar found.<\/p><\/div><div class=\"simple-sitemap-wrap news\"><h3 class=\"term-tag\">News<\/h3><ul class=\"simple-sitemap-post main\"><li class=\"sitemap-item\"><a href=\"https:\/\/casino-worker.com\/tr\/thai-landcasino-bills\/\">Tayland&#8217;da Kumarhaneler Hakk\u0131nda Son Geli\u015fmeler \u2013 Yerel Kumarbazlar \u0130\u00e7in \u201cZenginler \u0130\u00e7in S\u0131n\u0131rlama\u201d Tart\u0131\u015fmas\u0131<\/a><\/li><\/ul><\/div><div class=\"simple-sitemap-wrap nolimit-city\"><h3 class=\"term-tag\">Nolimit City<\/h3><p class=\"no-posts\">Sorry, no yaz\u0131lar found.<\/p><\/div><div class=\"simple-sitemap-wrap payment\"><h3 class=\"term-tag\">Payments<\/h3><ul class=\"simple-sitemap-post main\"><li class=\"sitemap-item\"><a href=\"https:\/\/casino-worker.com\/tr\/vega-wallet\/\">\u3010Detayl\u0131 \u0130nceleme\u3011\u201cVega Wallet\u201d Nedir? \u00d6zelliklerini Detayl\u0131ca Tan\u0131t\u0131yoruz!<\/a><\/li><li class=\"sitemap-item\"><a href=\"https:\/\/casino-worker.com\/tr\/muchbetter\/\">MuchBetter Nedir? Yenilik\u00e7i \u00c7evrimi\u00e7i \u00d6deme Hizmetinin T\u00fcm Y\u00f6nlerine Geni\u015f Bir Bak\u0131\u015f<\/a><\/li><li class=\"sitemap-item\"><a href=\"https:\/\/casino-worker.com\/tr\/payz\/\">Payz Nedir? (Eski ad\u0131yla ecoPayz)<\/a><\/li><li class=\"sitemap-item\"><a href=\"https:\/\/casino-worker.com\/tr\/sticpay\/\">Sticpay Nedir?: Online Casinolar i\u00e7in \u00d6deme \u00c7\u00f6z\u00fcm\u00fc<\/a><\/li><\/ul><\/div><div class=\"simple-sitemap-wrap playn-go\"><h3 class=\"term-tag\">Play\\\\\\&#8217;n Go<\/h3><ul class=\"simple-sitemap-post main\"><li class=\"sitemap-item\"><a href=\"https:\/\/casino-worker.com\/tr\/book-of-dead\/\">Book of Dead\u2019i \u00dccretsiz Oyna!<\/a><\/li><li class=\"sitemap-item\"><a href=\"https:\/\/casino-worker.com\/tr\/candy-island-princess\/\">Candy Island Princess Oyununu \u00dccretsiz Oyna!<\/a><\/li><li class=\"sitemap-item\"><a href=\"https:\/\/casino-worker.com\/tr\/honey-rush\/\">Honey Rush\u2019u \u00dccretsiz Oynay\u0131n!<\/a><\/li><li class=\"sitemap-item\"><a href=\"https:\/\/casino-worker.com\/tr\/moon-princess\/\">Moon Princess Oyununu \u00dccretsiz Oynay\u0131n!<\/a><\/li><li class=\"sitemap-item\"><a href=\"https:\/\/casino-worker.com\/tr\/reactoonz\/\">Reactoonz\u2019u \u00dccretsiz Oyna!<\/a><\/li><li class=\"sitemap-item\"><a href=\"https:\/\/casino-worker.com\/tr\/tome-of-madness\/\">Tome of Madness\u2019i \u00dccretsiz Oyna!<\/a><\/li><\/ul><\/div><div class=\"simple-sitemap-wrap playtech\"><h3 class=\"term-tag\">Playtech<\/h3><p class=\"no-posts\">Sorry, no yaz\u0131lar found.<\/p><\/div><div class=\"simple-sitemap-wrap pragmatic-play\"><h3 class=\"term-tag\">Pragmatic Play<\/h3><ul class=\"simple-sitemap-post main\"><li class=\"sitemap-item\"><a href=\"https:\/\/casino-worker.com\/tr\/gates-of-olympus\/\">Gates of Olympus \u00dccretsiz Oyna!<\/a><\/li><li class=\"sitemap-item\"><a href=\"https:\/\/casino-worker.com\/tr\/sweet-bonanza\/\">Sweet Bonanza\u2019y\u0131 \u00dccretsiz Oyna!<\/a><\/li><li class=\"sitemap-item\"><a href=\"https:\/\/casino-worker.com\/tr\/wild-beach-party\/\">Wild Beach Party&#8217;i \u00dccretsiz Oyna!<\/a><\/li><\/ul><\/div><div class=\"simple-sitemap-wrap push%e2%80%90gaming\"><h3 class=\"term-tag\">Push Gaming<\/h3><ul class=\"simple-sitemap-post main\"><li class=\"sitemap-item\"><a href=\"https:\/\/casino-worker.com\/tr\/jammin-jars\/\">Jammin\u2019 Jars\u2019\u0131 \u00fccretsiz oynay\u0131n!<\/a><\/li><\/ul><\/div><div class=\"simple-sitemap-wrap red-tiger-gaming\"><h3 class=\"term-tag\">Red Tiger Gaming<\/h3><p class=\"no-posts\">Sorry, no yaz\u0131lar found.<\/p><\/div><div class=\"simple-sitemap-wrap reel-kingdom\"><h3 class=\"term-tag\">Reel Kingdom<\/h3><p class=\"no-posts\">Sorry, no yaz\u0131lar found.<\/p><\/div><div class=\"simple-sitemap-wrap relax-gaming\"><h3 class=\"term-tag\">Relax Gaming<\/h3><p class=\"no-posts\">Sorry, no yaz\u0131lar found.<\/p><\/div><div class=\"simple-sitemap-wrap simpleplay-game-provider\"><h3 class=\"term-tag\">SimplePlay<\/h3><p class=\"no-posts\">Sorry, no yaz\u0131lar found.<\/p><\/div><div class=\"simple-sitemap-wrap spinomenal\"><h3 class=\"term-tag\">Spinomenal<\/h3><p class=\"no-posts\">Sorry, no yaz\u0131lar found.<\/p><\/div><div class=\"simple-sitemap-wrap spribe\"><h3 class=\"term-tag\">Spribe<\/h3><ul class=\"simple-sitemap-post main\"><li class=\"sitemap-item\"><a href=\"https:\/\/casino-worker.com\/tr\/aviator\/\">Aviator&#8217;\u0131 \u00dccretsiz Oynay\u0131n!<\/a><\/li><\/ul><\/div><div class=\"simple-sitemap-wrap web3\"><h3 class=\"term-tag\">web3<\/h3><ul class=\"simple-sitemap-post main\"><li class=\"sitemap-item\"><a href=\"https:\/\/casino-worker.com\/tr\/bitcoin\/\">Bitcoin Nedir? Temelden Uygulamaya Kadar Kapsaml\u0131 Bir Rehber<\/a><\/li><li class=\"sitemap-item\"><a href=\"https:\/\/casino-worker.com\/tr\/ethereum\/\">Ethereum: Temellerden Gelecek Perspektiflerine Kapsaml\u0131 Bir Rehber<\/a><\/li><li class=\"sitemap-item\"><a href=\"https:\/\/casino-worker.com\/tr\/gamefi\/\">GameFi: Web3 ile Oyun ve Finans\u0131n Yeni \u00c7a\u011f\u0131na Eksiksiz Rehber<\/a><\/li><li class=\"sitemap-item\"><a href=\"https:\/\/casino-worker.com\/tr\/kyc\/\">KYC (Know Your Customer) Nedir?<\/a><\/li><li class=\"sitemap-item\"><a href=\"https:\/\/casino-worker.com\/tr\/what-is-web3\/\">web3: \u0130nternetin Gelece\u011fini Yeniden Tan\u0131mlamak<\/a><\/li><li class=\"sitemap-item\"><a href=\"https:\/\/casino-worker.com\/tr\/web3-casino\/\">Web3&#8217;\u00fcn G\u00fcncel Durumu ve Online Casinolar\u0131n Potansiyeli<\/a><\/li><\/ul><\/div><div class=\"simple-sitemap-wrap web3-game\"><h3 class=\"term-tag\">web3 Game<\/h3><ul class=\"simple-sitemap-post main\"><li class=\"sitemap-item\"><a href=\"https:\/\/casino-worker.com\/tr\/gamefi\/\">GameFi: Web3 ile Oyun ve Finans\u0131n Yeni \u00c7a\u011f\u0131na Eksiksiz Rehber<\/a><\/li><\/ul><\/div><div class=\"simple-sitemap-wrap win-fast\"><h3 class=\"term-tag\">Win Fast<\/h3><ul class=\"simple-sitemap-post main\"><li class=\"sitemap-item\"><a href=\"https:\/\/casino-worker.com\/tr\/hawaiian-dream\/\">Hawaiian Dream&#8217;\u0131 \u00dccretsiz Oynay\u0131n!<\/a><\/li><\/ul><\/div><div class=\"simple-sitemap-wrap yolted\"><h3 class=\"term-tag\">Yolted<\/h3><p class=\"no-posts\">Sorry, no yaz\u0131lar found.<\/p><\/div><\/div><br style=\"clear: both\">\n\n\n<p><\/p>\n","protected":false},"excerpt":{"rendered":"","protected":false},"author":2,"featured_media":0,"parent":0,"menu_order":0,"comment_status":"closed","ping_status":"closed","template":"page-full.php","meta":{"_locale":"tr_TR","_original_post":"https:\/\/casino-worker.com\/?page_id=5722","footnotes":""},"tags":[],"class_list":{"0":"post-5772","1":"page","2":"type-page","3":"status-publish","5":"tr-TR","6":"article"},"_links":{"self":[{"href":"https:\/\/casino-worker.com\/wp-json\/wp\/v2\/pages\/5772","targetHints":{"allow":["GET"]}}],"collection":[{"href":"https:\/\/casino-worker.com\/wp-json\/wp\/v2\/pages"}],"about":[{"href":"https:\/\/casino-worker.com\/wp-json\/wp\/v2\/types\/page"}],"author":[{"embeddable":true,"href":"https:\/\/casino-worker.com\/wp-json\/wp\/v2\/users\/2"}],"replies":[{"embeddable":true,"href":"https:\/\/casino-worker.com\/wp-json\/wp\/v2\/comments?post=5772"}],"version-history":[{"count":0,"href":"https:\/\/casino-worker.com\/wp-json\/wp\/v2\/pages\/5772\/revisions"}],"wp:attachment":[{"href":"https:\/\/casino-worker.com\/wp-json\/wp\/v2\/media?parent=5772"}],"wp:term":[{"taxonomy":"post_tag","embeddable":true,"href":"https:\/\/casino-worker.com\/wp-json\/wp\/v2\/tags?post=5772"}],"curies":[{"name":"wp","href":"https:\/\/api.w.org\/{rel}","templated":true}]}}